{"id":2701,"date":"2020-05-26T16:22:38","date_gmt":"2020-05-26T14:22:38","guid":{"rendered":"http:\/\/www.bigliaspa.it\/services-et-support\/"},"modified":"2023-04-18T21:20:11","modified_gmt":"2023-04-18T19:20:11","slug":"services-et-support","status":"publish","type":"page","link":"https:\/\/www.bigliaspa.it\/fr\/services-et-support\/","title":{"rendered":"Services et Support"},"content":{"rendered":"<p>[vc_row css_animation=&#8221;&#8221; row_type=&#8221;row&#8221; use_row_as_full_screen_section=&#8221;no&#8221; type=&#8221;grid&#8221; angled_section=&#8221;no&#8221; text_align=&#8221;left&#8221; background_image_as_pattern=&#8221;without_pattern&#8221; z_index=&#8221;&#8221; css=&#8221;.vc_custom_1559209717155{padding-top: 80px !important;padding-bottom: 80px !important;background-color: #ffffff !important;}&#8221;][vc_column][vc_column_text]<\/p>\n<h2>Nous sommes pr\u00e9sents dans plus de 15 pays dans le monde entier<\/h2>\n<p>[\/vc_column_text][vc_empty_space height=&#8221;27px&#8221;][vc_row_inner row_type=&#8221;row&#8221; type=&#8221;full_width&#8221; text_align=&#8221;left&#8221; css_animation=&#8221;&#8221;][vc_column_inner width=&#8221;1\/2&#8243;][vc_column_text]Pourquoi souhaitons nous <strong>\u00eatre \u00e0 c\u00f4t\u00e9 des nos clients<\/strong> pour fournir tout le support n\u00e9cessaire<\/p>\n<p>&nbsp;<\/p>\n<p> <strong>SAV et fourniture des pi\u00e8ces d\u00e9tach\u00e9es<\/strong> pour maintenir votre machine dans les conditions optimales[\/vc_column_text][vc_empty_space height=&#8221;30px&#8221;][\/vc_column_inner][vc_column_inner width=&#8221;1\/2&#8243;][vc_column_text]<strong>L\u2019\u00e9quipe d\u2019experts Biglia<\/strong> est l\u00e0 pour vous donner le support pour utiliser au mieux votre machine ou pour la red\u00e9marrer au plus vite<\/p>\n<p>&nbsp;<\/p>\n<p>Le <strong>support de programmation<\/strong> et les conseils pour les probl\u00e8mes d\u2019usinage sont \u00e9galement offerts[\/vc_column_text][vc_column_text][\/vc_column_text][\/vc_column_inner][\/vc_row_inner][vc_column_text]<\/p>\n<h3>NOS SERVICES<\/h3>\n<p>[\/vc_column_text][vc_empty_space height=&#8221;30px&#8221;][vc_row_inner row_type=&#8221;row&#8221; type=&#8221;full_width&#8221; text_align=&#8221;left&#8221; css_animation=&#8221;&#8221;][vc_column_inner width=&#8221;1\/2&#8243;]<div class=\"q_icon_list\"><span aria-hidden=\"true\" class=\"qode_icon_font_elegant icon_chat qode-ili-icon-holder transparent\" style=\"font-size: 24px;color: #20ab64;\" ><\/span><p style=\"font-size: 20px;\">Assistance t\u00e9l\u00e9phonique<\/p><\/div><div class=\"q_icon_list\"><span aria-hidden=\"true\" class=\"qode_icon_font_elegant icon_book qode-ili-icon-holder transparent\" style=\"font-size: 24px;color: #20ab64;\" ><\/span><p style=\"font-size: 20px;\">Stages de formation<\/p><\/div>[\/vc_column_inner][vc_column_inner width=&#8221;1\/2&#8243;]<div class=\"q_icon_list\"><span aria-hidden=\"true\" class=\"qode_icon_font_elegant icon_cog qode-ili-icon-holder transparent\" style=\"font-size: 24px;color: #20ab64;\" ><\/span><p style=\"font-size: 20px;\">Pi\u00e8ces d\u00e9tach\u00e9es toujours en stock<\/p><\/div><div class=\"q_icon_list\"><span aria-hidden=\"true\" class=\"qode_icon_font_elegant icon_cogs qode-ili-icon-holder transparent\" style=\"font-size: 24px;color: #20ab64;\" ><\/span><p style=\"font-size: 20px;\">Support pour les probl\u00e8mes d'usinage<\/p><\/div>[\/vc_column_inner][\/vc_row_inner][\/vc_column][\/vc_row][vc_row css_animation=&#8221;&#8221; row_type=&#8221;row&#8221; use_row_as_full_screen_section=&#8221;no&#8221; type=&#8221;full_width&#8221; angled_section=&#8221;no&#8221; text_align=&#8221;left&#8221; background_image_as_pattern=&#8221;without_pattern&#8221;][vc_column][vc_raw_html]PGlmcmFtZSBzcmM9Imh0dHBzOi8vd3d3Lmdvb2dsZS5jb20vbWFwcy9kL2VtYmVkP21pZD0xN3VjLWtCMjBSaWhEXzhEd004eVlwdko0cWlGVmplayZlaGJjPTJFMzEyRiIgd2lkdGg9IjEwMCUiIGhlaWdodD0iNzUwcHgiPjwvaWZyYW1lPg==[\/vc_raw_html][\/vc_column][\/vc_row][vc_row css_animation=&#8221;&#8221; row_type=&#8221;row&#8221; use_row_as_full_screen_section=&#8221;no&#8221; type=&#8221;grid&#8221; angled_section=&#8221;no&#8221; text_align=&#8221;left&#8221; background_image_as_pattern=&#8221;without_pattern&#8221; css=&#8221;.vc_custom_1572428760477{padding-top: 75px !important;padding-bottom: 75px !important;background-image: url(http:\/\/www.bigliaspa.it\/wp-content\/uploads\/2017\/11\/Annual-H-Parallax.jpg?id=284) !important;background-position: center !important;background-repeat: no-repeat !important;background-size: cover !important;}&#8221; z_index=&#8221;&#8221;][vc_column][vc_row_inner row_type=&#8221;row&#8221; type=&#8221;full_width&#8221; text_align=&#8221;left&#8221; css_animation=&#8221;&#8221;][vc_column_inner width=&#8221;4\/6&#8243;][vc_column_text]<\/p>\n<h2>Besoin de plus d\u2019informations sur les tours<br \/>\nCN<\/h2>\n<p>[\/vc_column_text][\/vc_column_inner][vc_column_inner width=&#8221;2\/6&#8243; css=&#8221;.vc_custom_1572429106665{padding-top: 10px !important;}&#8221;]\n\n\t<a href=\"https:\/\/www.bigliaspa.it\/fr\/contact\/\" target=\"_self\" style=\"color: #ffffff;background-color: #21ab64\" class=\"qode-btn qode-btn-medium qode-btn-solid qode-btn-custom-hover-bg qode-btn-custom-hover-color qode-btn-icon qode-btn-icon-square qode-btn-icon-rotate\" data-hover-bg-color=\"#21ab64\" data-hover-color=\"#ffffff\" >\n\t    <span class=\"qode-btn-text\">Contact<\/span><span class=\"qode-button-v2-icon-holder\" style=\"font-size: 20px;border-color: #3cc880;background-color: #3cc880\" data-hover-icon-border-color=\"#3cc880\"><span aria-hidden=\"true\" class=\"qode_icon_font_elegant icon_mail qode-button-v2-icon-holder-inner\" ><\/span><\/span>\t<\/a>\n\n[\/vc_column_inner][\/vc_row_inner][vc_empty_space height=&#8221;40px&#8221;][\/vc_column][\/vc_row]<\/p>\n","protected":false},"excerpt":{"rendered":"<p>[vc_row css_animation=&#8221;&#8221; row_type=&#8221;row&#8221; use_row_as_full_screen_section=&#8221;no&#8221; type=&#8221;grid&#8221; angled_section=&#8221;no&#8221; text_align=&#8221;left&#8221; background_image_as_pattern=&#8221;without_pattern&#8221; z_index=&#8221;&#8221; css=&#8221;.vc_custom_1559209717155{padding-top: 80px !important;padding-bottom: 80px !important;background-color: #ffffff !important;}&#8221;][vc_column][vc_column_text] Nous sommes pr\u00e9sents dans plus de 15 pays dans le monde entier [\/vc_column_text][vc_empty_space height=&#8221;27px&#8221;][vc_row_inner row_type=&#8221;row&#8221; type=&#8221;full_width&#8221; text_align=&#8221;left&#8221; css_animation=&#8221;&#8221;][vc_column_inner width=&#8221;1\/2&#8243;][vc_column_text]Pourquoi souhaitons nous \u00eatre \u00e0 c\u00f4t\u00e9 des nos clients pour fournir&#8230;<\/p>\n","protected":false},"author":6,"featured_media":0,"parent":0,"menu_order":0,"comment_status":"closed","ping_status":"closed","template":"full_width.php","meta":[],"yoast_head":"<!-- This site is optimized with the Yoast SEO plugin v21.8.1 - https:\/\/yoast.com\/wordpress\/plugins\/seo\/ -->\n<title>Biglia Spa - Centri di tornitura di alta qualit\u00e0 | Vendita &amp; Assistenza<\/title>\n<meta name=\"description\" content=\"Perch\u00e9 vogliamo essere vicini ai nostri clienti per fornire l\u2019assistenza adeguata a tutte le necessit\u00e0 e le richieste. Scopri di pi\u00f9..\" \/>\n<meta name=\"robots\" content=\"index, follow, max-snippet:-1, max-image-preview:large, max-video-preview:-1\" \/>\n<link rel=\"canonical\" href=\"https:\/\/www.bigliaspa.it\/assistenza\/\" \/>\n<meta property=\"og:locale\" content=\"fr_FR\" \/>\n<meta property=\"og:type\" content=\"article\" \/>\n<meta property=\"og:title\" content=\"Biglia Spa - Centri di tornitura di alta qualit\u00e0 | Vendita &amp; Assistenza\" \/>\n<meta property=\"og:description\" content=\"Perch\u00e9 vogliamo essere vicini ai nostri clienti per fornire l\u2019assistenza adeguata a tutte le necessit\u00e0 e le richieste. Scopri di pi\u00f9..\" \/>\n<meta property=\"og:url\" content=\"https:\/\/www.bigliaspa.it\/assistenza\/\" \/>\n<meta property=\"og:site_name\" content=\"Biglia\" \/>\n<meta property=\"article:modified_time\" content=\"2023-04-18T19:20:11+00:00\" \/>\n<meta name=\"twitter:card\" content=\"summary_large_image\" \/>\n<meta name=\"twitter:label1\" content=\"Dur\u00e9e de lecture estim\u00e9e\" \/>\n\t<meta name=\"twitter:data1\" content=\"3 minutes\" \/>\n<script type=\"application\/ld+json\" class=\"yoast-schema-graph\">{\"@context\":\"https:\/\/schema.org\",\"@graph\":[{\"@type\":\"WebPage\",\"@id\":\"https:\/\/www.bigliaspa.it\/assistenza\/\",\"url\":\"https:\/\/www.bigliaspa.it\/assistenza\/\",\"name\":\"Biglia Spa - Centri di tornitura di alta qualit\u00e0 | Vendita & Assistenza\",\"isPartOf\":{\"@id\":\"https:\/\/www.bigliaspa.it\/#website\"},\"datePublished\":\"2020-05-26T14:22:38+00:00\",\"dateModified\":\"2023-04-18T19:20:11+00:00\",\"description\":\"Perch\u00e9 vogliamo essere vicini ai nostri clienti per fornire l\u2019assistenza adeguata a tutte le necessit\u00e0 e le richieste. Scopri di pi\u00f9..\",\"breadcrumb\":{\"@id\":\"https:\/\/www.bigliaspa.it\/assistenza\/#breadcrumb\"},\"inLanguage\":\"fr-FR\",\"potentialAction\":[{\"@type\":\"ReadAction\",\"target\":[\"https:\/\/www.bigliaspa.it\/assistenza\/\"]}]},{\"@type\":\"BreadcrumbList\",\"@id\":\"https:\/\/www.bigliaspa.it\/assistenza\/#breadcrumb\",\"itemListElement\":[{\"@type\":\"ListItem\",\"position\":1,\"name\":\"Home\",\"item\":\"https:\/\/www.bigliaspa.it\/fr\/\"},{\"@type\":\"ListItem\",\"position\":2,\"name\":\"Services et Support\"}]},{\"@type\":\"WebSite\",\"@id\":\"https:\/\/www.bigliaspa.it\/#website\",\"url\":\"https:\/\/www.bigliaspa.it\/\",\"name\":\"Biglia\",\"description\":\"The turning tech\",\"potentialAction\":[{\"@type\":\"SearchAction\",\"target\":{\"@type\":\"EntryPoint\",\"urlTemplate\":\"https:\/\/www.bigliaspa.it\/?s={search_term_string}\"},\"query-input\":\"required name=search_term_string\"}],\"inLanguage\":\"fr-FR\"}]}<\/script>\n<!-- \/ Yoast SEO plugin. -->","yoast_head_json":{"title":"Biglia Spa - Centri di tornitura di alta qualit\u00e0 | Vendita & Assistenza","description":"Perch\u00e9 vogliamo essere vicini ai nostri clienti per fornire l\u2019assistenza adeguata a tutte le necessit\u00e0 e le richieste. Scopri di pi\u00f9..","robots":{"index":"index","follow":"follow","max-snippet":"max-snippet:-1","max-image-preview":"max-image-preview:large","max-video-preview":"max-video-preview:-1"},"canonical":"https:\/\/www.bigliaspa.it\/assistenza\/","og_locale":"fr_FR","og_type":"article","og_title":"Biglia Spa - Centri di tornitura di alta qualit\u00e0 | Vendita & Assistenza","og_description":"Perch\u00e9 vogliamo essere vicini ai nostri clienti per fornire l\u2019assistenza adeguata a tutte le necessit\u00e0 e le richieste. Scopri di pi\u00f9..","og_url":"https:\/\/www.bigliaspa.it\/assistenza\/","og_site_name":"Biglia","article_modified_time":"2023-04-18T19:20:11+00:00","twitter_card":"summary_large_image","twitter_misc":{"Dur\u00e9e de lecture estim\u00e9e":"3 minutes"},"schema":{"@context":"https:\/\/schema.org","@graph":[{"@type":"WebPage","@id":"https:\/\/www.bigliaspa.it\/assistenza\/","url":"https:\/\/www.bigliaspa.it\/assistenza\/","name":"Biglia Spa - Centri di tornitura di alta qualit\u00e0 | Vendita & Assistenza","isPartOf":{"@id":"https:\/\/www.bigliaspa.it\/#website"},"datePublished":"2020-05-26T14:22:38+00:00","dateModified":"2023-04-18T19:20:11+00:00","description":"Perch\u00e9 vogliamo essere vicini ai nostri clienti per fornire l\u2019assistenza adeguata a tutte le necessit\u00e0 e le richieste. Scopri di pi\u00f9..","breadcrumb":{"@id":"https:\/\/www.bigliaspa.it\/assistenza\/#breadcrumb"},"inLanguage":"fr-FR","potentialAction":[{"@type":"ReadAction","target":["https:\/\/www.bigliaspa.it\/assistenza\/"]}]},{"@type":"BreadcrumbList","@id":"https:\/\/www.bigliaspa.it\/assistenza\/#breadcrumb","itemListElement":[{"@type":"ListItem","position":1,"name":"Home","item":"https:\/\/www.bigliaspa.it\/fr\/"},{"@type":"ListItem","position":2,"name":"Services et Support"}]},{"@type":"WebSite","@id":"https:\/\/www.bigliaspa.it\/#website","url":"https:\/\/www.bigliaspa.it\/","name":"Biglia","description":"The turning tech","potentialAction":[{"@type":"SearchAction","target":{"@type":"EntryPoint","urlTemplate":"https:\/\/www.bigliaspa.it\/?s={search_term_string}"},"query-input":"required name=search_term_string"}],"inLanguage":"fr-FR"}]}},"_links":{"self":[{"href":"https:\/\/www.bigliaspa.it\/fr\/wp-json\/wp\/v2\/pages\/2701"}],"collection":[{"href":"https:\/\/www.bigliaspa.it\/fr\/wp-json\/wp\/v2\/pages"}],"about":[{"href":"https:\/\/www.bigliaspa.it\/fr\/wp-json\/wp\/v2\/types\/page"}],"author":[{"embeddable":true,"href":"https:\/\/www.bigliaspa.it\/fr\/wp-json\/wp\/v2\/users\/6"}],"replies":[{"embeddable":true,"href":"https:\/\/www.bigliaspa.it\/fr\/wp-json\/wp\/v2\/comments?post=2701"}],"version-history":[{"count":7,"href":"https:\/\/www.bigliaspa.it\/fr\/wp-json\/wp\/v2\/pages\/2701\/revisions"}],"predecessor-version":[{"id":6060,"href":"https:\/\/www.bigliaspa.it\/fr\/wp-json\/wp\/v2\/pages\/2701\/revisions\/6060"}],"wp:attachment":[{"href":"https:\/\/www.bigliaspa.it\/fr\/wp-json\/wp\/v2\/media?parent=2701"}],"curies":[{"name":"wp","href":"https:\/\/api.w.org\/{rel}","templated":true}]}}