{"id":2694,"date":"2020-05-26T16:09:02","date_gmt":"2020-05-26T14:09:02","guid":{"rendered":"http:\/\/www.bigliaspa.it\/qualite\/"},"modified":"2020-07-29T16:49:40","modified_gmt":"2020-07-29T14:49:40","slug":"qualite","status":"publish","type":"page","link":"https:\/\/www.bigliaspa.it\/fr\/qualite\/","title":{"rendered":"Qualit\u00e9"},"content":{"rendered":"<p>[vc_row css_animation=\u00a0\u00bb\u00a0\u00bb row_type=\u00a0\u00bbrow\u00a0\u00bb use_row_as_full_screen_section=\u00a0\u00bbno\u00a0\u00bb type=\u00a0\u00bbgrid\u00a0\u00bb angled_section=\u00a0\u00bbno\u00a0\u00bb text_align=\u00a0\u00bbleft\u00a0\u00bb background_image_as_pattern=\u00a0\u00bbwithout_pattern\u00a0\u00bb z_index=\u00a0\u00bb\u00a0\u00bb css=\u00a0\u00bb.vc_custom_1559209717155{padding-top: 80px !important;padding-bottom: 80px !important;background-color: #ffffff !important;}\u00a0\u00bb][vc_column][vc_row_inner row_type=\u00a0\u00bbrow\u00a0\u00bb type=\u00a0\u00bbfull_width\u00a0\u00bb text_align=\u00a0\u00bbleft\u00a0\u00bb css_animation=\u00a0\u00bb\u00a0\u00bb][vc_column_inner width=\u00a0\u00bb1\/2&Prime;][vc_column_text]<\/p>\n<h3><strong>Pourquoi Biglia peut garantir la qualit\u00e9 de ses produits?<\/strong><\/h3>\n<p>&nbsp;<\/p>\n<p>La fiabilit\u00e9 et la qualit\u00e9 des produits BIGLIA sont assur\u00e9es par:[\/vc_column_text][vc_empty_space height=\u00a0\u00bb30px\u00a0\u00bb]<div class=\"q_icon_list\"><span aria-hidden=\"true\" class=\"qode_icon_font_elegant icon_like_alt qode-ili-icon-holder circle\" style=\"color: #20ab64;background-color: rgba(255,255,255,0.01);border-color:#3cc87f;border-style:solid;border-width:1px;\" ><\/span><p style=\"\">Des composants d'excellente qualit\u00e9<\/p><\/div><div class=\"q_icon_list\"><span aria-hidden=\"true\" class=\"qode_icon_font_elegant icon_like_alt qode-ili-icon-holder circle\" style=\"color: #20ab64;background-color: rgba(255,255,255,0.01);border-color:#3cc87f;border-style:solid;border-width:1px;\" ><\/span><p style=\"\">Les diff\u00e9rents contr\u00f4les de la fabrication au montage<\/p><\/div>[\/vc_column_inner][vc_column_inner width=\u00a0\u00bb1\/2&Prime;]<div class=\"q_icon_list\"><span aria-hidden=\"true\" class=\"qode_icon_font_elegant icon_like_alt qode-ili-icon-holder circle\" style=\"color: #20ab64;background-color: rgba(255,255,255,0.01);border-color:#3cc87f;border-style:solid;border-width:1px;\" ><\/span><p style=\"\">Les \u00e9tudes et d\u00e9veloppements des composants principaux de nos tours sont r\u00e9alis\u00e9s en interne; cela nous permet de surveiller le fonctionnement et apporter tous changements et\/ou am\u00e9liorations n\u00e9cessaires pour garantir le maximum de performance et fiabilit\u00e9 .<\/p><\/div><div class=\"q_icon_list\"><span aria-hidden=\"true\" class=\"qode_icon_font_elegant icon_like_alt qode-ili-icon-holder circle\" style=\"color: #20ab64;background-color: rgba(255,255,255,0.01);border-color:#3cc87f;border-style:solid;border-width:1px;\" ><\/span><p style=\"\">Nos installations dans l'atelier de production sont int\u00e9gr\u00e9es avec les \u00e9quipements les plus modernes pour faciliter l'optimisation du cycle de production et d'essai.<\/p><\/div>[\/vc_column_inner][\/vc_row_inner][\/vc_column][\/vc_row][vc_row css_animation=\u00a0\u00bb\u00a0\u00bb row_type=\u00a0\u00bbrow\u00a0\u00bb use_row_as_full_screen_section=\u00a0\u00bbno\u00a0\u00bb type=\u00a0\u00bbgrid\u00a0\u00bb angled_section=\u00a0\u00bbno\u00a0\u00bb text_align=\u00a0\u00bbleft\u00a0\u00bb background_image_as_pattern=\u00a0\u00bbwithout_pattern\u00a0\u00bb z_index=\u00a0\u00bb\u00a0\u00bb css=\u00a0\u00bb.vc_custom_1580122964465{margin-top: -30px !important;padding-bottom: 30px !important;background-color: #ffffff !important;}\u00a0\u00bb][vc_column][qode_elements_holder number_of_columns=\u00a0\u00bbone_column\u00a0\u00bb][qode_elements_holder_item advanced_animations=\u00a0\u00bbno\u00a0\u00bb]<div class=\"qode-advanced-image-gallery  qode-aig-grid-type qode-small-space  qode-image-behavior-lightbox \">\n\t<div class=\"qode-aig-inner qode-outer-space qode-aig-grid qode-aig-three-columns\">\n\t\t\t\t\t<div class=\"qode-aig-image qode-item-space\">\n\t\t\t\t<div class=\"qode-aig-image-inner\">\n\t\t\t\t\t\t\t\t\t\t\t<a itemprop=\"image\" class=\"qode-aig-lightbox\" href=\"https:\/\/www.bigliaspa.it\/wp-content\/uploads\/2020\/02\/Biglia-Spa-Reparto-produttivo-copia.jpg\" data-rel=\"prettyPhoto[image_gallery_pretty_photo-710]\" title=\"Biglia-Spa-Reparto-produttivo-copia\">\n\t\t\t\t\t\t\t\t\t\t\t<img width=\"1200\" height=\"628\" src=\"https:\/\/www.bigliaspa.it\/wp-content\/uploads\/2020\/02\/Biglia-Spa-Reparto-produttivo-copia.jpg\" class=\"attachment-full size-full\" alt=\"\" decoding=\"async\" loading=\"lazy\" srcset=\"https:\/\/www.bigliaspa.it\/wp-content\/uploads\/2020\/02\/Biglia-Spa-Reparto-produttivo-copia.jpg 1200w, https:\/\/www.bigliaspa.it\/wp-content\/uploads\/2020\/02\/Biglia-Spa-Reparto-produttivo-copia-300x157.jpg 300w, https:\/\/www.bigliaspa.it\/wp-content\/uploads\/2020\/02\/Biglia-Spa-Reparto-produttivo-copia-1024x536.jpg 1024w, https:\/\/www.bigliaspa.it\/wp-content\/uploads\/2020\/02\/Biglia-Spa-Reparto-produttivo-copia-768x402.jpg 768w, https:\/\/www.bigliaspa.it\/wp-content\/uploads\/2020\/02\/Biglia-Spa-Reparto-produttivo-copia-700x366.jpg 700w\" sizes=\"(max-width: 1200px) 100vw, 1200px\" \/>\t\t\t\t\t\t<span class=\"aig-gallery-hover\">\n\t\t\t\t\t\t\t\t\t\t\t\t\t\t\t<span class=\"icon-arrows-plus\"><\/span> \n\t\t\t\t\t\t\t\t\t\t\t\t\t<\/span>\n\t\t\t\t\t\t\t\t\t\t\t<\/a>\n\t\t\t\t\t\t\t\t\t<\/div>\n\t\t\t<\/div>\n\t\t\t\t\t<div class=\"qode-aig-image qode-item-space\">\n\t\t\t\t<div class=\"qode-aig-image-inner\">\n\t\t\t\t\t\t\t\t\t\t\t<a itemprop=\"image\" class=\"qode-aig-lightbox\" href=\"https:\/\/www.bigliaspa.it\/wp-content\/uploads\/2020\/02\/Reparto-produttivo-Biglia-Spa-copia.jpg\" data-rel=\"prettyPhoto[image_gallery_pretty_photo-710]\" title=\"Reparto-produttivo-Biglia-Spa-copia\">\n\t\t\t\t\t\t\t\t\t\t\t<img width=\"1200\" height=\"628\" src=\"https:\/\/www.bigliaspa.it\/wp-content\/uploads\/2020\/02\/Reparto-produttivo-Biglia-Spa-copia.jpg\" class=\"attachment-full size-full\" alt=\"\" decoding=\"async\" loading=\"lazy\" srcset=\"https:\/\/www.bigliaspa.it\/wp-content\/uploads\/2020\/02\/Reparto-produttivo-Biglia-Spa-copia.jpg 1200w, https:\/\/www.bigliaspa.it\/wp-content\/uploads\/2020\/02\/Reparto-produttivo-Biglia-Spa-copia-300x157.jpg 300w, https:\/\/www.bigliaspa.it\/wp-content\/uploads\/2020\/02\/Reparto-produttivo-Biglia-Spa-copia-1024x536.jpg 1024w, https:\/\/www.bigliaspa.it\/wp-content\/uploads\/2020\/02\/Reparto-produttivo-Biglia-Spa-copia-768x402.jpg 768w, https:\/\/www.bigliaspa.it\/wp-content\/uploads\/2020\/02\/Reparto-produttivo-Biglia-Spa-copia-700x366.jpg 700w\" sizes=\"(max-width: 1200px) 100vw, 1200px\" \/>\t\t\t\t\t\t<span class=\"aig-gallery-hover\">\n\t\t\t\t\t\t\t\t\t\t\t\t\t\t\t<span class=\"icon-arrows-plus\"><\/span> \n\t\t\t\t\t\t\t\t\t\t\t\t\t<\/span>\n\t\t\t\t\t\t\t\t\t\t\t<\/a>\n\t\t\t\t\t\t\t\t\t<\/div>\n\t\t\t<\/div>\n\t\t\t\t\t<div class=\"qode-aig-image qode-item-space\">\n\t\t\t\t<div class=\"qode-aig-image-inner\">\n\t\t\t\t\t\t\t\t\t\t\t<a itemprop=\"image\" class=\"qode-aig-lightbox\" href=\"https:\/\/www.bigliaspa.it\/wp-content\/uploads\/2020\/02\/Reparto-qalita-e-collaudio-Biglia-Spa-copia.jpg\" data-rel=\"prettyPhoto[image_gallery_pretty_photo-710]\" title=\"Reparto-qalita-e-collaudio-Biglia-Spa-copia\">\n\t\t\t\t\t\t\t\t\t\t\t<img width=\"1200\" height=\"628\" src=\"https:\/\/www.bigliaspa.it\/wp-content\/uploads\/2020\/02\/Reparto-qalita-e-collaudio-Biglia-Spa-copia.jpg\" class=\"attachment-full size-full\" alt=\"\" decoding=\"async\" loading=\"lazy\" srcset=\"https:\/\/www.bigliaspa.it\/wp-content\/uploads\/2020\/02\/Reparto-qalita-e-collaudio-Biglia-Spa-copia.jpg 1200w, https:\/\/www.bigliaspa.it\/wp-content\/uploads\/2020\/02\/Reparto-qalita-e-collaudio-Biglia-Spa-copia-300x157.jpg 300w, https:\/\/www.bigliaspa.it\/wp-content\/uploads\/2020\/02\/Reparto-qalita-e-collaudio-Biglia-Spa-copia-1024x536.jpg 1024w, https:\/\/www.bigliaspa.it\/wp-content\/uploads\/2020\/02\/Reparto-qalita-e-collaudio-Biglia-Spa-copia-768x402.jpg 768w, https:\/\/www.bigliaspa.it\/wp-content\/uploads\/2020\/02\/Reparto-qalita-e-collaudio-Biglia-Spa-copia-700x366.jpg 700w\" sizes=\"(max-width: 1200px) 100vw, 1200px\" \/>\t\t\t\t\t\t<span class=\"aig-gallery-hover\">\n\t\t\t\t\t\t\t\t\t\t\t\t\t\t\t<span class=\"icon-arrows-plus\"><\/span> \n\t\t\t\t\t\t\t\t\t\t\t\t\t<\/span>\n\t\t\t\t\t\t\t\t\t\t\t<\/a>\n\t\t\t\t\t\t\t\t\t<\/div>\n\t\t\t<\/div>\n\t\t\t<\/div>\n<\/div>[\/qode_elements_holder_item][\/qode_elements_holder][\/vc_column][\/vc_row][vc_row css_animation=\u00a0\u00bb\u00a0\u00bb row_type=\u00a0\u00bbrow\u00a0\u00bb use_row_as_full_screen_section=\u00a0\u00bbno\u00a0\u00bb type=\u00a0\u00bbfull_width\u00a0\u00bb angled_section=\u00a0\u00bbno\u00a0\u00bb text_align=\u00a0\u00bbleft\u00a0\u00bb background_image_as_pattern=\u00a0\u00bbwithout_pattern\u00a0\u00bb css=\u00a0\u00bb.vc_custom_1572442371630{background-color: #21ab64 !important;background-position: center !important;background-repeat: no-repeat !important;background-size: cover !important;}\u00a0\u00bb z_index=\u00a0\u00bb\u00a0\u00bb][vc_column width=\u00a0\u00bb1\/3&Prime; css=\u00a0\u00bb.vc_custom_1572442488553{padding-top: 314px !important;background-image: url(http:\/\/www.bigliaspa.it\/wp-content\/uploads\/2019\/10\/lavorazione-basamento.jpg?id=787) !important;background-position: center !important;background-repeat: no-repeat !important;background-size: cover !important;}\u00a0\u00bb][\/vc_column][vc_column width=\u00a0\u00bb1\/3&Prime; css=\u00a0\u00bb.vc_custom_1582013852600{padding-top: 314px !important;background-image: url(http:\/\/www.bigliaspa.it\/wp-content\/uploads\/2020\/02\/macchinario-biglia-copia.jpg?id=2451) !important;background-position: center !important;background-repeat: no-repeat !important;background-size: cover !important;}\u00a0\u00bb][\/vc_column][vc_column width=\u00a0\u00bb1\/3&Prime; css=\u00a0\u00bb.vc_custom_1572442319616{padding-top: 85px !important;padding-right: 60px !important;padding-bottom: 85px !important;padding-left: 60px !important;background-color: #21ab64 !important;background-position: center !important;background-repeat: no-repeat !important;background-size: cover !important;}\u00a0\u00bb][vc_column_text]<\/p>\n<h5><span style=\"color: #ffffff;\">\u201cDepuis longtemps Biglia d\u00e9veloppe et produit une gamme de centres de tournage multifonctionnels, multi-tourelles et 4.0 Ready \u00e0 m\u00eame de satisfaire toutes les exigences d&rsquo;usinage de la client\u00e8le\u201d<\/span><\/h5>\n<h4><\/h4>\n<h4 style=\"text-align: right;\"><strong><span style=\"color: #102e50;\"><em>Mauro Biglia<\/em><\/span><\/strong><\/h4>\n<p>[\/vc_column_text][\/vc_column][\/vc_row][vc_row css_animation=\u00a0\u00bb\u00a0\u00bb row_type=\u00a0\u00bbrow\u00a0\u00bb use_row_as_full_screen_section=\u00a0\u00bbno\u00a0\u00bb type=\u00a0\u00bbgrid\u00a0\u00bb angled_section=\u00a0\u00bbno\u00a0\u00bb text_align=\u00a0\u00bbleft\u00a0\u00bb background_image_as_pattern=\u00a0\u00bbwithout_pattern\u00a0\u00bb css=\u00a0\u00bb.vc_custom_1572428760477{padding-top: 75px !important;padding-bottom: 75px !important;background-image: url(http:\/\/www.bigliaspa.it\/wp-content\/uploads\/2017\/11\/Annual-H-Parallax.jpg?id=284) !important;background-position: center !important;background-repeat: no-repeat !important;background-size: cover !important;}\u00a0\u00bb z_index=\u00a0\u00bb\u00a0\u00bb][vc_column][vc_row_inner row_type=\u00a0\u00bbrow\u00a0\u00bb type=\u00a0\u00bbfull_width\u00a0\u00bb text_align=\u00a0\u00bbleft\u00a0\u00bb css_animation=\u00a0\u00bb\u00a0\u00bb][vc_column_inner width=\u00a0\u00bb4\/6&Prime;][vc_column_text]<\/p>\n<h2>Besoin de plus d&rsquo;informations sur les tours CN<\/h2>\n<p>[\/vc_column_text][\/vc_column_inner][vc_column_inner width=\u00a0\u00bb2\/6&Prime; css=\u00a0\u00bb.vc_custom_1572429106665{padding-top: 10px !important;}\u00a0\u00bb]\n\n\t<a href=\"https:\/\/www.bigliaspa.it\/fr\/contact\/\" target=\"_self\" style=\"color: #ffffff;background-color: #21ab64\" class=\"qode-btn qode-btn-medium qode-btn-solid qode-btn-custom-hover-bg qode-btn-custom-hover-color qode-btn-icon qode-btn-icon-square qode-btn-icon-rotate\" data-hover-bg-color=\"#21ab64\" data-hover-color=\"#ffffff\" >\n\t    <span class=\"qode-btn-text\">Contact<\/span><span class=\"qode-button-v2-icon-holder\" style=\"font-size: 20px;border-color: #3cc880;background-color: #3cc880\" data-hover-icon-border-color=\"#3cc880\"><span aria-hidden=\"true\" class=\"qode_icon_font_elegant icon_mail qode-button-v2-icon-holder-inner\" ><\/span><\/span>\t<\/a>\n\n[\/vc_column_inner][\/vc_row_inner][vc_empty_space height=\u00a0\u00bb40px\u00a0\u00bb][\/vc_column][\/vc_row]<\/p>\n","protected":false},"excerpt":{"rendered":"<p>[vc_row css_animation=\u00a0\u00bb\u00a0\u00bb row_type=\u00a0\u00bbrow\u00a0\u00bb use_row_as_full_screen_section=\u00a0\u00bbno\u00a0\u00bb type=\u00a0\u00bbgrid\u00a0\u00bb angled_section=\u00a0\u00bbno\u00a0\u00bb text_align=\u00a0\u00bbleft\u00a0\u00bb background_image_as_pattern=\u00a0\u00bbwithout_pattern\u00a0\u00bb z_index=\u00a0\u00bb\u00a0\u00bb css=\u00a0\u00bb.vc_custom_1559209717155{padding-top: 80px !important;padding-bottom: 80px !important;background-color: #ffffff !important;}\u00a0\u00bb][vc_column][vc_row_inner row_type=\u00a0\u00bbrow\u00a0\u00bb type=\u00a0\u00bbfull_width\u00a0\u00bb text_align=\u00a0\u00bbleft\u00a0\u00bb css_animation=\u00a0\u00bb\u00a0\u00bb][vc_column_inner width=\u00a0\u00bb1\/2&Prime;][vc_column_text] Pourquoi Biglia peut garantir la qualit\u00e9 de ses produits? &nbsp; La fiabilit\u00e9 et la qualit\u00e9 des produits BIGLIA sont assur\u00e9es par:[\/vc_column_text][vc_empty_space height=\u00a0\u00bb30px\u00a0\u00bb][\/vc_column_inner][vc_column_inner width=\u00a0\u00bb1\/2&Prime;][\/vc_column_inner][\/vc_row_inner][\/vc_column][\/vc_row][vc_row css_animation=\u00a0\u00bb\u00a0\u00bb&#8230;<\/p>\n","protected":false},"author":6,"featured_media":0,"parent":0,"menu_order":0,"comment_status":"closed","ping_status":"closed","template":"full_width.php","meta":[],"yoast_head":"<!-- This site is optimized with the Yoast SEO plugin v21.8.1 - https:\/\/yoast.com\/wordpress\/plugins\/seo\/ -->\n<title>Qualit\u00e9 - Biglia<\/title>\n<meta name=\"robots\" content=\"index, follow, max-snippet:-1, max-image-preview:large, max-video-preview:-1\" \/>\n<link rel=\"canonical\" href=\"https:\/\/www.bigliaspa.it\/fr\/qualite\/\" \/>\n<meta property=\"og:locale\" content=\"fr_FR\" \/>\n<meta property=\"og:type\" content=\"article\" \/>\n<meta property=\"og:title\" content=\"Qualit\u00e9 - Biglia\" \/>\n<meta property=\"og:description\" content=\"[vc_row css_animation=\u00a0\u00bb\u00a0\u00bb row_type=\u00a0\u00bbrow\u00a0\u00bb use_row_as_full_screen_section=\u00a0\u00bbno\u00a0\u00bb type=\u00a0\u00bbgrid\u00a0\u00bb angled_section=\u00a0\u00bbno\u00a0\u00bb text_align=\u00a0\u00bbleft\u00a0\u00bb background_image_as_pattern=\u00a0\u00bbwithout_pattern\u00a0\u00bb z_index=\u00a0\u00bb\u00a0\u00bb css=\u00a0\u00bb.vc_custom_1559209717155{padding-top: 80px !important;padding-bottom: 80px !important;background-color: #ffffff !important;}\u00a0\u00bb][vc_column][vc_row_inner row_type=\u00a0\u00bbrow\u00a0\u00bb type=\u00a0\u00bbfull_width\u00a0\u00bb text_align=\u00a0\u00bbleft\u00a0\u00bb css_animation=\u00a0\u00bb\u00a0\u00bb][vc_column_inner width=\u00a0\u00bb1\/2&Prime;][vc_column_text] Pourquoi Biglia peut garantir la qualit\u00e9 de ses produits? &nbsp; La fiabilit\u00e9 et la qualit\u00e9 des produits BIGLIA sont assur\u00e9es par:[\/vc_column_text][vc_empty_space height=\u00a0\u00bb30px\u00a0\u00bb][\/vc_column_inner][vc_column_inner width=\u00a0\u00bb1\/2&Prime;][\/vc_column_inner][\/vc_row_inner][\/vc_column][\/vc_row][vc_row css_animation=\u00a0\u00bb\u00a0\u00bb...\" \/>\n<meta property=\"og:url\" content=\"https:\/\/www.bigliaspa.it\/fr\/qualite\/\" \/>\n<meta property=\"og:site_name\" content=\"Biglia\" \/>\n<meta property=\"article:modified_time\" content=\"2020-07-29T14:49:40+00:00\" \/>\n<meta name=\"twitter:card\" content=\"summary_large_image\" \/>\n<meta name=\"twitter:label1\" content=\"Dur\u00e9e de lecture estim\u00e9e\" \/>\n\t<meta name=\"twitter:data1\" content=\"4 minutes\" \/>\n<script type=\"application\/ld+json\" class=\"yoast-schema-graph\">{\"@context\":\"https:\/\/schema.org\",\"@graph\":[{\"@type\":\"WebPage\",\"@id\":\"https:\/\/www.bigliaspa.it\/fr\/qualite\/\",\"url\":\"https:\/\/www.bigliaspa.it\/fr\/qualite\/\",\"name\":\"Qualit\u00e9 - Biglia\",\"isPartOf\":{\"@id\":\"https:\/\/www.bigliaspa.it\/#website\"},\"datePublished\":\"2020-05-26T14:09:02+00:00\",\"dateModified\":\"2020-07-29T14:49:40+00:00\",\"breadcrumb\":{\"@id\":\"https:\/\/www.bigliaspa.it\/fr\/qualite\/#breadcrumb\"},\"inLanguage\":\"fr-FR\",\"potentialAction\":[{\"@type\":\"ReadAction\",\"target\":[\"https:\/\/www.bigliaspa.it\/fr\/qualite\/\"]}]},{\"@type\":\"BreadcrumbList\",\"@id\":\"https:\/\/www.bigliaspa.it\/fr\/qualite\/#breadcrumb\",\"itemListElement\":[{\"@type\":\"ListItem\",\"position\":1,\"name\":\"Home\",\"item\":\"https:\/\/www.bigliaspa.it\/fr\/\"},{\"@type\":\"ListItem\",\"position\":2,\"name\":\"Qualit\u00e9\"}]},{\"@type\":\"WebSite\",\"@id\":\"https:\/\/www.bigliaspa.it\/#website\",\"url\":\"https:\/\/www.bigliaspa.it\/\",\"name\":\"Biglia\",\"description\":\"The turning tech\",\"potentialAction\":[{\"@type\":\"SearchAction\",\"target\":{\"@type\":\"EntryPoint\",\"urlTemplate\":\"https:\/\/www.bigliaspa.it\/?s={search_term_string}\"},\"query-input\":\"required name=search_term_string\"}],\"inLanguage\":\"fr-FR\"}]}<\/script>\n<!-- \/ Yoast SEO plugin. -->","yoast_head_json":{"title":"Qualit\u00e9 - Biglia","robots":{"index":"index","follow":"follow","max-snippet":"max-snippet:-1","max-image-preview":"max-image-preview:large","max-video-preview":"max-video-preview:-1"},"canonical":"https:\/\/www.bigliaspa.it\/fr\/qualite\/","og_locale":"fr_FR","og_type":"article","og_title":"Qualit\u00e9 - Biglia","og_description":"[vc_row css_animation=\u00a0\u00bb\u00a0\u00bb row_type=\u00a0\u00bbrow\u00a0\u00bb use_row_as_full_screen_section=\u00a0\u00bbno\u00a0\u00bb type=\u00a0\u00bbgrid\u00a0\u00bb angled_section=\u00a0\u00bbno\u00a0\u00bb text_align=\u00a0\u00bbleft\u00a0\u00bb background_image_as_pattern=\u00a0\u00bbwithout_pattern\u00a0\u00bb z_index=\u00a0\u00bb\u00a0\u00bb css=\u00a0\u00bb.vc_custom_1559209717155{padding-top: 80px !important;padding-bottom: 80px !important;background-color: #ffffff !important;}\u00a0\u00bb][vc_column][vc_row_inner row_type=\u00a0\u00bbrow\u00a0\u00bb type=\u00a0\u00bbfull_width\u00a0\u00bb text_align=\u00a0\u00bbleft\u00a0\u00bb css_animation=\u00a0\u00bb\u00a0\u00bb][vc_column_inner width=\u00a0\u00bb1\/2&Prime;][vc_column_text] Pourquoi Biglia peut garantir la qualit\u00e9 de ses produits? &nbsp; La fiabilit\u00e9 et la qualit\u00e9 des produits BIGLIA sont assur\u00e9es par:[\/vc_column_text][vc_empty_space height=\u00a0\u00bb30px\u00a0\u00bb][\/vc_column_inner][vc_column_inner width=\u00a0\u00bb1\/2&Prime;][\/vc_column_inner][\/vc_row_inner][\/vc_column][\/vc_row][vc_row css_animation=\u00a0\u00bb\u00a0\u00bb...","og_url":"https:\/\/www.bigliaspa.it\/fr\/qualite\/","og_site_name":"Biglia","article_modified_time":"2020-07-29T14:49:40+00:00","twitter_card":"summary_large_image","twitter_misc":{"Dur\u00e9e de lecture estim\u00e9e":"4 minutes"},"schema":{"@context":"https:\/\/schema.org","@graph":[{"@type":"WebPage","@id":"https:\/\/www.bigliaspa.it\/fr\/qualite\/","url":"https:\/\/www.bigliaspa.it\/fr\/qualite\/","name":"Qualit\u00e9 - Biglia","isPartOf":{"@id":"https:\/\/www.bigliaspa.it\/#website"},"datePublished":"2020-05-26T14:09:02+00:00","dateModified":"2020-07-29T14:49:40+00:00","breadcrumb":{"@id":"https:\/\/www.bigliaspa.it\/fr\/qualite\/#breadcrumb"},"inLanguage":"fr-FR","potentialAction":[{"@type":"ReadAction","target":["https:\/\/www.bigliaspa.it\/fr\/qualite\/"]}]},{"@type":"BreadcrumbList","@id":"https:\/\/www.bigliaspa.it\/fr\/qualite\/#breadcrumb","itemListElement":[{"@type":"ListItem","position":1,"name":"Home","item":"https:\/\/www.bigliaspa.it\/fr\/"},{"@type":"ListItem","position":2,"name":"Qualit\u00e9"}]},{"@type":"WebSite","@id":"https:\/\/www.bigliaspa.it\/#website","url":"https:\/\/www.bigliaspa.it\/","name":"Biglia","description":"The turning tech","potentialAction":[{"@type":"SearchAction","target":{"@type":"EntryPoint","urlTemplate":"https:\/\/www.bigliaspa.it\/?s={search_term_string}"},"query-input":"required name=search_term_string"}],"inLanguage":"fr-FR"}]}},"_links":{"self":[{"href":"https:\/\/www.bigliaspa.it\/fr\/wp-json\/wp\/v2\/pages\/2694"}],"collection":[{"href":"https:\/\/www.bigliaspa.it\/fr\/wp-json\/wp\/v2\/pages"}],"about":[{"href":"https:\/\/www.bigliaspa.it\/fr\/wp-json\/wp\/v2\/types\/page"}],"author":[{"embeddable":true,"href":"https:\/\/www.bigliaspa.it\/fr\/wp-json\/wp\/v2\/users\/6"}],"replies":[{"embeddable":true,"href":"https:\/\/www.bigliaspa.it\/fr\/wp-json\/wp\/v2\/comments?post=2694"}],"version-history":[{"count":2,"href":"https:\/\/www.bigliaspa.it\/fr\/wp-json\/wp\/v2\/pages\/2694\/revisions"}],"predecessor-version":[{"id":3280,"href":"https:\/\/www.bigliaspa.it\/fr\/wp-json\/wp\/v2\/pages\/2694\/revisions\/3280"}],"wp:attachment":[{"href":"https:\/\/www.bigliaspa.it\/fr\/wp-json\/wp\/v2\/media?parent=2694"}],"curies":[{"name":"wp","href":"https:\/\/api.w.org\/{rel}","templated":true}]}}