{"id":2675,"date":"2020-05-26T14:34:59","date_gmt":"2020-05-26T12:34:59","guid":{"rendered":"http:\/\/www.bigliaspa.it\/historique\/"},"modified":"2020-05-26T14:34:59","modified_gmt":"2020-05-26T12:34:59","slug":"historique","status":"publish","type":"page","link":"https:\/\/www.bigliaspa.it\/fr\/historique\/","title":{"rendered":"HISTORIQUE"},"content":{"rendered":"<p>[vc_row css_animation=\u00a0\u00bb\u00a0\u00bb row_type=\u00a0\u00bbrow\u00a0\u00bb use_row_as_full_screen_section=\u00a0\u00bbno\u00a0\u00bb type=\u00a0\u00bbfull_width\u00a0\u00bb angled_section=\u00a0\u00bbno\u00a0\u00bb text_align=\u00a0\u00bbleft\u00a0\u00bb background_image_as_pattern=\u00a0\u00bbwithout_pattern\u00a0\u00bb][vc_column][vc_row_inner row_type=\u00a0\u00bbrow\u00a0\u00bb type=\u00a0\u00bbfull_width\u00a0\u00bb text_align=\u00a0\u00bbleft\u00a0\u00bb css_animation=\u00a0\u00bb\u00a0\u00bb][vc_column_inner][vc_single_image image=\u00a0\u00bb1422&Prime; img_size=\u00a0\u00bb80&#215;80&Prime; alignment=\u00a0\u00bbcenter\u00a0\u00bb qode_css_animation=\u00a0\u00bb\u00a0\u00bb][vc_column_text]<\/p>\n<h2 style=\"text-align: center;\">Les \u00e9tapes principales de l&rsquo;\u00e9volution Biglia<\/h2>\n<p>[\/vc_column_text][\/vc_column_inner][\/vc_row_inner][vc_column_text]<!========= Cool Timeline PRO 3.2 =========><div style=\"opacity:0;\" \n    data-showposts=\"40\"\n     class=\"cool_timeline cool-timeline-wrapper both-sided-wrapper white-timeline-wrapper main-default\" \n     id=\"tm-default-default-13\"  \n     data-pagination=\"yes\"  \n     data-pagination-position=\"right\"><div class=\"cool-timeline ultimate-style  white-timeline\"><div  class=\"filter-preloaders\"><img src=\"https:\/\/www.bigliaspa.it\/wp-content\/plugins\/cool-timeline-pro\/\/assets\/images\/clt-compact-preloader.gif\"><\/div><div data-animations=\"none\"  id=\"timeline-timeline-stories\" class=\"cooltimeline_cont  clearfix icons_no\"><div data-cls=\"sc-nv-default white-timeline\" class=\"timeline-year scrollable-section default-year\"data-section-title=\"2018\" id=\"year-2018\"><span  class=\"ctl-timeline-date\">2018<\/span><\/div><!-- .timeline-post-start--><div   data-alternate=\"0\" id=\"story-2678\" class=\"timeline-post even light-grey-post icons_no post-2678  default-meta\"><div   data-aos=\"none\" class=\"timeline-meta\"><div class=\"meta-details\"><\/div><\/div><div  data-aos=\"none\" class=\"timeline-icon icon-dot-full default-dot\"><div class=\"timeline-bar\"><\/div><\/div><div  data-aos=\"none\"  class=\"timeline-content  clearfix even  full default-content \"><h2 class=\"content-title\">2018<\/h2><div class=\"ctl_info event-description full\"><div class=\"content-details\"><p>2018: Le B620 repr\u00e9sente la derni\u00e8re d\u00e9clinaison mise au point par Biglia, \u00e9quip\u00e9 avec une tourelle \u00e0 15 postes.<\/p><\/div><\/div><\/div><!-- timeline content --><\/div>\n        <!-- .timeline-post-end --><div data-cls=\"sc-nv-default white-timeline\" class=\"timeline-year scrollable-section default-year\"data-section-title=\"2013\" id=\"year-2013\"><span  class=\"ctl-timeline-date\">2013<\/span><\/div><!-- .timeline-post-start--><div   data-alternate=\"1\" id=\"story-2679\" class=\"timeline-post odd light-grey-post icons_no post-2679 story-cat-20  default-meta\"><div   data-aos=\"none\" class=\"timeline-meta\"><div class=\"meta-details\"><\/div><\/div><div  data-aos=\"none\" class=\"timeline-icon icon-dot-full default-dot\"><div class=\"timeline-bar\"><\/div><\/div><div  data-aos=\"none\"  class=\"timeline-content  clearfix odd  full default-content \"><h2 class=\"content-title\">2013<\/h2><div class=\"ctl_info event-description full\"><div class=\"content-details\"><p>2013: Les centres de tournage B750-B1250 \u00e9quip\u00e9s avec une tourelle \u00e0 16 postes et la transmission directe des outils tournants.<\/p><\/div><\/div><\/div><!-- timeline content --><\/div>\n        <!-- .timeline-post-end --><div data-cls=\"sc-nv-default white-timeline\" class=\"timeline-year scrollable-section default-year\"data-section-title=\"2010\" id=\"year-2010\"><span  class=\"ctl-timeline-date\">2010<\/span><\/div><!-- .timeline-post-start--><div   data-alternate=\"2\" id=\"story-2680\" class=\"timeline-post even light-grey-post icons_no post-2680 story-cat-20  default-meta\"><div   data-aos=\"none\" class=\"timeline-meta\"><div class=\"meta-details\"><\/div><\/div><div  data-aos=\"none\" class=\"timeline-icon icon-dot-full default-dot\"><div class=\"timeline-bar\"><\/div><\/div><div  data-aos=\"none\"  class=\"timeline-content  clearfix even  full default-content \"><h2 class=\"content-title\">2010<\/h2><div class=\"ctl_info event-description full\"><div class=\"content-details\"><p>2010: Le B438 Y2 est le nouveau centre de tournage compact \u00e9quip\u00e9 avec deux tourelles et deux broches.<\/p><\/div><\/div><\/div><!-- timeline content --><\/div>\n        <!-- .timeline-post-end --><div data-cls=\"sc-nv-default white-timeline\" class=\"timeline-year scrollable-section default-year\"data-section-title=\"2008\" id=\"year-2008\"><span  class=\"ctl-timeline-date\">2008<\/span><\/div><!-- .timeline-post-start--><div   data-alternate=\"3\" id=\"story-2681\" class=\"timeline-post odd light-grey-post icons_no post-2681 story-cat-20  default-meta\"><div   data-aos=\"none\" class=\"timeline-meta\"><div class=\"meta-details\"><\/div><\/div><div  data-aos=\"none\" class=\"timeline-icon icon-dot-full default-dot\"><div class=\"timeline-bar\"><\/div><\/div><div  data-aos=\"none\"  class=\"timeline-content  clearfix odd  full default-content \"><h2 class=\"content-title\">2008<\/h2><div class=\"ctl_info event-description full\"><div class=\"content-details\"><p>2008: la pr\u00e9sentation de la gamme de tours B446 \/ B465 compl\u00e8te la 3\u00e8me g\u00e9n\u00e9ration de tours \u201cQUATTRO2\u201d.<\/p><\/div><\/div><\/div><!-- timeline content --><\/div>\n        <!-- .timeline-post-end --><div data-cls=\"sc-nv-default white-timeline\" class=\"timeline-year scrollable-section default-year\"data-section-title=\"2006\" id=\"year-2006\"><span  class=\"ctl-timeline-date\">2006<\/span><\/div><!-- .timeline-post-start--><div   data-alternate=\"4\" id=\"story-2682\" class=\"timeline-post even light-grey-post icons_no post-2682 story-cat-20  default-meta\"><div   data-aos=\"none\" class=\"timeline-meta\"><div class=\"meta-details\"><\/div><\/div><div  data-aos=\"none\" class=\"timeline-icon icon-dot-full default-dot\"><div class=\"timeline-bar\"><\/div><\/div><div  data-aos=\"none\"  class=\"timeline-content  clearfix even  full default-content \"><h2 class=\"content-title\">2006<\/h2><div class=\"ctl_info event-description full\"><div class=\"content-details\"><p>2006: centre de tournage et fraisage multifonctionnel SMART TURN.<\/p><\/div><\/div><\/div><!-- timeline content --><\/div>\n        <!-- .timeline-post-end --><div data-cls=\"sc-nv-default white-timeline\" class=\"timeline-year scrollable-section default-year\"data-section-title=\"2004\" id=\"year-2004\"><span  class=\"ctl-timeline-date\">2004<\/span><\/div><!-- .timeline-post-start--><div   data-alternate=\"5\" id=\"story-2683\" class=\"timeline-post odd light-grey-post icons_no post-2683 story-cat-20  default-meta\"><div   data-aos=\"none\" class=\"timeline-meta\"><div class=\"meta-details\"><\/div><\/div><div  data-aos=\"none\" class=\"timeline-icon icon-dot-full default-dot\"><div class=\"timeline-bar\"><\/div><\/div><div  data-aos=\"none\"  class=\"timeline-content  clearfix odd  full default-content \"><h2 class=\"content-title\">2004<\/h2><div class=\"ctl_info event-description full\"><div class=\"content-details\"><p>2004 r\u00e9alisation du centre de tournage 765 Y3 \u00e9quip\u00e9 de trois tourelles et trois axes Y<\/p><\/div><\/div><\/div><!-- timeline content --><\/div>\n        <!-- .timeline-post-end --><div data-cls=\"sc-nv-default white-timeline\" class=\"timeline-year scrollable-section default-year\"data-section-title=\"2000\" id=\"year-2000\"><span  class=\"ctl-timeline-date\">2000<\/span><\/div><!-- .timeline-post-start--><div   data-alternate=\"6\" id=\"story-2684\" class=\"timeline-post even light-grey-post icons_no post-2684 story-cat-20  default-meta\"><div   data-aos=\"none\" class=\"timeline-meta\"><div class=\"meta-details\"><\/div><\/div><div  data-aos=\"none\" class=\"timeline-icon icon-dot-full default-dot\"><div class=\"timeline-bar\"><\/div><\/div><div  data-aos=\"none\"  class=\"timeline-content  clearfix even  full default-content \"><h2 class=\"content-title\">2000<\/h2><div class=\"ctl_info event-description full\"><div class=\"content-details\"><p>2000 pr\u00e9sentation de la 2\u00e8me g\u00e9n\u00e9ration de la gamme de tours QUATTRO: les B445- B470 \u00e9quip\u00e9s de l&rsquo;axe Y.<\/p><\/div><\/div><\/div><!-- timeline content --><\/div>\n        <!-- .timeline-post-end --><div data-cls=\"sc-nv-default white-timeline\" class=\"timeline-year scrollable-section default-year\"data-section-title=\"1998\" id=\"year-1998\"><span  class=\"ctl-timeline-date\">1998<\/span><\/div><!-- .timeline-post-start--><div   data-alternate=\"7\" id=\"story-2685\" class=\"timeline-post odd light-grey-post icons_no post-2685 story-cat-20  default-meta\"><div   data-aos=\"none\" class=\"timeline-meta\"><div class=\"meta-details\"><\/div><\/div><div  data-aos=\"none\" class=\"timeline-icon icon-dot-full default-dot\"><div class=\"timeline-bar\"><\/div><\/div><div  data-aos=\"none\"  class=\"timeline-content  clearfix odd  full default-content \"><h2 class=\"content-title\">1998<\/h2><div class=\"ctl_info event-description full\"><div class=\"content-details\"><p>1998 sortie du mod\u00e8le B 301, un petit tour pour le tournage en barre et en mandrin \u00e0 vitesse \u00e9lev\u00e9e.<\/p><\/div><\/div><\/div><!-- timeline content --><\/div>\n        <!-- .timeline-post-end --><div data-cls=\"sc-nv-default white-timeline\" class=\"timeline-year scrollable-section default-year\"data-section-title=\"1997\" id=\"year-1997\"><span  class=\"ctl-timeline-date\">1997<\/span><\/div><!-- .timeline-post-start--><div   data-alternate=\"8\" id=\"story-2686\" class=\"timeline-post even light-grey-post icons_no post-2686 story-cat-20  default-meta\"><div   data-aos=\"none\" class=\"timeline-meta\"><div class=\"meta-details\"><\/div><\/div><div  data-aos=\"none\" class=\"timeline-icon icon-dot-full default-dot\"><div class=\"timeline-bar\"><\/div><\/div><div  data-aos=\"none\"  class=\"timeline-content  clearfix even  full default-content \"><h2 class=\"content-title\">1997<\/h2><div class=\"ctl_info event-description full\"><div class=\"content-details\"><p>1997 introduction sur le march\u00e9 de la premi\u00e8re machine \u00e9quip\u00e9e de l&rsquo;axe Y (B501Y-YS).<\/p><\/div><\/div><\/div><!-- timeline content --><\/div>\n        <!-- .timeline-post-end --><div data-cls=\"sc-nv-default white-timeline\" class=\"timeline-year scrollable-section default-year\"data-section-title=\"1990\" id=\"year-1990\"><span  class=\"ctl-timeline-date\">1990<\/span><\/div><!-- .timeline-post-start--><div   data-alternate=\"9\" id=\"story-2687\" class=\"timeline-post odd light-grey-post icons_no post-2687 story-cat-20  default-meta\"><div   data-aos=\"none\" class=\"timeline-meta\"><div class=\"meta-details\"><\/div><\/div><div  data-aos=\"none\" class=\"timeline-icon icon-dot-full default-dot\"><div class=\"timeline-bar\"><\/div><\/div><div  data-aos=\"none\"  class=\"timeline-content  clearfix odd  full default-content \"><h2 class=\"content-title\">1990<\/h2><div class=\"ctl_info event-description full\"><div class=\"content-details\"><p>1990: les premiers tours de la famille QUATTRO sont introduits sur le march\u00e9: les B42-B56 \u00e9quip\u00e9s avec deux tourelles et la contre-broche. Ces tours repr\u00e9sentent la solution id\u00e9ale pour l&rsquo;usinage complet en barre.<\/p><\/div><\/div><\/div><!-- timeline content --><\/div>\n        <!-- .timeline-post-end --><div data-cls=\"sc-nv-default white-timeline\" class=\"timeline-year scrollable-section default-year\"data-section-title=\"1985\" id=\"year-1985\"><span  class=\"ctl-timeline-date\">1985<\/span><\/div><!-- .timeline-post-start--><div   data-alternate=\"10\" id=\"story-2688\" class=\"timeline-post even light-grey-post icons_no post-2688 story-cat-20  default-meta\"><div   data-aos=\"none\" class=\"timeline-meta\"><div class=\"meta-details\"><\/div><\/div><div  data-aos=\"none\" class=\"timeline-icon icon-dot-full default-dot\"><div class=\"timeline-bar\"><\/div><\/div><div  data-aos=\"none\"  class=\"timeline-content  clearfix even  full default-content \"><h2 class=\"content-title\">1985<\/h2><div class=\"ctl_info event-description full\"><div class=\"content-details\"><p>1985 Biglia se lance dans la fabrication de machines sp\u00e9ciales pour le secteur de l&rsquo;automobile, parfois \u00e9quip\u00e9es de chargeurs automatiques.<\/p><\/div><\/div><\/div><!-- timeline content --><\/div>\n        <!-- .timeline-post-end --><div data-cls=\"sc-nv-default white-timeline\" class=\"timeline-year scrollable-section default-year\"data-section-title=\"1980\" id=\"year-1980\"><span  class=\"ctl-timeline-date\">1980<\/span><\/div><!-- .timeline-post-start--><div   data-alternate=\"11\" id=\"story-2689\" class=\"timeline-post odd light-grey-post icons_no post-2689 story-cat-20  default-meta\"><div   data-aos=\"none\" class=\"timeline-meta\"><div class=\"meta-details\"><\/div><\/div><div  data-aos=\"none\" class=\"timeline-icon icon-dot-full default-dot\"><div class=\"timeline-bar\"><\/div><\/div><div  data-aos=\"none\"  class=\"timeline-content  clearfix odd  full default-content \"><h2 class=\"content-title\">1980<\/h2><div class=\"ctl_info event-description full\"><div class=\"content-details\"><p>1980 Le tour B130 avec la commande num\u00e9rique et le premier chargeur robot \u00e0 portique marque le passage \u00e0 la programmation \u00e0 CN.<\/p><\/div><\/div><\/div><!-- timeline content --><\/div>\n        <!-- .timeline-post-end --><!-- .timeline-post-start--><div   data-alternate=\"12\" id=\"story-2690\" class=\"timeline-post even light-grey-post icons_no post-2690 story-cat-20  default-meta\"><div   data-aos=\"none\" class=\"timeline-meta\"><div class=\"meta-details\"><\/div><\/div><div  data-aos=\"none\" class=\"timeline-icon icon-dot-full default-dot\"><div class=\"timeline-bar\"><\/div><\/div><div  data-aos=\"none\"  class=\"timeline-content  clearfix even  full default-content \"><h2 class=\"content-title\">Ann\u00e9es 80<\/h2><div class=\"ctl_info event-description full\"><div class=\"content-details\"><p>Au d\u00e9but des ann\u00e9es 80 le mod\u00e8le B131 permet l&rsquo;introduction de la contre-broche motoris\u00e9e ainsi que de la tourelle avec les outils tournants<\/p><\/div><\/div><\/div><!-- timeline content --><\/div>\n        <!-- .timeline-post-end --><div data-cls=\"sc-nv-default white-timeline\" class=\"timeline-year scrollable-section default-year\"data-section-title=\"1970\" id=\"year-1970\"><span  class=\"ctl-timeline-date\">1970<\/span><\/div><!-- .timeline-post-start--><div   data-alternate=\"13\" id=\"story-2691\" class=\"timeline-post odd light-grey-post icons_no post-2691 story-cat-20  default-meta\"><div   data-aos=\"none\" class=\"timeline-meta\"><div class=\"meta-details\"><\/div><\/div><div  data-aos=\"none\" class=\"timeline-icon icon-dot-full default-dot\"><div class=\"timeline-bar\"><\/div><\/div><div  data-aos=\"none\"  class=\"timeline-content  clearfix odd  full default-content \"><h2 class=\"content-title\">1970<\/h2><div class=\"ctl_info event-description full\"><div class=\"content-details\"><p>1970 l&rsquo;ann\u00e9e du tour HRA 105\/4 avec copieur; le premier mod\u00e8le produit en grandes s\u00e9ries.<\/p><\/div><\/div><\/div><!-- timeline content --><\/div>\n        <!-- .timeline-post-end --><div data-cls=\"sc-nv-default white-timeline\" class=\"timeline-year scrollable-section default-year\"data-section-title=\"1964\" id=\"year-1964\"><span  class=\"ctl-timeline-date\">1964<\/span><\/div><!-- .timeline-post-start--><div   data-alternate=\"14\" id=\"story-2692\" class=\"timeline-post even light-grey-post icons_no post-2692 story-cat-20  default-meta\"><div   data-aos=\"none\" class=\"timeline-meta\"><div class=\"meta-details\"><\/div><\/div><div  data-aos=\"none\" class=\"timeline-icon icon-dot-full default-dot\"><div class=\"timeline-bar\"><\/div><\/div><div  data-aos=\"none\"  class=\"timeline-content  clearfix even  full default-content \"><h2 class=\"content-title\">1964<\/h2><div class=\"ctl_info event-description full\"><div class=\"content-details\"><p>1964 Biglia commence la production en s\u00e9rie des premiers tours automatiques et pr\u00e9sente le mod\u00e8le HRA 65.<\/p><\/div><\/div><\/div><!-- timeline content --><\/div>\n        <!-- .timeline-post-end --><div data-cls=\"sc-nv-default white-timeline\" class=\"timeline-year scrollable-section default-year\"data-section-title=\"1958\" id=\"year-1958\"><span  class=\"ctl-timeline-date\">1958<\/span><\/div><!-- .timeline-post-start--><div   data-alternate=\"15\" id=\"story-2693\" class=\"timeline-post odd light-grey-post icons_no post-2693 story-cat-20  default-meta\"><div   data-aos=\"none\" class=\"timeline-meta\"><div class=\"meta-details\"><\/div><\/div><div  data-aos=\"none\" class=\"timeline-icon icon-dot-full default-dot\"><div class=\"timeline-bar\"><\/div><\/div><div  data-aos=\"none\"  class=\"timeline-content  clearfix odd  full default-content \"><h2 class=\"content-title\">1958<\/h2><div class=\"ctl_info event-description full\"><div class=\"content-details\"><p>1958 l&rsquo;activit\u00e9 est \u00e0 l&rsquo;origine concentr\u00e9e autour de la production de scies m\u00e9caniques et de machines sp\u00e9ciales<\/p><\/div><\/div><\/div><!-- timeline content --><\/div>\n        <!-- .timeline-post-end --><div  class=\"end-timeline clearfix\"><\/div><\/div><\/div><\/div>  <!-- end\n================================================== --><style type=\"text\/css\"><\/style>[\/vc_column_text][\/vc_column][\/vc_row]<\/p>\n","protected":false},"excerpt":{"rendered":"<p>[vc_row css_animation=\u00a0\u00bb\u00a0\u00bb row_type=\u00a0\u00bbrow\u00a0\u00bb use_row_as_full_screen_section=\u00a0\u00bbno\u00a0\u00bb type=\u00a0\u00bbfull_width\u00a0\u00bb angled_section=\u00a0\u00bbno\u00a0\u00bb text_align=\u00a0\u00bbleft\u00a0\u00bb background_image_as_pattern=\u00a0\u00bbwithout_pattern\u00a0\u00bb][vc_column][vc_row_inner row_type=\u00a0\u00bbrow\u00a0\u00bb type=\u00a0\u00bbfull_width\u00a0\u00bb text_align=\u00a0\u00bbleft\u00a0\u00bb css_animation=\u00a0\u00bb\u00a0\u00bb][vc_column_inner][vc_single_image image=\u00a0\u00bb1422&Prime; img_size=\u00a0\u00bb80&#215;80&Prime; alignment=\u00a0\u00bbcenter\u00a0\u00bb qode_css_animation=\u00a0\u00bb\u00a0\u00bb][vc_column_text] Les \u00e9tapes principales de l&rsquo;\u00e9volution Biglia [\/vc_column_text][\/vc_column_inner][\/vc_row_inner][vc_column_text][\/vc_column_text][\/vc_column][\/vc_row]<\/p>\n","protected":false},"author":6,"featured_media":0,"parent":0,"menu_order":0,"comment_status":"closed","ping_status":"closed","template":"full_width.php","meta":[],"yoast_head":"<!-- This site is optimized with the Yoast SEO plugin v21.8.1 - https:\/\/yoast.com\/wordpress\/plugins\/seo\/ -->\n<title>HISTORIQUE - Biglia<\/title>\n<meta name=\"robots\" content=\"index, follow, max-snippet:-1, max-image-preview:large, max-video-preview:-1\" \/>\n<link rel=\"canonical\" href=\"https:\/\/www.bigliaspa.it\/fr\/historique\/\" \/>\n<meta property=\"og:locale\" content=\"fr_FR\" \/>\n<meta property=\"og:type\" content=\"article\" \/>\n<meta property=\"og:title\" content=\"HISTORIQUE - Biglia\" \/>\n<meta property=\"og:description\" content=\"[vc_row css_animation=\u00a0\u00bb\u00a0\u00bb row_type=\u00a0\u00bbrow\u00a0\u00bb use_row_as_full_screen_section=\u00a0\u00bbno\u00a0\u00bb type=\u00a0\u00bbfull_width\u00a0\u00bb angled_section=\u00a0\u00bbno\u00a0\u00bb text_align=\u00a0\u00bbleft\u00a0\u00bb background_image_as_pattern=\u00a0\u00bbwithout_pattern\u00a0\u00bb][vc_column][vc_row_inner row_type=\u00a0\u00bbrow\u00a0\u00bb type=\u00a0\u00bbfull_width\u00a0\u00bb text_align=\u00a0\u00bbleft\u00a0\u00bb css_animation=\u00a0\u00bb\u00a0\u00bb][vc_column_inner][vc_single_image image=\u00a0\u00bb1422&Prime; img_size=\u00a0\u00bb80&#215;80&Prime; alignment=\u00a0\u00bbcenter\u00a0\u00bb qode_css_animation=\u00a0\u00bb\u00a0\u00bb][vc_column_text] Les \u00e9tapes principales de l&rsquo;\u00e9volution Biglia [\/vc_column_text][\/vc_column_inner][\/vc_row_inner][vc_column_text][\/vc_column_text][\/vc_column][\/vc_row]\" \/>\n<meta property=\"og:url\" content=\"https:\/\/www.bigliaspa.it\/fr\/historique\/\" \/>\n<meta property=\"og:site_name\" content=\"Biglia\" \/>\n<meta name=\"twitter:card\" content=\"summary_large_image\" \/>\n<meta name=\"twitter:label1\" content=\"Dur\u00e9e de lecture estim\u00e9e\" \/>\n\t<meta name=\"twitter:data1\" content=\"1 minute\" \/>\n<script type=\"application\/ld+json\" class=\"yoast-schema-graph\">{\"@context\":\"https:\/\/schema.org\",\"@graph\":[{\"@type\":\"WebPage\",\"@id\":\"https:\/\/www.bigliaspa.it\/fr\/historique\/\",\"url\":\"https:\/\/www.bigliaspa.it\/fr\/historique\/\",\"name\":\"HISTORIQUE - Biglia\",\"isPartOf\":{\"@id\":\"https:\/\/www.bigliaspa.it\/#website\"},\"datePublished\":\"2020-05-26T12:34:59+00:00\",\"dateModified\":\"2020-05-26T12:34:59+00:00\",\"breadcrumb\":{\"@id\":\"https:\/\/www.bigliaspa.it\/fr\/historique\/#breadcrumb\"},\"inLanguage\":\"fr-FR\",\"potentialAction\":[{\"@type\":\"ReadAction\",\"target\":[\"https:\/\/www.bigliaspa.it\/fr\/historique\/\"]}]},{\"@type\":\"BreadcrumbList\",\"@id\":\"https:\/\/www.bigliaspa.it\/fr\/historique\/#breadcrumb\",\"itemListElement\":[{\"@type\":\"ListItem\",\"position\":1,\"name\":\"Home\",\"item\":\"https:\/\/www.bigliaspa.it\/fr\/\"},{\"@type\":\"ListItem\",\"position\":2,\"name\":\"HISTORIQUE\"}]},{\"@type\":\"WebSite\",\"@id\":\"https:\/\/www.bigliaspa.it\/#website\",\"url\":\"https:\/\/www.bigliaspa.it\/\",\"name\":\"Biglia\",\"description\":\"The turning tech\",\"potentialAction\":[{\"@type\":\"SearchAction\",\"target\":{\"@type\":\"EntryPoint\",\"urlTemplate\":\"https:\/\/www.bigliaspa.it\/?s={search_term_string}\"},\"query-input\":\"required name=search_term_string\"}],\"inLanguage\":\"fr-FR\"}]}<\/script>\n<!-- \/ Yoast SEO plugin. -->","yoast_head_json":{"title":"HISTORIQUE - Biglia","robots":{"index":"index","follow":"follow","max-snippet":"max-snippet:-1","max-image-preview":"max-image-preview:large","max-video-preview":"max-video-preview:-1"},"canonical":"https:\/\/www.bigliaspa.it\/fr\/historique\/","og_locale":"fr_FR","og_type":"article","og_title":"HISTORIQUE - Biglia","og_description":"[vc_row css_animation=\u00a0\u00bb\u00a0\u00bb row_type=\u00a0\u00bbrow\u00a0\u00bb use_row_as_full_screen_section=\u00a0\u00bbno\u00a0\u00bb type=\u00a0\u00bbfull_width\u00a0\u00bb angled_section=\u00a0\u00bbno\u00a0\u00bb text_align=\u00a0\u00bbleft\u00a0\u00bb background_image_as_pattern=\u00a0\u00bbwithout_pattern\u00a0\u00bb][vc_column][vc_row_inner row_type=\u00a0\u00bbrow\u00a0\u00bb type=\u00a0\u00bbfull_width\u00a0\u00bb text_align=\u00a0\u00bbleft\u00a0\u00bb css_animation=\u00a0\u00bb\u00a0\u00bb][vc_column_inner][vc_single_image image=\u00a0\u00bb1422&Prime; img_size=\u00a0\u00bb80&#215;80&Prime; alignment=\u00a0\u00bbcenter\u00a0\u00bb qode_css_animation=\u00a0\u00bb\u00a0\u00bb][vc_column_text] Les \u00e9tapes principales de l&rsquo;\u00e9volution Biglia [\/vc_column_text][\/vc_column_inner][\/vc_row_inner][vc_column_text][\/vc_column_text][\/vc_column][\/vc_row]","og_url":"https:\/\/www.bigliaspa.it\/fr\/historique\/","og_site_name":"Biglia","twitter_card":"summary_large_image","twitter_misc":{"Dur\u00e9e de lecture estim\u00e9e":"1 minute"},"schema":{"@context":"https:\/\/schema.org","@graph":[{"@type":"WebPage","@id":"https:\/\/www.bigliaspa.it\/fr\/historique\/","url":"https:\/\/www.bigliaspa.it\/fr\/historique\/","name":"HISTORIQUE - Biglia","isPartOf":{"@id":"https:\/\/www.bigliaspa.it\/#website"},"datePublished":"2020-05-26T12:34:59+00:00","dateModified":"2020-05-26T12:34:59+00:00","breadcrumb":{"@id":"https:\/\/www.bigliaspa.it\/fr\/historique\/#breadcrumb"},"inLanguage":"fr-FR","potentialAction":[{"@type":"ReadAction","target":["https:\/\/www.bigliaspa.it\/fr\/historique\/"]}]},{"@type":"BreadcrumbList","@id":"https:\/\/www.bigliaspa.it\/fr\/historique\/#breadcrumb","itemListElement":[{"@type":"ListItem","position":1,"name":"Home","item":"https:\/\/www.bigliaspa.it\/fr\/"},{"@type":"ListItem","position":2,"name":"HISTORIQUE"}]},{"@type":"WebSite","@id":"https:\/\/www.bigliaspa.it\/#website","url":"https:\/\/www.bigliaspa.it\/","name":"Biglia","description":"The turning tech","potentialAction":[{"@type":"SearchAction","target":{"@type":"EntryPoint","urlTemplate":"https:\/\/www.bigliaspa.it\/?s={search_term_string}"},"query-input":"required name=search_term_string"}],"inLanguage":"fr-FR"}]}},"_links":{"self":[{"href":"https:\/\/www.bigliaspa.it\/fr\/wp-json\/wp\/v2\/pages\/2675"}],"collection":[{"href":"https:\/\/www.bigliaspa.it\/fr\/wp-json\/wp\/v2\/pages"}],"about":[{"href":"https:\/\/www.bigliaspa.it\/fr\/wp-json\/wp\/v2\/types\/page"}],"author":[{"embeddable":true,"href":"https:\/\/www.bigliaspa.it\/fr\/wp-json\/wp\/v2\/users\/6"}],"replies":[{"embeddable":true,"href":"https:\/\/www.bigliaspa.it\/fr\/wp-json\/wp\/v2\/comments?post=2675"}],"version-history":[{"count":2,"href":"https:\/\/www.bigliaspa.it\/fr\/wp-json\/wp\/v2\/pages\/2675\/revisions"}],"predecessor-version":[{"id":2677,"href":"https:\/\/www.bigliaspa.it\/fr\/wp-json\/wp\/v2\/pages\/2675\/revisions\/2677"}],"wp:attachment":[{"href":"https:\/\/www.bigliaspa.it\/fr\/wp-json\/wp\/v2\/media?parent=2675"}],"curies":[{"name":"wp","href":"https:\/\/api.w.org\/{rel}","templated":true}]}}