{"id":2667,"date":"2020-05-26T14:24:04","date_gmt":"2020-05-26T12:24:04","guid":{"rendered":"http:\/\/www.bigliaspa.it\/azienda\/"},"modified":"2020-07-29T16:47:48","modified_gmt":"2020-07-29T14:47:48","slug":"presentation","status":"publish","type":"page","link":"https:\/\/www.bigliaspa.it\/fr\/presentation\/","title":{"rendered":"Pr\u00e9sentation"},"content":{"rendered":"<p>[vc_row css_animation=\u00a0\u00bb\u00a0\u00bb row_type=\u00a0\u00bbrow\u00a0\u00bb use_row_as_full_screen_section=\u00a0\u00bbno\u00a0\u00bb type=\u00a0\u00bbgrid\u00a0\u00bb angled_section=\u00a0\u00bbno\u00a0\u00bb text_align=\u00a0\u00bbleft\u00a0\u00bb background_image_as_pattern=\u00a0\u00bbwithout_pattern\u00a0\u00bb z_index=\u00a0\u00bb\u00a0\u00bb css=\u00a0\u00bb.vc_custom_1559209717155{padding-top: 80px !important;padding-bottom: 80px !important;background-color: #ffffff !important;}\u00a0\u00bb][vc_column][vc_column_text]<\/p>\n<h2>Officine Biglia<\/h2>\n<p>[\/vc_column_text][vc_empty_space height=\u00a0\u00bb27px\u00a0\u00bb][vc_row_inner row_type=\u00a0\u00bbrow\u00a0\u00bb type=\u00a0\u00bbfull_width\u00a0\u00bb text_align=\u00a0\u00bbleft\u00a0\u00bb css_animation=\u00a0\u00bb\u00a0\u00bb][vc_column_inner width=\u00a0\u00bb1\/2&Prime;][vc_column_text]Fond\u00e9 en 1958 \u00e0 Incisa Scapaccino (Asti), <strong>Biglia est parmi les constructeurs italiens les plus importants de tours et de centres de tournage CNC.<\/strong><\/p>\n<p>&nbsp;<\/p>\n<p>Concevant des machines fiables et innovantes, Biglia a fabriqu\u00e9 <strong>plus de 17000 machines depuis sa fondation<\/strong>. Biglia est actuellement pr\u00e9sent dans 15 pays dans le monde.[\/vc_column_text][\/vc_column_inner][vc_column_inner width=\u00a0\u00bb1\/2&Prime;][vc_column_text]A ce jour Biglia emploie plus d<strong>e 150 collaborateurs et a une capacit\u00e9 productive de 500 machines par an<\/strong>. La vaste gamme de tours CN permet de choisir parmi les divers mod\u00e8les qui r\u00e9pondent \u00e0 tous les domaines d&rsquo; application, en assurant<strong> le maximum de performance, une flexibilit\u00e9 optimale, des technologies \u00e0 l&rsquo;avant-garde et une efficacit\u00e9 exceptionnelle.<\/strong><\/p>\n<p>&nbsp;<\/p>\n<h5><a href=\"http:\/\/www.bigliaspa.it\/produits\/?lang=fr\"><u>Voir les d\u00e9tails \u00e0 la page produits.<\/u><\/a><\/h5>\n<p>[\/vc_column_text][\/vc_column_inner][\/vc_row_inner][vc_empty_space height=\u00a0\u00bb40px\u00a0\u00bb]\n\n\t<a href=\"https:\/\/www.bigliaspa.it\/fr\/produits\/\" target=\"_self\" style=\"color: #ffffff;background-color: #21ab64\" class=\"qode-btn qode-btn-medium qode-btn-solid qode-btn-custom-hover-bg qode-btn-custom-hover-color qode-btn-icon qode-btn-icon-square qode-btn-icon-rotate\" data-hover-bg-color=\"#21ab64\" data-hover-color=\"#ffffff\" >\n\t    <span class=\"qode-btn-text\">Nos produits<\/span><span class=\"qode-button-v2-icon-holder\" style=\"font-size: 20px;border-color: #3cc880;background-color: #3cc880\" data-hover-icon-border-color=\"#3cc880\"><span aria-hidden=\"true\" class=\"qode_icon_font_elegant icon_plus qode-button-v2-icon-holder-inner\" ><\/span><\/span>\t<\/a>\n\n[\/vc_column][\/vc_row][vc_row css_animation=\u00a0\u00bb\u00a0\u00bb row_type=\u00a0\u00bbrow\u00a0\u00bb use_row_as_full_screen_section=\u00a0\u00bbno\u00a0\u00bb type=\u00a0\u00bbfull_width\u00a0\u00bb angled_section=\u00a0\u00bbno\u00a0\u00bb text_align=\u00a0\u00bbleft\u00a0\u00bb background_image_as_pattern=\u00a0\u00bbwithout_pattern\u00a0\u00bb z_index=\u00a0\u00bb\u00a0\u00bb][vc_column width=\u00a0\u00bb1\/3&Prime; css=\u00a0\u00bb.vc_custom_1559210553357{padding-top: 100px !important;padding-right: 60px !important;padding-bottom: 100px !important;padding-left: 60px !important;background-color: #21ab64 !important;}\u00a0\u00bb][vc_column_text]<\/p>\n<h2 style=\"text-align: center;\"><span style=\"color: #ffffff;\">Pourquoi choisir<br \/>\n<span style=\"color: #052d50;\"><strong>Biglia?<\/strong><\/span><\/span><\/h2>\n<p>[\/vc_column_text][\/vc_column][vc_column width=\u00a0\u00bb1\/3&Prime; css=\u00a0\u00bb.vc_custom_1581945811201{padding-top: 288px !important;background-image: url(http:\/\/www.bigliaspa.it\/wp-content\/uploads\/2020\/02\/azienda-biglia.jpg?id=2394) !important;background-position: center !important;background-repeat: no-repeat !important;background-size: cover !important;}\u00a0\u00bb][\/vc_column][vc_column width=\u00a0\u00bb1\/3&Prime; css=\u00a0\u00bb.vc_custom_1572429406068{padding-top: 85px !important;padding-right: 60px !important;padding-bottom: 85px !important;padding-left: 60px !important;}\u00a0\u00bb][vc_column_text]<br \/>\n<strong>Parmi les constructeurs italiens de tours, Biglia est consid\u00e9r\u00e9 dans le monde de la m\u00e9canique pour l&rsquo;excellente qualit\u00e9 et les performances de son \u00e9quipement. Un service apr\u00e8s-vente de qualit\u00e9 et la fourniture des pi\u00e8ces d\u00e9tach\u00e9es repr\u00e9sentent \u00e9galement un atout important.<\/strong><br \/>\n[\/vc_column_text][\/vc_column][\/vc_row][vc_row css_animation=\u00a0\u00bb\u00a0\u00bb row_type=\u00a0\u00bbrow\u00a0\u00bb use_row_as_full_screen_section=\u00a0\u00bbno\u00a0\u00bb type=\u00a0\u00bbgrid\u00a0\u00bb angled_section=\u00a0\u00bbno\u00a0\u00bb text_align=\u00a0\u00bbleft\u00a0\u00bb background_image_as_pattern=\u00a0\u00bbwithout_pattern\u00a0\u00bb z_index=\u00a0\u00bb\u00a0\u00bb css=\u00a0\u00bb.vc_custom_1559209717155{padding-top: 80px !important;padding-bottom: 80px !important;background-color: #ffffff !important;}\u00a0\u00bb][vc_column][vc_column_text]<\/p>\n<h2>Plus que performant<\/h2>\n<p>[\/vc_column_text][vc_empty_space height=\u00a0\u00bb27px\u00a0\u00bb][vc_row_inner row_type=\u00a0\u00bbrow\u00a0\u00bb type=\u00a0\u00bbfull_width\u00a0\u00bb text_align=\u00a0\u00bbleft\u00a0\u00bb css_animation=\u00a0\u00bb\u00a0\u00bb][vc_column_inner width=\u00a0\u00bb1\/2&Prime;][vc_column_text]Les tours et les centres de tournage Biglia sont \u00e9labor\u00e9s avec des composants <strong>d&rsquo;excellente qualit\u00e9<\/strong>. De la fabrication au montage, ils sont <strong>\u00e9galement soumis \u00e0 diff\u00e9rents contr\u00f4les.<\/strong><\/p>\n<p>&nbsp;<\/p>\n<p>Nos sp\u00e9cialistes sont form\u00e9s en permanence sur les nouveaut\u00e9s du secteur afin de r\u00e9pondre aux exigences d&rsquo;un march\u00e9 en constante \u00e9volution et de concevoir des machines qui puissent :[\/vc_column_text][vc_empty_space height=\u00a0\u00bb30px\u00a0\u00bb]<div class=\"q_icon_list\"><span aria-hidden=\"true\" class=\"qode_icon_font_elegant icon_like_alt qode-ili-icon-holder circle\" style=\"color: #20ab64;background-color: rgba(255,255,255,0.01);border-color:#3cc87f;border-style:solid;border-width:1px;\" ><\/span><p style=\"\">constamment am\u00e9liorer l'usinage et la production<\/p><\/div><div class=\"q_icon_list\"><span aria-hidden=\"true\" class=\"qode_icon_font_elegant icon_like_alt qode-ili-icon-holder circle\" style=\"color: #20ab64;background-color: rgba(255,255,255,0.01);border-color:#3cc87f;border-style:solid;border-width:1px;\" ><\/span><p style=\"\">optmiser les ressources<\/p><\/div><div class=\"q_icon_list\"><span aria-hidden=\"true\" class=\"qode_icon_font_elegant icon_like_alt qode-ili-icon-holder circle\" style=\"color: #20ab64;background-color: rgba(255,255,255,0.01);border-color:#3cc87f;border-style:solid;border-width:1px;\" ><\/span><p style=\"\">r\u00e9duire les co\u00fbts et augmenter la satisfaction des utilisateurs<\/p><\/div>[\/vc_column_inner][vc_column_inner width=\u00a0\u00bb1\/2&Prime;][vc_single_image image=\u00a0\u00bb2425&Prime; img_size=\u00a0\u00bbfull\u00a0\u00bb qode_css_animation=\u00a0\u00bb\u00a0\u00bb][\/vc_column_inner][\/vc_row_inner][\/vc_column][\/vc_row][vc_row css_animation=\u00a0\u00bb\u00a0\u00bb row_type=\u00a0\u00bbrow\u00a0\u00bb use_row_as_full_screen_section=\u00a0\u00bbno\u00a0\u00bb type=\u00a0\u00bbgrid\u00a0\u00bb angled_section=\u00a0\u00bbno\u00a0\u00bb text_align=\u00a0\u00bbleft\u00a0\u00bb background_image_as_pattern=\u00a0\u00bbwithout_pattern\u00a0\u00bb css=\u00a0\u00bb.vc_custom_1572428760477{padding-top: 75px !important;padding-bottom: 75px !important;background-image: url(http:\/\/www.bigliaspa.it\/wp-content\/uploads\/2017\/11\/Annual-H-Parallax.jpg?id=284) !important;background-position: center !important;background-repeat: no-repeat !important;background-size: cover !important;}\u00a0\u00bb z_index=\u00a0\u00bb\u00a0\u00bb][vc_column][vc_row_inner row_type=\u00a0\u00bbrow\u00a0\u00bb type=\u00a0\u00bbfull_width\u00a0\u00bb text_align=\u00a0\u00bbleft\u00a0\u00bb css_animation=\u00a0\u00bb\u00a0\u00bb][vc_column_inner width=\u00a0\u00bb4\/6&Prime;][vc_column_text]<\/p>\n<h2>Besoin de plus d&rsquo;informations sur les tours CN<\/h2>\n<p>[\/vc_column_text][\/vc_column_inner][vc_column_inner width=\u00a0\u00bb2\/6&Prime; css=\u00a0\u00bb.vc_custom_1572429106665{padding-top: 10px !important;}\u00a0\u00bb]\n\n\t<a href=\"https:\/\/www.bigliaspa.it\/fr\/contact\/\" target=\"_self\" style=\"color: #ffffff;background-color: #21ab64\" class=\"qode-btn qode-btn-medium qode-btn-solid qode-btn-custom-hover-bg qode-btn-custom-hover-color qode-btn-icon qode-btn-icon-square qode-btn-icon-rotate\" data-hover-bg-color=\"#21ab64\" data-hover-color=\"#ffffff\" >\n\t    <span class=\"qode-btn-text\">Contact<\/span><span class=\"qode-button-v2-icon-holder\" style=\"font-size: 20px;border-color: #3cc880;background-color: #3cc880\" data-hover-icon-border-color=\"#3cc880\"><span aria-hidden=\"true\" class=\"qode_icon_font_elegant icon_mail qode-button-v2-icon-holder-inner\" ><\/span><\/span>\t<\/a>\n\n[\/vc_column_inner][\/vc_row_inner][vc_empty_space height=\u00a0\u00bb40px\u00a0\u00bb][\/vc_column][\/vc_row]<\/p>\n","protected":false},"excerpt":{"rendered":"<p>[vc_row css_animation=\u00a0\u00bb\u00a0\u00bb row_type=\u00a0\u00bbrow\u00a0\u00bb use_row_as_full_screen_section=\u00a0\u00bbno\u00a0\u00bb type=\u00a0\u00bbgrid\u00a0\u00bb angled_section=\u00a0\u00bbno\u00a0\u00bb text_align=\u00a0\u00bbleft\u00a0\u00bb background_image_as_pattern=\u00a0\u00bbwithout_pattern\u00a0\u00bb z_index=\u00a0\u00bb\u00a0\u00bb css=\u00a0\u00bb.vc_custom_1559209717155{padding-top: 80px !important;padding-bottom: 80px !important;background-color: #ffffff !important;}\u00a0\u00bb][vc_column][vc_column_text] Officine Biglia [\/vc_column_text][vc_empty_space height=\u00a0\u00bb27px\u00a0\u00bb][vc_row_inner row_type=\u00a0\u00bbrow\u00a0\u00bb type=\u00a0\u00bbfull_width\u00a0\u00bb text_align=\u00a0\u00bbleft\u00a0\u00bb css_animation=\u00a0\u00bb\u00a0\u00bb][vc_column_inner width=\u00a0\u00bb1\/2&Prime;][vc_column_text]Fond\u00e9 en 1958 \u00e0 Incisa Scapaccino (Asti), Biglia est parmi les constructeurs italiens les plus importants de tours et de centres&#8230;<\/p>\n","protected":false},"author":6,"featured_media":0,"parent":0,"menu_order":0,"comment_status":"closed","ping_status":"closed","template":"full_width.php","meta":[],"yoast_head":"<!-- This site is optimized with the Yoast SEO plugin v21.8.1 - https:\/\/yoast.com\/wordpress\/plugins\/seo\/ -->\n<title>Pr\u00e9sentation - Biglia<\/title>\n<meta name=\"robots\" content=\"index, follow, max-snippet:-1, max-image-preview:large, max-video-preview:-1\" \/>\n<link rel=\"canonical\" href=\"https:\/\/www.bigliaspa.it\/fr\/presentation\/\" \/>\n<meta property=\"og:locale\" content=\"fr_FR\" \/>\n<meta property=\"og:type\" content=\"article\" \/>\n<meta property=\"og:title\" content=\"Pr\u00e9sentation - Biglia\" \/>\n<meta property=\"og:description\" content=\"[vc_row css_animation=\u00a0\u00bb\u00a0\u00bb row_type=\u00a0\u00bbrow\u00a0\u00bb use_row_as_full_screen_section=\u00a0\u00bbno\u00a0\u00bb type=\u00a0\u00bbgrid\u00a0\u00bb angled_section=\u00a0\u00bbno\u00a0\u00bb text_align=\u00a0\u00bbleft\u00a0\u00bb background_image_as_pattern=\u00a0\u00bbwithout_pattern\u00a0\u00bb z_index=\u00a0\u00bb\u00a0\u00bb css=\u00a0\u00bb.vc_custom_1559209717155{padding-top: 80px !important;padding-bottom: 80px !important;background-color: #ffffff !important;}\u00a0\u00bb][vc_column][vc_column_text] Officine Biglia [\/vc_column_text][vc_empty_space height=\u00a0\u00bb27px\u00a0\u00bb][vc_row_inner row_type=\u00a0\u00bbrow\u00a0\u00bb type=\u00a0\u00bbfull_width\u00a0\u00bb text_align=\u00a0\u00bbleft\u00a0\u00bb css_animation=\u00a0\u00bb\u00a0\u00bb][vc_column_inner width=\u00a0\u00bb1\/2&Prime;][vc_column_text]Fond\u00e9 en 1958 \u00e0 Incisa Scapaccino (Asti), Biglia est parmi les constructeurs italiens les plus importants de tours et de centres...\" \/>\n<meta property=\"og:url\" content=\"https:\/\/www.bigliaspa.it\/fr\/presentation\/\" \/>\n<meta property=\"og:site_name\" content=\"Biglia\" \/>\n<meta property=\"article:modified_time\" content=\"2020-07-29T14:47:48+00:00\" \/>\n<meta name=\"twitter:card\" content=\"summary_large_image\" \/>\n<meta name=\"twitter:label1\" content=\"Dur\u00e9e de lecture estim\u00e9e\" \/>\n\t<meta name=\"twitter:data1\" content=\"5 minutes\" \/>\n<script type=\"application\/ld+json\" class=\"yoast-schema-graph\">{\"@context\":\"https:\/\/schema.org\",\"@graph\":[{\"@type\":\"WebPage\",\"@id\":\"https:\/\/www.bigliaspa.it\/fr\/presentation\/\",\"url\":\"https:\/\/www.bigliaspa.it\/fr\/presentation\/\",\"name\":\"Pr\u00e9sentation - Biglia\",\"isPartOf\":{\"@id\":\"https:\/\/www.bigliaspa.it\/#website\"},\"datePublished\":\"2020-05-26T12:24:04+00:00\",\"dateModified\":\"2020-07-29T14:47:48+00:00\",\"breadcrumb\":{\"@id\":\"https:\/\/www.bigliaspa.it\/fr\/presentation\/#breadcrumb\"},\"inLanguage\":\"fr-FR\",\"potentialAction\":[{\"@type\":\"ReadAction\",\"target\":[\"https:\/\/www.bigliaspa.it\/fr\/presentation\/\"]}]},{\"@type\":\"BreadcrumbList\",\"@id\":\"https:\/\/www.bigliaspa.it\/fr\/presentation\/#breadcrumb\",\"itemListElement\":[{\"@type\":\"ListItem\",\"position\":1,\"name\":\"Home\",\"item\":\"https:\/\/www.bigliaspa.it\/fr\/\"},{\"@type\":\"ListItem\",\"position\":2,\"name\":\"Pr\u00e9sentation\"}]},{\"@type\":\"WebSite\",\"@id\":\"https:\/\/www.bigliaspa.it\/#website\",\"url\":\"https:\/\/www.bigliaspa.it\/\",\"name\":\"Biglia\",\"description\":\"The turning tech\",\"potentialAction\":[{\"@type\":\"SearchAction\",\"target\":{\"@type\":\"EntryPoint\",\"urlTemplate\":\"https:\/\/www.bigliaspa.it\/?s={search_term_string}\"},\"query-input\":\"required name=search_term_string\"}],\"inLanguage\":\"fr-FR\"}]}<\/script>\n<!-- \/ Yoast SEO plugin. -->","yoast_head_json":{"title":"Pr\u00e9sentation - Biglia","robots":{"index":"index","follow":"follow","max-snippet":"max-snippet:-1","max-image-preview":"max-image-preview:large","max-video-preview":"max-video-preview:-1"},"canonical":"https:\/\/www.bigliaspa.it\/fr\/presentation\/","og_locale":"fr_FR","og_type":"article","og_title":"Pr\u00e9sentation - Biglia","og_description":"[vc_row css_animation=\u00a0\u00bb\u00a0\u00bb row_type=\u00a0\u00bbrow\u00a0\u00bb use_row_as_full_screen_section=\u00a0\u00bbno\u00a0\u00bb type=\u00a0\u00bbgrid\u00a0\u00bb angled_section=\u00a0\u00bbno\u00a0\u00bb text_align=\u00a0\u00bbleft\u00a0\u00bb background_image_as_pattern=\u00a0\u00bbwithout_pattern\u00a0\u00bb z_index=\u00a0\u00bb\u00a0\u00bb css=\u00a0\u00bb.vc_custom_1559209717155{padding-top: 80px !important;padding-bottom: 80px !important;background-color: #ffffff !important;}\u00a0\u00bb][vc_column][vc_column_text] Officine Biglia [\/vc_column_text][vc_empty_space height=\u00a0\u00bb27px\u00a0\u00bb][vc_row_inner row_type=\u00a0\u00bbrow\u00a0\u00bb type=\u00a0\u00bbfull_width\u00a0\u00bb text_align=\u00a0\u00bbleft\u00a0\u00bb css_animation=\u00a0\u00bb\u00a0\u00bb][vc_column_inner width=\u00a0\u00bb1\/2&Prime;][vc_column_text]Fond\u00e9 en 1958 \u00e0 Incisa Scapaccino (Asti), Biglia est parmi les constructeurs italiens les plus importants de tours et de centres...","og_url":"https:\/\/www.bigliaspa.it\/fr\/presentation\/","og_site_name":"Biglia","article_modified_time":"2020-07-29T14:47:48+00:00","twitter_card":"summary_large_image","twitter_misc":{"Dur\u00e9e de lecture estim\u00e9e":"5 minutes"},"schema":{"@context":"https:\/\/schema.org","@graph":[{"@type":"WebPage","@id":"https:\/\/www.bigliaspa.it\/fr\/presentation\/","url":"https:\/\/www.bigliaspa.it\/fr\/presentation\/","name":"Pr\u00e9sentation - Biglia","isPartOf":{"@id":"https:\/\/www.bigliaspa.it\/#website"},"datePublished":"2020-05-26T12:24:04+00:00","dateModified":"2020-07-29T14:47:48+00:00","breadcrumb":{"@id":"https:\/\/www.bigliaspa.it\/fr\/presentation\/#breadcrumb"},"inLanguage":"fr-FR","potentialAction":[{"@type":"ReadAction","target":["https:\/\/www.bigliaspa.it\/fr\/presentation\/"]}]},{"@type":"BreadcrumbList","@id":"https:\/\/www.bigliaspa.it\/fr\/presentation\/#breadcrumb","itemListElement":[{"@type":"ListItem","position":1,"name":"Home","item":"https:\/\/www.bigliaspa.it\/fr\/"},{"@type":"ListItem","position":2,"name":"Pr\u00e9sentation"}]},{"@type":"WebSite","@id":"https:\/\/www.bigliaspa.it\/#website","url":"https:\/\/www.bigliaspa.it\/","name":"Biglia","description":"The turning tech","potentialAction":[{"@type":"SearchAction","target":{"@type":"EntryPoint","urlTemplate":"https:\/\/www.bigliaspa.it\/?s={search_term_string}"},"query-input":"required name=search_term_string"}],"inLanguage":"fr-FR"}]}},"_links":{"self":[{"href":"https:\/\/www.bigliaspa.it\/fr\/wp-json\/wp\/v2\/pages\/2667"}],"collection":[{"href":"https:\/\/www.bigliaspa.it\/fr\/wp-json\/wp\/v2\/pages"}],"about":[{"href":"https:\/\/www.bigliaspa.it\/fr\/wp-json\/wp\/v2\/types\/page"}],"author":[{"embeddable":true,"href":"https:\/\/www.bigliaspa.it\/fr\/wp-json\/wp\/v2\/users\/6"}],"replies":[{"embeddable":true,"href":"https:\/\/www.bigliaspa.it\/fr\/wp-json\/wp\/v2\/comments?post=2667"}],"version-history":[{"count":9,"href":"https:\/\/www.bigliaspa.it\/fr\/wp-json\/wp\/v2\/pages\/2667\/revisions"}],"predecessor-version":[{"id":3276,"href":"https:\/\/www.bigliaspa.it\/fr\/wp-json\/wp\/v2\/pages\/2667\/revisions\/3276"}],"wp:attachment":[{"href":"https:\/\/www.bigliaspa.it\/fr\/wp-json\/wp\/v2\/media?parent=2667"}],"curies":[{"name":"wp","href":"https:\/\/api.w.org\/{rel}","templated":true}]}}