{"id":2834,"date":"2017-11-03T09:48:11","date_gmt":"2017-11-03T09:48:11","guid":{"rendered":"http:\/\/www.bigliaspa.it\/kontakt\/"},"modified":"2020-07-29T14:30:21","modified_gmt":"2020-07-29T12:30:21","slug":"kontakt","status":"publish","type":"page","link":"https:\/\/www.bigliaspa.it\/de\/kontakt\/","title":{"rendered":"Kontakt"},"content":{"rendered":"<p>[vc_row css_animation=&#8220;&#8220; row_type=&#8220;row&#8220; use_row_as_full_screen_section=&#8220;no&#8220; type=&#8220;full_width&#8220; angled_section=&#8220;no&#8220; text_align=&#8220;left&#8220; background_image_as_pattern=&#8220;without_pattern&#8220;][vc_column][vc_raw_html]JTNDaWZyYW1lJTIwc3JjJTNEJTIyaHR0cHMlM0ElMkYlMkZ3d3cuZ29vZ2xlLmNvbSUyRm1hcHMlMkZlbWJlZCUzRnBiJTNEJTIxMW0xOCUyMTFtMTIlMjExbTMlMjExZDQ1Mjk1LjIxNjkwMTQwNDAzNCUyMTJkOC4zNDAzMTYxNzU5NDk4MzclMjEzZDQ0LjgwMjE4NjA4NTM5MjYlMjEybTMlMjExZjAlMjEyZjAlMjEzZjAlMjEzbTIlMjExaTEwMjQlMjEyaTc2OCUyMTRmMTMuMSUyMTNtMyUyMTFtMiUyMTFzMHg0Nzg3ODVhODY5MWYyMzk1JTI1M0EweDQ0NmZjYjc0ZDcxOTEwN2IlMjEyc09mZmljaW5lJTJCRS4lMkJCaWdsaWElMkIlMjUyNiUyQkMuJTJCUy5QLkEuJTIxNWUwJTIxM20yJTIxMXNpdCUyMTJzaXQlMjE0djE1NjQ0OTQ4MTEwODElMjE1bTIlMjExc2l0JTIxMnNpdCUyMiUyMHdpZHRoJTNEJTIyMTAwJTI1JTIyJTIwaGVpZ2h0JTNEJTIyNDUwJTIyJTIwZnJhbWVib3JkZXIlM0QlMjIwJTIyJTIwc3R5bGUlM0QlMjJib3JkZXIlM0EwJTIyJTIwYWxsb3dmdWxsc2NyZWVuJTNFJTNDJTJGaWZyYW1lJTNF[\/vc_raw_html][\/vc_column][\/vc_row][vc_row css_animation=&#8220;&#8220; row_type=&#8220;row&#8220; use_row_as_full_screen_section=&#8220;no&#8220; type=&#8220;grid&#8220; angled_section=&#8220;no&#8220; text_align=&#8220;left&#8220; background_image_as_pattern=&#8220;without_pattern&#8220; z_index=&#8220;&#8220; css=&#8220;.vc_custom_1573220303699{padding-top: 20px !important;padding-bottom: 50px !important;}&#8220;][vc_column width=&#8220;1\/4&#8243;][vc_single_image image=&#8220;1516&#8243; img_size=&#8220;medium&#8220; qode_css_animation=&#8220;&#8220;][vc_empty_space height=&#8220;30&#8243;][vc_column_text]<strong>Officine E. Biglia &amp; C. S.p.a.<\/strong><\/p>\n<div id=\"cont_dx_contatti_in\">\n<p>&nbsp;<\/p>\n<p class=\"txt_nero_12\">Via Martiri della Libert\u00e0, 31<br \/>\n14045 Incisa Scapaccino (AT)<\/p>\n<p>&nbsp;<\/p>\n<p><strong>Tel:<\/strong> <a href=\"tel:+ 3901417831\">+ 39 0141 7831<\/a><br \/>\n<strong>Fax:<\/strong> + 39 0141 783327<br \/>\n<strong>E-mail:<\/strong> <a href=\"mailto:info@bigliaspa.it\">info@bigliaspa.it<\/a><\/p>\n<\/div>\n<p>[\/vc_column_text][\/vc_column][vc_column width=&#8220;3\/4&#8243; css=&#8220;.vc_custom_1564497077376{padding-right: 20px !important;padding-bottom: 20px !important;padding-left: 20px !important;background-color: #f2f2f2 !important;}&#8220;][vc_column_text]<\/p>\n<h4>F\u00fcr weitere Informationen \u00fcber BIGLIA Spa oder unsere Produkte f\u00fcllen Sie bitte das untenstehende Formular aus.<\/h4>\n<p>[\/vc_column_text][vc_empty_space height=&#8220;30&#8243;][vc_column_text]\n<div class=\"wpcf7 no-js\" id=\"wpcf7-f3139-o1\" lang=\"it-IT\" dir=\"ltr\">\n<div class=\"screen-reader-response\"><p role=\"status\" aria-live=\"polite\" aria-atomic=\"true\"><\/p> <ul><\/ul><\/div>\n<form action=\"\/de\/wp-json\/wp\/v2\/pages\/2834#wpcf7-f3139-o1\" method=\"post\" class=\"wpcf7-form init\" aria-label=\"Modulo di contatto\" novalidate=\"novalidate\" data-status=\"init\">\n<div style=\"display: none;\">\n<input type=\"hidden\" name=\"_wpcf7\" value=\"3139\" \/>\n<input type=\"hidden\" name=\"_wpcf7_version\" value=\"5.8.7\" \/>\n<input type=\"hidden\" name=\"_wpcf7_locale\" value=\"it_IT\" \/>\n<input type=\"hidden\" name=\"_wpcf7_unit_tag\" value=\"wpcf7-f3139-o1\" \/>\n<input type=\"hidden\" name=\"_wpcf7_container_post\" value=\"0\" \/>\n<input type=\"hidden\" name=\"_wpcf7_posted_data_hash\" value=\"\" \/>\n<\/div>\n<div class=\"two_columns_50_50 clearfix\">\n\t<div class=\"column1\">\n\t\t<div class=\"column_inner\">\n\t\t\t<p><span class=\"wpcf7-form-control-wrap\" data-name=\"nome\"><input size=\"40\" class=\"wpcf7-form-control wpcf7-text wpcf7-validates-as-required\" aria-required=\"true\" aria-invalid=\"false\" placeholder=\"Vorname \/ Nachname*\" value=\"\" type=\"text\" name=\"nome\" \/><\/span>\n\t\t\t<\/p>\n\t\t<\/div>\n\t\t<div class=\"column_inner\">\n\t\t\t<p><span class=\"wpcf7-form-control-wrap\" data-name=\"azienda\"><input size=\"40\" class=\"wpcf7-form-control wpcf7-text\" aria-invalid=\"false\" placeholder=\"Unternehmen\" value=\"\" type=\"text\" name=\"azienda\" \/><\/span>\n\t\t\t<\/p>\n\t\t<\/div>\n\t<\/div>\n\t<div class=\"column2\">\n\t\t<div class=\"column_inner\">\n\t\t\t<p><span class=\"wpcf7-form-control-wrap\" data-name=\"email\"><input size=\"40\" maxlength=\"100\" class=\"wpcf7-form-control wpcf7-email wpcf7-validates-as-required wpcf7-text wpcf7-validates-as-email\" aria-required=\"true\" aria-invalid=\"false\" placeholder=\"Email*\" value=\"\" type=\"email\" name=\"email\" \/><\/span>\n\t\t\t<\/p>\n\t\t<\/div>\n\t\t<div class=\"column_inner\">\n\t\t\t<p><span class=\"wpcf7-form-control-wrap\" data-name=\"indirizzo\"><input size=\"40\" class=\"wpcf7-form-control wpcf7-text\" aria-invalid=\"false\" placeholder=\"Ein Kleid\" value=\"\" type=\"text\" name=\"indirizzo\" \/><\/span>\n\t\t\t<\/p>\n\t\t<\/div>\n\t<\/div>\n<\/div>\n<div class=\"two_columns_50_50 clearfix\">\n\t<div class=\"column1\">\n\t\t<div class=\"column_inner\">\n\t\t\t<p><span class=\"wpcf7-form-control-wrap\" data-name=\"cap\"><input size=\"40\" class=\"wpcf7-form-control wpcf7-text\" aria-invalid=\"false\" placeholder=\"Cap\" value=\"\" type=\"text\" name=\"cap\" \/><\/span>\n\t\t\t<\/p>\n\t\t<\/div>\n\t\t<div class=\"column_inner\">\n\t\t\t<p><span class=\"wpcf7-form-control-wrap\" data-name=\"nazione\"><input size=\"40\" class=\"wpcf7-form-control wpcf7-text\" aria-invalid=\"false\" placeholder=\"Nation\" value=\"\" type=\"text\" name=\"nazione\" \/><\/span>\n\t\t\t<\/p>\n\t\t<\/div>\n\t<\/div>\n\t<div class=\"column2\">\n\t\t<div class=\"column_inner\">\n\t\t\t<p><span class=\"wpcf7-form-control-wrap\" data-name=\"citta\"><input size=\"40\" class=\"wpcf7-form-control wpcf7-text\" aria-invalid=\"false\" placeholder=\"Stadt\" value=\"\" type=\"text\" name=\"citta\" \/><\/span>\n\t\t\t<\/p>\n\t\t<\/div>\n\t<\/div>\n<\/div>\n<p><span class=\"wpcf7-form-control-wrap\" data-name=\"message\"><textarea cols=\"40\" rows=\"10\" class=\"wpcf7-form-control wpcf7-textarea wpcf7-validates-as-required\" aria-required=\"true\" aria-invalid=\"false\" placeholder=\"F\u00fcgen Sie weitere Informationen hinzu...*\" name=\"message\"><\/textarea><\/span>\n<\/p>\n<p><span class=\"wpcf7-form-control-wrap\" data-name=\"privacy\"><span class=\"wpcf7-form-control wpcf7-acceptance\"><span class=\"wpcf7-list-item\"><input type=\"checkbox\" name=\"privacy\" value=\"1\" aria-invalid=\"false\" \/><\/span><\/span><\/span> Ich best\u00e4tige, dass ich die <a href=\"#\">Datenschutzrichtlinie gelesen und akzeptiert habe.<\/a>*\n<\/p>\n<p style=\"margin-bottom:20px;><span class=\"wpcf7-form-control-wrap\" data-name=\"checkbox-252\"><span class=\"wpcf7-form-control wpcf7-checkbox\"><span class=\"wpcf7-list-item first last\"><input type=\"checkbox\" name=\"checkbox-252[]\" value=\"Ich bin damit einverstanden\" \/><span class=\"wpcf7-list-item-label\">Ich bin damit einverstanden<\/span><\/span><\/span><\/span> Updates und kommerzielle Angebote von Officine E. Biglia & C. S.p.a.\n<\/p>\n<p><span id=\"wpcf7-69f431171f787-wrapper\" class=\"wpcf7-form-control-wrap honeypot-3-wrap\" style=\"display:none !important; visibility:hidden !important;\"><label for=\"wpcf7-69f431171f787-field\" class=\"hp-message\">Si prega di lasciare vuoto questo campo.<\/label><input id=\"wpcf7-69f431171f787-field\"  class=\"wpcf7-form-control wpcf7-text\" type=\"text\" name=\"honeypot-3\" value=\"\" size=\"40\" tabindex=\"-1\" autocomplete=\"new-password\" \/><\/span>\n<\/p>\n<p>[anr_nocaptcha g-recaptcha-response]\n<\/p>\n<p><input class=\"wpcf7-form-control wpcf7-submit has-spinner\" type=\"submit\" value=\"Informationen anfordern\" \/>\n<\/p><div class=\"wpcf7-response-output\" aria-hidden=\"true\"><\/div>\n<\/form>\n<\/div>\n[\/vc_column_text][\/vc_column][\/vc_row]<\/p>\n","protected":false},"excerpt":{"rendered":"<p>[vc_row css_animation=&#8220;&#8220; row_type=&#8220;row&#8220; use_row_as_full_screen_section=&#8220;no&#8220; type=&#8220;full_width&#8220; angled_section=&#8220;no&#8220; text_align=&#8220;left&#8220; background_image_as_pattern=&#8220;without_pattern&#8220;][vc_column][vc_raw_html]JTNDaWZyYW1lJTIwc3JjJTNEJTIyaHR0cHMlM0ElMkYlMkZ3d3cuZ29vZ2xlLmNvbSUyRm1hcHMlMkZlbWJlZCUzRnBiJTNEJTIxMW0xOCUyMTFtMTIlMjExbTMlMjExZDQ1Mjk1LjIxNjkwMTQwNDAzNCUyMTJkOC4zNDAzMTYxNzU5NDk4MzclMjEzZDQ0LjgwMjE4NjA4NTM5MjYlMjEybTMlMjExZjAlMjEyZjAlMjEzZjAlMjEzbTIlMjExaTEwMjQlMjEyaTc2OCUyMTRmMTMuMSUyMTNtMyUyMTFtMiUyMTFzMHg0Nzg3ODVhODY5MWYyMzk1JTI1M0EweDQ0NmZjYjc0ZDcxOTEwN2IlMjEyc09mZmljaW5lJTJCRS4lMkJCaWdsaWElMkIlMjUyNiUyQkMuJTJCUy5QLkEuJTIxNWUwJTIxM20yJTIxMXNpdCUyMTJzaXQlMjE0djE1NjQ0OTQ4MTEwODElMjE1bTIlMjExc2l0JTIxMnNpdCUyMiUyMHdpZHRoJTNEJTIyMTAwJTI1JTIyJTIwaGVpZ2h0JTNEJTIyNDUwJTIyJTIwZnJhbWVib3JkZXIlM0QlMjIwJTIyJTIwc3R5bGUlM0QlMjJib3JkZXIlM0EwJTIyJTIwYWxsb3dmdWxsc2NyZWVuJTNFJTNDJTJGaWZyYW1lJTNF[\/vc_raw_html][\/vc_column][\/vc_row][vc_row css_animation=&#8220;&#8220; row_type=&#8220;row&#8220; use_row_as_full_screen_section=&#8220;no&#8220; type=&#8220;grid&#8220; angled_section=&#8220;no&#8220; text_align=&#8220;left&#8220; background_image_as_pattern=&#8220;without_pattern&#8220; z_index=&#8220;&#8220; css=&#8220;.vc_custom_1573220303699{padding-top: 20px !important;padding-bottom: 50px !important;}&#8220;][vc_column width=&#8220;1\/4&#8243;][vc_single_image image=&#8220;1516&#8243; img_size=&#8220;medium&#8220; qode_css_animation=&#8220;&#8220;][vc_empty_space height=&#8220;30&#8243;][vc_column_text]Officine E. Biglia &amp; C. S.p.a. &nbsp; Via Martiri della Libert\u00e0, 31 14045 Incisa Scapaccino (AT) &nbsp; Tel: + 39&#8230;<\/p>\n","protected":false},"author":6,"featured_media":0,"parent":0,"menu_order":0,"comment_status":"closed","ping_status":"closed","template":"full_width.php","meta":[],"yoast_head":"<!-- This site is optimized with the Yoast SEO plugin v21.8.1 - https:\/\/yoast.com\/wordpress\/plugins\/seo\/ -->\n<title>Kontakt - Biglia<\/title>\n<meta name=\"robots\" content=\"index, follow, max-snippet:-1, max-image-preview:large, max-video-preview:-1\" \/>\n<link rel=\"canonical\" href=\"https:\/\/www.bigliaspa.it\/de\/kontakt\/\" \/>\n<meta property=\"og:locale\" content=\"de_DE\" \/>\n<meta property=\"og:type\" content=\"article\" \/>\n<meta property=\"og:title\" content=\"Kontakt - Biglia\" \/>\n<meta property=\"og:description\" content=\"[vc_row css_animation=&#8220;&#8220; row_type=&#8220;row&#8220; use_row_as_full_screen_section=&#8220;no&#8220; type=&#8220;full_width&#8220; angled_section=&#8220;no&#8220; text_align=&#8220;left&#8220; background_image_as_pattern=&#8220;without_pattern&#8220;][vc_column][vc_raw_html]JTNDaWZyYW1lJTIwc3JjJTNEJTIyaHR0cHMlM0ElMkYlMkZ3d3cuZ29vZ2xlLmNvbSUyRm1hcHMlMkZlbWJlZCUzRnBiJTNEJTIxMW0xOCUyMTFtMTIlMjExbTMlMjExZDQ1Mjk1LjIxNjkwMTQwNDAzNCUyMTJkOC4zNDAzMTYxNzU5NDk4MzclMjEzZDQ0LjgwMjE4NjA4NTM5MjYlMjEybTMlMjExZjAlMjEyZjAlMjEzZjAlMjEzbTIlMjExaTEwMjQlMjEyaTc2OCUyMTRmMTMuMSUyMTNtMyUyMTFtMiUyMTFzMHg0Nzg3ODVhODY5MWYyMzk1JTI1M0EweDQ0NmZjYjc0ZDcxOTEwN2IlMjEyc09mZmljaW5lJTJCRS4lMkJCaWdsaWElMkIlMjUyNiUyQkMuJTJCUy5QLkEuJTIxNWUwJTIxM20yJTIxMXNpdCUyMTJzaXQlMjE0djE1NjQ0OTQ4MTEwODElMjE1bTIlMjExc2l0JTIxMnNpdCUyMiUyMHdpZHRoJTNEJTIyMTAwJTI1JTIyJTIwaGVpZ2h0JTNEJTIyNDUwJTIyJTIwZnJhbWVib3JkZXIlM0QlMjIwJTIyJTIwc3R5bGUlM0QlMjJib3JkZXIlM0EwJTIyJTIwYWxsb3dmdWxsc2NyZWVuJTNFJTNDJTJGaWZyYW1lJTNF[\/vc_raw_html][\/vc_column][\/vc_row][vc_row css_animation=&#8220;&#8220; row_type=&#8220;row&#8220; use_row_as_full_screen_section=&#8220;no&#8220; type=&#8220;grid&#8220; angled_section=&#8220;no&#8220; text_align=&#8220;left&#8220; background_image_as_pattern=&#8220;without_pattern&#8220; z_index=&#8220;&#8220; css=&#8220;.vc_custom_1573220303699{padding-top: 20px !important;padding-bottom: 50px !important;}&#8220;][vc_column width=&#8220;1\/4&#8243;][vc_single_image image=&#8220;1516&#8243; img_size=&#8220;medium&#8220; qode_css_animation=&#8220;&#8220;][vc_empty_space height=&#8220;30&#8243;][vc_column_text]Officine E. Biglia &amp; C. S.p.a. &nbsp; Via Martiri della Libert\u00e0, 31 14045 Incisa Scapaccino (AT) &nbsp; Tel: + 39...\" \/>\n<meta property=\"og:url\" content=\"https:\/\/www.bigliaspa.it\/de\/kontakt\/\" \/>\n<meta property=\"og:site_name\" content=\"Biglia\" \/>\n<meta property=\"article:modified_time\" content=\"2020-07-29T12:30:21+00:00\" \/>\n<meta name=\"twitter:card\" content=\"summary_large_image\" \/>\n<meta name=\"twitter:label1\" content=\"Gesch\u00e4tzte Lesezeit\" \/>\n\t<meta name=\"twitter:data1\" content=\"1\u00a0Minute\" \/>\n<script type=\"application\/ld+json\" class=\"yoast-schema-graph\">{\"@context\":\"https:\/\/schema.org\",\"@graph\":[{\"@type\":\"WebPage\",\"@id\":\"https:\/\/www.bigliaspa.it\/de\/kontakt\/\",\"url\":\"https:\/\/www.bigliaspa.it\/de\/kontakt\/\",\"name\":\"Kontakt - Biglia\",\"isPartOf\":{\"@id\":\"https:\/\/www.bigliaspa.it\/#website\"},\"datePublished\":\"2017-11-03T09:48:11+00:00\",\"dateModified\":\"2020-07-29T12:30:21+00:00\",\"breadcrumb\":{\"@id\":\"https:\/\/www.bigliaspa.it\/de\/kontakt\/#breadcrumb\"},\"inLanguage\":\"de\",\"potentialAction\":[{\"@type\":\"ReadAction\",\"target\":[\"https:\/\/www.bigliaspa.it\/de\/kontakt\/\"]}]},{\"@type\":\"BreadcrumbList\",\"@id\":\"https:\/\/www.bigliaspa.it\/de\/kontakt\/#breadcrumb\",\"itemListElement\":[{\"@type\":\"ListItem\",\"position\":1,\"name\":\"Home\",\"item\":\"https:\/\/www.bigliaspa.it\/de\/\"},{\"@type\":\"ListItem\",\"position\":2,\"name\":\"Kontakt\"}]},{\"@type\":\"WebSite\",\"@id\":\"https:\/\/www.bigliaspa.it\/#website\",\"url\":\"https:\/\/www.bigliaspa.it\/\",\"name\":\"Biglia\",\"description\":\"The turning tech\",\"potentialAction\":[{\"@type\":\"SearchAction\",\"target\":{\"@type\":\"EntryPoint\",\"urlTemplate\":\"https:\/\/www.bigliaspa.it\/?s={search_term_string}\"},\"query-input\":\"required name=search_term_string\"}],\"inLanguage\":\"de\"}]}<\/script>\n<!-- \/ Yoast SEO plugin. -->","yoast_head_json":{"title":"Kontakt - Biglia","robots":{"index":"index","follow":"follow","max-snippet":"max-snippet:-1","max-image-preview":"max-image-preview:large","max-video-preview":"max-video-preview:-1"},"canonical":"https:\/\/www.bigliaspa.it\/de\/kontakt\/","og_locale":"de_DE","og_type":"article","og_title":"Kontakt - Biglia","og_description":"[vc_row css_animation=&#8220;&#8220; row_type=&#8220;row&#8220; use_row_as_full_screen_section=&#8220;no&#8220; type=&#8220;full_width&#8220; angled_section=&#8220;no&#8220; text_align=&#8220;left&#8220; background_image_as_pattern=&#8220;without_pattern&#8220;][vc_column][vc_raw_html]JTNDaWZyYW1lJTIwc3JjJTNEJTIyaHR0cHMlM0ElMkYlMkZ3d3cuZ29vZ2xlLmNvbSUyRm1hcHMlMkZlbWJlZCUzRnBiJTNEJTIxMW0xOCUyMTFtMTIlMjExbTMlMjExZDQ1Mjk1LjIxNjkwMTQwNDAzNCUyMTJkOC4zNDAzMTYxNzU5NDk4MzclMjEzZDQ0LjgwMjE4NjA4NTM5MjYlMjEybTMlMjExZjAlMjEyZjAlMjEzZjAlMjEzbTIlMjExaTEwMjQlMjEyaTc2OCUyMTRmMTMuMSUyMTNtMyUyMTFtMiUyMTFzMHg0Nzg3ODVhODY5MWYyMzk1JTI1M0EweDQ0NmZjYjc0ZDcxOTEwN2IlMjEyc09mZmljaW5lJTJCRS4lMkJCaWdsaWElMkIlMjUyNiUyQkMuJTJCUy5QLkEuJTIxNWUwJTIxM20yJTIxMXNpdCUyMTJzaXQlMjE0djE1NjQ0OTQ4MTEwODElMjE1bTIlMjExc2l0JTIxMnNpdCUyMiUyMHdpZHRoJTNEJTIyMTAwJTI1JTIyJTIwaGVpZ2h0JTNEJTIyNDUwJTIyJTIwZnJhbWVib3JkZXIlM0QlMjIwJTIyJTIwc3R5bGUlM0QlMjJib3JkZXIlM0EwJTIyJTIwYWxsb3dmdWxsc2NyZWVuJTNFJTNDJTJGaWZyYW1lJTNF[\/vc_raw_html][\/vc_column][\/vc_row][vc_row css_animation=&#8220;&#8220; row_type=&#8220;row&#8220; use_row_as_full_screen_section=&#8220;no&#8220; type=&#8220;grid&#8220; angled_section=&#8220;no&#8220; text_align=&#8220;left&#8220; background_image_as_pattern=&#8220;without_pattern&#8220; z_index=&#8220;&#8220; css=&#8220;.vc_custom_1573220303699{padding-top: 20px !important;padding-bottom: 50px !important;}&#8220;][vc_column width=&#8220;1\/4&#8243;][vc_single_image image=&#8220;1516&#8243; img_size=&#8220;medium&#8220; qode_css_animation=&#8220;&#8220;][vc_empty_space height=&#8220;30&#8243;][vc_column_text]Officine E. Biglia &amp; C. S.p.a. &nbsp; Via Martiri della Libert\u00e0, 31 14045 Incisa Scapaccino (AT) &nbsp; Tel: + 39...","og_url":"https:\/\/www.bigliaspa.it\/de\/kontakt\/","og_site_name":"Biglia","article_modified_time":"2020-07-29T12:30:21+00:00","twitter_card":"summary_large_image","twitter_misc":{"Gesch\u00e4tzte Lesezeit":"1\u00a0Minute"},"schema":{"@context":"https:\/\/schema.org","@graph":[{"@type":"WebPage","@id":"https:\/\/www.bigliaspa.it\/de\/kontakt\/","url":"https:\/\/www.bigliaspa.it\/de\/kontakt\/","name":"Kontakt - Biglia","isPartOf":{"@id":"https:\/\/www.bigliaspa.it\/#website"},"datePublished":"2017-11-03T09:48:11+00:00","dateModified":"2020-07-29T12:30:21+00:00","breadcrumb":{"@id":"https:\/\/www.bigliaspa.it\/de\/kontakt\/#breadcrumb"},"inLanguage":"de","potentialAction":[{"@type":"ReadAction","target":["https:\/\/www.bigliaspa.it\/de\/kontakt\/"]}]},{"@type":"BreadcrumbList","@id":"https:\/\/www.bigliaspa.it\/de\/kontakt\/#breadcrumb","itemListElement":[{"@type":"ListItem","position":1,"name":"Home","item":"https:\/\/www.bigliaspa.it\/de\/"},{"@type":"ListItem","position":2,"name":"Kontakt"}]},{"@type":"WebSite","@id":"https:\/\/www.bigliaspa.it\/#website","url":"https:\/\/www.bigliaspa.it\/","name":"Biglia","description":"The turning tech","potentialAction":[{"@type":"SearchAction","target":{"@type":"EntryPoint","urlTemplate":"https:\/\/www.bigliaspa.it\/?s={search_term_string}"},"query-input":"required name=search_term_string"}],"inLanguage":"de"}]}},"_links":{"self":[{"href":"https:\/\/www.bigliaspa.it\/de\/wp-json\/wp\/v2\/pages\/2834"}],"collection":[{"href":"https:\/\/www.bigliaspa.it\/de\/wp-json\/wp\/v2\/pages"}],"about":[{"href":"https:\/\/www.bigliaspa.it\/de\/wp-json\/wp\/v2\/types\/page"}],"author":[{"embeddable":true,"href":"https:\/\/www.bigliaspa.it\/de\/wp-json\/wp\/v2\/users\/6"}],"replies":[{"embeddable":true,"href":"https:\/\/www.bigliaspa.it\/de\/wp-json\/wp\/v2\/comments?post=2834"}],"version-history":[{"count":9,"href":"https:\/\/www.bigliaspa.it\/de\/wp-json\/wp\/v2\/pages\/2834\/revisions"}],"predecessor-version":[{"id":3140,"href":"https:\/\/www.bigliaspa.it\/de\/wp-json\/wp\/v2\/pages\/2834\/revisions\/3140"}],"wp:attachment":[{"href":"https:\/\/www.bigliaspa.it\/de\/wp-json\/wp\/v2\/media?parent=2834"}],"curies":[{"name":"wp","href":"https:\/\/api.w.org\/{rel}","templated":true}]}}