{"id":2832,"date":"2020-06-05T10:28:15","date_gmt":"2020-06-05T08:28:15","guid":{"rendered":"http:\/\/www.bigliaspa.it\/service-und-support\/"},"modified":"2023-04-18T21:25:04","modified_gmt":"2023-04-18T19:25:04","slug":"verkauf-und-support","status":"publish","type":"page","link":"https:\/\/www.bigliaspa.it\/de\/verkauf-und-support\/","title":{"rendered":"Verkauf und support"},"content":{"rendered":"<p>[vc_row css_animation=&#8220;&#8220; row_type=&#8220;row&#8220; use_row_as_full_screen_section=&#8220;no&#8220; type=&#8220;grid&#8220; angled_section=&#8220;no&#8220; text_align=&#8220;left&#8220; background_image_as_pattern=&#8220;without_pattern&#8220; z_index=&#8220;&#8220; css=&#8220;.vc_custom_1559209717155{padding-top: 80px !important;padding-bottom: 80px !important;background-color: #ffffff !important;}&#8220;][vc_column][vc_column_text]<\/p>\n<h2>Weltweit in \u00fcber 15 L\u00e4ndern sind wir<\/h2>\n<p>[\/vc_column_text][vc_empty_space height=&#8220;27px&#8220;][vc_row_inner row_type=&#8220;row&#8220; type=&#8220;full_width&#8220; text_align=&#8220;left&#8220; css_animation=&#8220;&#8220;][vc_column_inner width=&#8220;1\/2&#8243;][vc_column_text]Unser Ziel ist dem Kunden nah zu sein, um allen Anforderungen bestens nachzukommen<\/p>\n<p>&nbsp;<\/p>\n<p> Umfassende Unterst\u00fctzung und Ersatzteilservice, um Ihre Maschine unter den besten Betriebsbedingungen instandzuhalten.[\/vc_column_text][vc_empty_space height=&#8220;30px&#8220;][\/vc_column_inner][vc_column_inner width=&#8220;1\/2&#8243;][vc_column_text]Bei Biglia sind immer Experte f\u00fcr Sie da. Mit Tipps zur optimalen Verwendung der Maschinen sowie zur schnellen Wiederherstellung der Funktionalit\u00e4t k\u00f6nnen Sie rechnen.<\/p>\n<p>&nbsp;<\/p>\n<p> Das Biglia Team erf\u00fcllt umgehend Ihre W\u00fcnsche nach Programmierberatung und Bearbeitungsproblemen.[\/vc_column_text][vc_column_text][\/vc_column_text][\/vc_column_inner][\/vc_row_inner][vc_column_text]<\/p>\n<h3>DIENSTLEISTUNGEN<\/h3>\n<p>[\/vc_column_text][vc_empty_space height=&#8220;30px&#8220;][vc_row_inner row_type=&#8220;row&#8220; type=&#8220;full_width&#8220; text_align=&#8220;left&#8220; css_animation=&#8220;&#8220;][vc_column_inner width=&#8220;1\/2&#8243;]<div class=\"q_icon_list\"><span aria-hidden=\"true\" class=\"qode_icon_font_elegant icon_chat qode-ili-icon-holder transparent\" style=\"font-size: 24px;color: #20ab64;\" ><\/span><p style=\"font-size: 20px;\">Call Center<\/p><\/div><div class=\"q_icon_list\"><span aria-hidden=\"true\" class=\"qode_icon_font_elegant icon_book qode-ili-icon-holder transparent\" style=\"font-size: 24px;color: #20ab64;\" ><\/span><p style=\"font-size: 20px;\">Programmierschulungen<\/p><\/div>[\/vc_column_inner][vc_column_inner width=&#8220;1\/2&#8243;]<div class=\"q_icon_list\"><span aria-hidden=\"true\" class=\"qode_icon_font_elegant icon_cog qode-ili-icon-holder transparent\" style=\"font-size: 24px;color: #20ab64;\" ><\/span><p style=\"font-size: 20px;\">Schneller Ersatzteilversorgung<\/p><\/div><div class=\"q_icon_list\"><span aria-hidden=\"true\" class=\"qode_icon_font_elegant icon_cogs qode-ili-icon-holder transparent\" style=\"font-size: 24px;color: #20ab64;\" ><\/span><p style=\"font-size: 20px;\">Support f\u00fcr Bearbeitungsprobleme<\/p><\/div>[\/vc_column_inner][\/vc_row_inner][\/vc_column][\/vc_row][vc_row css_animation=&#8220;&#8220; row_type=&#8220;row&#8220; use_row_as_full_screen_section=&#8220;no&#8220; type=&#8220;full_width&#8220; angled_section=&#8220;no&#8220; text_align=&#8220;left&#8220; background_image_as_pattern=&#8220;without_pattern&#8220;][vc_column][vc_raw_html]PGlmcmFtZSBzcmM9Imh0dHBzOi8vd3d3Lmdvb2dsZS5jb20vbWFwcy9kL2VtYmVkP21pZD0xN3VjLWtCMjBSaWhEXzhEd004eVlwdko0cWlGVmplayZlaGJjPTJFMzEyRiIgd2lkdGg9IjEwMCUiIGhlaWdodD0iNzUwcHgiPjwvaWZyYW1lPg==[\/vc_raw_html][\/vc_column][\/vc_row][vc_row css_animation=&#8220;&#8220; row_type=&#8220;row&#8220; use_row_as_full_screen_section=&#8220;no&#8220; type=&#8220;grid&#8220; angled_section=&#8220;no&#8220; text_align=&#8220;left&#8220; background_image_as_pattern=&#8220;without_pattern&#8220; css=&#8220;.vc_custom_1572428760477{padding-top: 75px !important;padding-bottom: 75px !important;background-image: url(http:\/\/www.bigliaspa.it\/wp-content\/uploads\/2017\/11\/Annual-H-Parallax.jpg?id=284) !important;background-position: center !important;background-repeat: no-repeat !important;background-size: cover !important;}&#8220; z_index=&#8220;&#8220;][vc_column][vc_row_inner row_type=&#8220;row&#8220; type=&#8220;full_width&#8220; text_align=&#8220;left&#8220; css_animation=&#8220;&#8220;][vc_column_inner width=&#8220;4\/6&#8243;][vc_column_text]<\/p>\n<h2>Mehr Informationsbedarf an Biglia CNC-<br \/>\nDrehmaschinen und -Drehzentren?<\/h2>\n<p>[\/vc_column_text][\/vc_column_inner][vc_column_inner width=&#8220;2\/6&#8243; css=&#8220;.vc_custom_1572429106665{padding-top: 10px !important;}&#8220;]\n\n\t<a href=\"https:\/\/www.bigliaspa.it\/de\/kontakt\/\" target=\"_self\" style=\"color: #ffffff;background-color: #21ab64\" class=\"qode-btn qode-btn-medium qode-btn-solid qode-btn-custom-hover-bg qode-btn-custom-hover-color qode-btn-icon qode-btn-icon-square qode-btn-icon-rotate\" data-hover-bg-color=\"#21ab64\" data-hover-color=\"#ffffff\" >\n\t    <span class=\"qode-btn-text\">Kontakt<\/span><span class=\"qode-button-v2-icon-holder\" style=\"font-size: 20px;border-color: #3cc880;background-color: #3cc880\" data-hover-icon-border-color=\"#3cc880\"><span aria-hidden=\"true\" class=\"qode_icon_font_elegant icon_mail qode-button-v2-icon-holder-inner\" ><\/span><\/span>\t<\/a>\n\n[\/vc_column_inner][\/vc_row_inner][vc_empty_space height=&#8220;40px&#8220;][\/vc_column][\/vc_row]<\/p>\n","protected":false},"excerpt":{"rendered":"<p>[vc_row css_animation=&#8220;&#8220; row_type=&#8220;row&#8220; use_row_as_full_screen_section=&#8220;no&#8220; type=&#8220;grid&#8220; angled_section=&#8220;no&#8220; text_align=&#8220;left&#8220; background_image_as_pattern=&#8220;without_pattern&#8220; z_index=&#8220;&#8220; css=&#8220;.vc_custom_1559209717155{padding-top: 80px !important;padding-bottom: 80px !important;background-color: #ffffff !important;}&#8220;][vc_column][vc_column_text] Weltweit in \u00fcber 15 L\u00e4ndern sind wir [\/vc_column_text][vc_empty_space height=&#8220;27px&#8220;][vc_row_inner row_type=&#8220;row&#8220; type=&#8220;full_width&#8220; text_align=&#8220;left&#8220; css_animation=&#8220;&#8220;][vc_column_inner width=&#8220;1\/2&#8243;][vc_column_text]Unser Ziel ist dem Kunden nah zu sein, um allen Anforderungen bestens nachzukommen &nbsp; Umfassende Unterst\u00fctzung&#8230;<\/p>\n","protected":false},"author":6,"featured_media":0,"parent":0,"menu_order":0,"comment_status":"closed","ping_status":"closed","template":"full_width.php","meta":[],"yoast_head":"<!-- This site is optimized with the Yoast SEO plugin v21.8.1 - https:\/\/yoast.com\/wordpress\/plugins\/seo\/ -->\n<title>Biglia Spa - Centri di tornitura di alta qualit\u00e0 | Vendita &amp; Assistenza<\/title>\n<meta name=\"description\" content=\"Perch\u00e9 vogliamo essere vicini ai nostri clienti per fornire l\u2019assistenza adeguata a tutte le necessit\u00e0 e le richieste. Scopri di pi\u00f9..\" \/>\n<meta name=\"robots\" content=\"index, follow, max-snippet:-1, max-image-preview:large, max-video-preview:-1\" \/>\n<link rel=\"canonical\" href=\"https:\/\/www.bigliaspa.it\/assistenza\/\" \/>\n<meta property=\"og:locale\" content=\"de_DE\" \/>\n<meta property=\"og:type\" content=\"article\" \/>\n<meta property=\"og:title\" content=\"Biglia Spa - Centri di tornitura di alta qualit\u00e0 | Vendita &amp; Assistenza\" \/>\n<meta property=\"og:description\" content=\"Perch\u00e9 vogliamo essere vicini ai nostri clienti per fornire l\u2019assistenza adeguata a tutte le necessit\u00e0 e le richieste. Scopri di pi\u00f9..\" \/>\n<meta property=\"og:url\" content=\"https:\/\/www.bigliaspa.it\/assistenza\/\" \/>\n<meta property=\"og:site_name\" content=\"Biglia\" \/>\n<meta property=\"article:modified_time\" content=\"2023-04-18T19:25:04+00:00\" \/>\n<meta name=\"twitter:card\" content=\"summary_large_image\" \/>\n<meta name=\"twitter:label1\" content=\"Gesch\u00e4tzte Lesezeit\" \/>\n\t<meta name=\"twitter:data1\" content=\"3\u00a0Minuten\" \/>\n<script type=\"application\/ld+json\" class=\"yoast-schema-graph\">{\"@context\":\"https:\/\/schema.org\",\"@graph\":[{\"@type\":\"WebPage\",\"@id\":\"https:\/\/www.bigliaspa.it\/assistenza\/\",\"url\":\"https:\/\/www.bigliaspa.it\/assistenza\/\",\"name\":\"Biglia Spa - Centri di tornitura di alta qualit\u00e0 | Vendita & Assistenza\",\"isPartOf\":{\"@id\":\"https:\/\/www.bigliaspa.it\/#website\"},\"datePublished\":\"2020-06-05T08:28:15+00:00\",\"dateModified\":\"2023-04-18T19:25:04+00:00\",\"description\":\"Perch\u00e9 vogliamo essere vicini ai nostri clienti per fornire l\u2019assistenza adeguata a tutte le necessit\u00e0 e le richieste. Scopri di pi\u00f9..\",\"breadcrumb\":{\"@id\":\"https:\/\/www.bigliaspa.it\/assistenza\/#breadcrumb\"},\"inLanguage\":\"de\",\"potentialAction\":[{\"@type\":\"ReadAction\",\"target\":[\"https:\/\/www.bigliaspa.it\/assistenza\/\"]}]},{\"@type\":\"BreadcrumbList\",\"@id\":\"https:\/\/www.bigliaspa.it\/assistenza\/#breadcrumb\",\"itemListElement\":[{\"@type\":\"ListItem\",\"position\":1,\"name\":\"Home\",\"item\":\"https:\/\/www.bigliaspa.it\/de\/\"},{\"@type\":\"ListItem\",\"position\":2,\"name\":\"Verkauf und support\"}]},{\"@type\":\"WebSite\",\"@id\":\"https:\/\/www.bigliaspa.it\/#website\",\"url\":\"https:\/\/www.bigliaspa.it\/\",\"name\":\"Biglia\",\"description\":\"The turning tech\",\"potentialAction\":[{\"@type\":\"SearchAction\",\"target\":{\"@type\":\"EntryPoint\",\"urlTemplate\":\"https:\/\/www.bigliaspa.it\/?s={search_term_string}\"},\"query-input\":\"required name=search_term_string\"}],\"inLanguage\":\"de\"}]}<\/script>\n<!-- \/ Yoast SEO plugin. -->","yoast_head_json":{"title":"Biglia Spa - Centri di tornitura di alta qualit\u00e0 | Vendita & Assistenza","description":"Perch\u00e9 vogliamo essere vicini ai nostri clienti per fornire l\u2019assistenza adeguata a tutte le necessit\u00e0 e le richieste. Scopri di pi\u00f9..","robots":{"index":"index","follow":"follow","max-snippet":"max-snippet:-1","max-image-preview":"max-image-preview:large","max-video-preview":"max-video-preview:-1"},"canonical":"https:\/\/www.bigliaspa.it\/assistenza\/","og_locale":"de_DE","og_type":"article","og_title":"Biglia Spa - Centri di tornitura di alta qualit\u00e0 | Vendita & Assistenza","og_description":"Perch\u00e9 vogliamo essere vicini ai nostri clienti per fornire l\u2019assistenza adeguata a tutte le necessit\u00e0 e le richieste. Scopri di pi\u00f9..","og_url":"https:\/\/www.bigliaspa.it\/assistenza\/","og_site_name":"Biglia","article_modified_time":"2023-04-18T19:25:04+00:00","twitter_card":"summary_large_image","twitter_misc":{"Gesch\u00e4tzte Lesezeit":"3\u00a0Minuten"},"schema":{"@context":"https:\/\/schema.org","@graph":[{"@type":"WebPage","@id":"https:\/\/www.bigliaspa.it\/assistenza\/","url":"https:\/\/www.bigliaspa.it\/assistenza\/","name":"Biglia Spa - Centri di tornitura di alta qualit\u00e0 | Vendita & Assistenza","isPartOf":{"@id":"https:\/\/www.bigliaspa.it\/#website"},"datePublished":"2020-06-05T08:28:15+00:00","dateModified":"2023-04-18T19:25:04+00:00","description":"Perch\u00e9 vogliamo essere vicini ai nostri clienti per fornire l\u2019assistenza adeguata a tutte le necessit\u00e0 e le richieste. Scopri di pi\u00f9..","breadcrumb":{"@id":"https:\/\/www.bigliaspa.it\/assistenza\/#breadcrumb"},"inLanguage":"de","potentialAction":[{"@type":"ReadAction","target":["https:\/\/www.bigliaspa.it\/assistenza\/"]}]},{"@type":"BreadcrumbList","@id":"https:\/\/www.bigliaspa.it\/assistenza\/#breadcrumb","itemListElement":[{"@type":"ListItem","position":1,"name":"Home","item":"https:\/\/www.bigliaspa.it\/de\/"},{"@type":"ListItem","position":2,"name":"Verkauf und support"}]},{"@type":"WebSite","@id":"https:\/\/www.bigliaspa.it\/#website","url":"https:\/\/www.bigliaspa.it\/","name":"Biglia","description":"The turning tech","potentialAction":[{"@type":"SearchAction","target":{"@type":"EntryPoint","urlTemplate":"https:\/\/www.bigliaspa.it\/?s={search_term_string}"},"query-input":"required name=search_term_string"}],"inLanguage":"de"}]}},"_links":{"self":[{"href":"https:\/\/www.bigliaspa.it\/de\/wp-json\/wp\/v2\/pages\/2832"}],"collection":[{"href":"https:\/\/www.bigliaspa.it\/de\/wp-json\/wp\/v2\/pages"}],"about":[{"href":"https:\/\/www.bigliaspa.it\/de\/wp-json\/wp\/v2\/types\/page"}],"author":[{"embeddable":true,"href":"https:\/\/www.bigliaspa.it\/de\/wp-json\/wp\/v2\/users\/6"}],"replies":[{"embeddable":true,"href":"https:\/\/www.bigliaspa.it\/de\/wp-json\/wp\/v2\/comments?post=2832"}],"version-history":[{"count":8,"href":"https:\/\/www.bigliaspa.it\/de\/wp-json\/wp\/v2\/pages\/2832\/revisions"}],"predecessor-version":[{"id":6061,"href":"https:\/\/www.bigliaspa.it\/de\/wp-json\/wp\/v2\/pages\/2832\/revisions\/6061"}],"wp:attachment":[{"href":"https:\/\/www.bigliaspa.it\/de\/wp-json\/wp\/v2\/media?parent=2832"}],"curies":[{"name":"wp","href":"https:\/\/api.w.org\/{rel}","templated":true}]}}