{"id":2818,"date":"2020-06-05T09:51:45","date_gmt":"2020-06-05T07:51:45","guid":{"rendered":"http:\/\/www.bigliaspa.it\/qualitaet\/"},"modified":"2020-07-29T16:21:08","modified_gmt":"2020-07-29T14:21:08","slug":"qualitaet","status":"publish","type":"page","link":"https:\/\/www.bigliaspa.it\/de\/qualitaet\/","title":{"rendered":"Qualit\u00e4t"},"content":{"rendered":"<p>[vc_row css_animation=&#8220;&#8220; row_type=&#8220;row&#8220; use_row_as_full_screen_section=&#8220;no&#8220; type=&#8220;grid&#8220; angled_section=&#8220;no&#8220; text_align=&#8220;left&#8220; background_image_as_pattern=&#8220;without_pattern&#8220; z_index=&#8220;&#8220; css=&#8220;.vc_custom_1559209717155{padding-top: 80px !important;padding-bottom: 80px !important;background-color: #ffffff !important;}&#8220;][vc_column][vc_row_inner row_type=&#8220;row&#8220; type=&#8220;full_width&#8220; text_align=&#8220;left&#8220; css_animation=&#8220;&#8220;][vc_column_inner width=&#8220;1\/2&#8243;][vc_column_text]<\/p>\n<h3>Warum k\u00f6nnen wir die Qualit\u00e4t unserer Produkte garantieren?<\/h3>\n<p>&nbsp;<\/p>\n<p>Die Zuverl\u00e4ssigkeit und Qualit\u00e4t der BIGLIA-Produkte werden garantiert durch:[\/vc_column_text][vc_empty_space height=&#8220;30px&#8220;]<div class=\"q_icon_list\"><span aria-hidden=\"true\" class=\"qode_icon_font_elegant icon_like_alt qode-ili-icon-holder circle\" style=\"color: #20ab64;background-color: rgba(255,255,255,0.01);border-color:#3cc87f;border-style:solid;border-width:1px;\" ><\/span><p style=\"\">ausgew\u00e4hlte und erstklassige Komponente<\/p><\/div><div class=\"q_icon_list\"><span aria-hidden=\"true\" class=\"qode_icon_font_elegant icon_like_alt qode-ili-icon-holder circle\" style=\"color: #20ab64;background-color: rgba(255,255,255,0.01);border-color:#3cc87f;border-style:solid;border-width:1px;\" ><\/span><p style=\"\">sorgf\u00e4ltige Pr\u00fcfkontrolle in der Entwicklungs-, Fertigungs- und Montage-Phasen<\/p><\/div>[\/vc_column_inner][vc_column_inner width=&#8220;1\/2&#8243;]<div class=\"q_icon_list\"><span aria-hidden=\"true\" class=\"qode_icon_font_elegant icon_like_alt qode-ili-icon-holder circle\" style=\"color: #20ab64;background-color: rgba(255,255,255,0.01);border-color:#3cc87f;border-style:solid;border-width:1px;\" ><\/span><p style=\"\">Die Hauptkomponente unserer CNC-Drehmaschinen werden intern entwickelt und gefertigt. Das erlaubt uns die Funktionsergebnisse zu \u00fcberwachen und eventuell n\u00f6tigen Weiterentwicklungen vorzunehmen, damit die optimale Leistung sowie die h\u00f6chste Zuverl\u00e4ssigkeit st\u00e4ndig gew\u00e4hrleistet sind.<\/p><\/div><div class=\"q_icon_list\"><span aria-hidden=\"true\" class=\"qode_icon_font_elegant icon_like_alt qode-ili-icon-holder circle\" style=\"color: #20ab64;background-color: rgba(255,255,255,0.01);border-color:#3cc87f;border-style:solid;border-width:1px;\" ><\/span><p style=\"\">Unsere Produktionsanlagen sind mit den modernsten Technologien ausgestattet, um die Optimierung des Produktions- und Pr\u00fcfprozesses zu erleichtern.<\/p><\/div>[\/vc_column_inner][\/vc_row_inner][\/vc_column][\/vc_row][vc_row css_animation=&#8220;&#8220; row_type=&#8220;row&#8220; use_row_as_full_screen_section=&#8220;no&#8220; type=&#8220;grid&#8220; angled_section=&#8220;no&#8220; text_align=&#8220;left&#8220; background_image_as_pattern=&#8220;without_pattern&#8220; z_index=&#8220;&#8220; css=&#8220;.vc_custom_1580122964465{margin-top: -30px !important;padding-bottom: 30px !important;background-color: #ffffff !important;}&#8220;][vc_column][qode_elements_holder number_of_columns=&#8220;one_column&#8220;][qode_elements_holder_item advanced_animations=&#8220;no&#8220;]<div class=\"qode-advanced-image-gallery  qode-aig-grid-type qode-small-space  qode-image-behavior-lightbox \">\n\t<div class=\"qode-aig-inner qode-outer-space qode-aig-grid qode-aig-three-columns\">\n\t\t\t\t\t<div class=\"qode-aig-image qode-item-space\">\n\t\t\t\t<div class=\"qode-aig-image-inner\">\n\t\t\t\t\t\t\t\t\t\t\t<a itemprop=\"image\" class=\"qode-aig-lightbox\" href=\"https:\/\/www.bigliaspa.it\/wp-content\/uploads\/2020\/02\/Biglia-Spa-Reparto-produttivo-copia.jpg\" data-rel=\"prettyPhoto[image_gallery_pretty_photo-241]\" title=\"Biglia-Spa-Reparto-produttivo-copia\">\n\t\t\t\t\t\t\t\t\t\t\t<img width=\"1200\" height=\"628\" src=\"https:\/\/www.bigliaspa.it\/wp-content\/uploads\/2020\/02\/Biglia-Spa-Reparto-produttivo-copia.jpg\" class=\"attachment-full size-full\" alt=\"\" decoding=\"async\" loading=\"lazy\" srcset=\"https:\/\/www.bigliaspa.it\/wp-content\/uploads\/2020\/02\/Biglia-Spa-Reparto-produttivo-copia.jpg 1200w, https:\/\/www.bigliaspa.it\/wp-content\/uploads\/2020\/02\/Biglia-Spa-Reparto-produttivo-copia-300x157.jpg 300w, https:\/\/www.bigliaspa.it\/wp-content\/uploads\/2020\/02\/Biglia-Spa-Reparto-produttivo-copia-1024x536.jpg 1024w, https:\/\/www.bigliaspa.it\/wp-content\/uploads\/2020\/02\/Biglia-Spa-Reparto-produttivo-copia-768x402.jpg 768w, https:\/\/www.bigliaspa.it\/wp-content\/uploads\/2020\/02\/Biglia-Spa-Reparto-produttivo-copia-700x366.jpg 700w\" sizes=\"(max-width: 1200px) 100vw, 1200px\" \/>\t\t\t\t\t\t<span class=\"aig-gallery-hover\">\n\t\t\t\t\t\t\t\t\t\t\t\t\t\t\t<span class=\"icon-arrows-plus\"><\/span> \n\t\t\t\t\t\t\t\t\t\t\t\t\t<\/span>\n\t\t\t\t\t\t\t\t\t\t\t<\/a>\n\t\t\t\t\t\t\t\t\t<\/div>\n\t\t\t<\/div>\n\t\t\t\t\t<div class=\"qode-aig-image qode-item-space\">\n\t\t\t\t<div class=\"qode-aig-image-inner\">\n\t\t\t\t\t\t\t\t\t\t\t<a itemprop=\"image\" class=\"qode-aig-lightbox\" href=\"https:\/\/www.bigliaspa.it\/wp-content\/uploads\/2020\/02\/Reparto-produttivo-Biglia-Spa-copia.jpg\" data-rel=\"prettyPhoto[image_gallery_pretty_photo-241]\" title=\"Reparto-produttivo-Biglia-Spa-copia\">\n\t\t\t\t\t\t\t\t\t\t\t<img width=\"1200\" height=\"628\" src=\"https:\/\/www.bigliaspa.it\/wp-content\/uploads\/2020\/02\/Reparto-produttivo-Biglia-Spa-copia.jpg\" class=\"attachment-full size-full\" alt=\"\" decoding=\"async\" loading=\"lazy\" srcset=\"https:\/\/www.bigliaspa.it\/wp-content\/uploads\/2020\/02\/Reparto-produttivo-Biglia-Spa-copia.jpg 1200w, https:\/\/www.bigliaspa.it\/wp-content\/uploads\/2020\/02\/Reparto-produttivo-Biglia-Spa-copia-300x157.jpg 300w, https:\/\/www.bigliaspa.it\/wp-content\/uploads\/2020\/02\/Reparto-produttivo-Biglia-Spa-copia-1024x536.jpg 1024w, https:\/\/www.bigliaspa.it\/wp-content\/uploads\/2020\/02\/Reparto-produttivo-Biglia-Spa-copia-768x402.jpg 768w, https:\/\/www.bigliaspa.it\/wp-content\/uploads\/2020\/02\/Reparto-produttivo-Biglia-Spa-copia-700x366.jpg 700w\" sizes=\"(max-width: 1200px) 100vw, 1200px\" \/>\t\t\t\t\t\t<span class=\"aig-gallery-hover\">\n\t\t\t\t\t\t\t\t\t\t\t\t\t\t\t<span class=\"icon-arrows-plus\"><\/span> \n\t\t\t\t\t\t\t\t\t\t\t\t\t<\/span>\n\t\t\t\t\t\t\t\t\t\t\t<\/a>\n\t\t\t\t\t\t\t\t\t<\/div>\n\t\t\t<\/div>\n\t\t\t\t\t<div class=\"qode-aig-image qode-item-space\">\n\t\t\t\t<div class=\"qode-aig-image-inner\">\n\t\t\t\t\t\t\t\t\t\t\t<a itemprop=\"image\" class=\"qode-aig-lightbox\" href=\"https:\/\/www.bigliaspa.it\/wp-content\/uploads\/2020\/02\/Reparto-qalita-e-collaudio-Biglia-Spa-copia.jpg\" data-rel=\"prettyPhoto[image_gallery_pretty_photo-241]\" title=\"Reparto-qalita-e-collaudio-Biglia-Spa-copia\">\n\t\t\t\t\t\t\t\t\t\t\t<img width=\"1200\" height=\"628\" src=\"https:\/\/www.bigliaspa.it\/wp-content\/uploads\/2020\/02\/Reparto-qalita-e-collaudio-Biglia-Spa-copia.jpg\" class=\"attachment-full size-full\" alt=\"\" decoding=\"async\" loading=\"lazy\" srcset=\"https:\/\/www.bigliaspa.it\/wp-content\/uploads\/2020\/02\/Reparto-qalita-e-collaudio-Biglia-Spa-copia.jpg 1200w, https:\/\/www.bigliaspa.it\/wp-content\/uploads\/2020\/02\/Reparto-qalita-e-collaudio-Biglia-Spa-copia-300x157.jpg 300w, https:\/\/www.bigliaspa.it\/wp-content\/uploads\/2020\/02\/Reparto-qalita-e-collaudio-Biglia-Spa-copia-1024x536.jpg 1024w, https:\/\/www.bigliaspa.it\/wp-content\/uploads\/2020\/02\/Reparto-qalita-e-collaudio-Biglia-Spa-copia-768x402.jpg 768w, https:\/\/www.bigliaspa.it\/wp-content\/uploads\/2020\/02\/Reparto-qalita-e-collaudio-Biglia-Spa-copia-700x366.jpg 700w\" sizes=\"(max-width: 1200px) 100vw, 1200px\" \/>\t\t\t\t\t\t<span class=\"aig-gallery-hover\">\n\t\t\t\t\t\t\t\t\t\t\t\t\t\t\t<span class=\"icon-arrows-plus\"><\/span> \n\t\t\t\t\t\t\t\t\t\t\t\t\t<\/span>\n\t\t\t\t\t\t\t\t\t\t\t<\/a>\n\t\t\t\t\t\t\t\t\t<\/div>\n\t\t\t<\/div>\n\t\t\t<\/div>\n<\/div>[\/qode_elements_holder_item][\/qode_elements_holder][\/vc_column][\/vc_row][vc_row css_animation=&#8220;&#8220; row_type=&#8220;row&#8220; use_row_as_full_screen_section=&#8220;no&#8220; type=&#8220;full_width&#8220; angled_section=&#8220;no&#8220; text_align=&#8220;left&#8220; background_image_as_pattern=&#8220;without_pattern&#8220; css=&#8220;.vc_custom_1572442371630{background-color: #21ab64 !important;background-position: center !important;background-repeat: no-repeat !important;background-size: cover !important;}&#8220; z_index=&#8220;&#8220;][vc_column width=&#8220;1\/3&#8243; css=&#8220;.vc_custom_1572442488553{padding-top: 314px !important;background-image: url(http:\/\/www.bigliaspa.it\/wp-content\/uploads\/2019\/10\/lavorazione-basamento.jpg?id=787) !important;background-position: center !important;background-repeat: no-repeat !important;background-size: cover !important;}&#8220;][\/vc_column][vc_column width=&#8220;1\/3&#8243; css=&#8220;.vc_custom_1582013852600{padding-top: 314px !important;background-image: url(http:\/\/www.bigliaspa.it\/wp-content\/uploads\/2020\/02\/macchinario-biglia-copia.jpg?id=2451) !important;background-position: center !important;background-repeat: no-repeat !important;background-size: cover !important;}&#8220;][\/vc_column][vc_column width=&#8220;1\/3&#8243; css=&#8220;.vc_custom_1572442319616{padding-top: 85px !important;padding-right: 60px !important;padding-bottom: 85px !important;padding-left: 60px !important;background-color: #21ab64 !important;background-position: center !important;background-repeat: no-repeat !important;background-size: cover !important;}&#8220;][vc_column_text]<\/p>\n<h5><span style=\"color: #ffffff;\">&#8222;Seit langer Zeit entwickelt und bietet Biglia eine breite Produktpalette von multifunktionalen, Multi-Revolver und 4.0-Ready CNC-Drehzentren, die alle Kundenanforderungen erf\u00fcllen k\u00f6nnen.&#8220;<\/span><\/h5>\n<h4><\/h4>\n<h4 style=\"text-align: right;\"><strong><span style=\"color: #102e50;\"><em>Mauro Biglia<\/em><\/span><\/strong><\/h4>\n<p>[\/vc_column_text][\/vc_column][\/vc_row][vc_row css_animation=&#8220;&#8220; row_type=&#8220;row&#8220; use_row_as_full_screen_section=&#8220;no&#8220; type=&#8220;grid&#8220; angled_section=&#8220;no&#8220; text_align=&#8220;left&#8220; background_image_as_pattern=&#8220;without_pattern&#8220; css=&#8220;.vc_custom_1572428760477{padding-top: 75px !important;padding-bottom: 75px !important;background-image: url(http:\/\/www.bigliaspa.it\/wp-content\/uploads\/2017\/11\/Annual-H-Parallax.jpg?id=284) !important;background-position: center !important;background-repeat: no-repeat !important;background-size: cover !important;}&#8220; z_index=&#8220;&#8220;][vc_column][vc_row_inner row_type=&#8220;row&#8220; type=&#8220;full_width&#8220; text_align=&#8220;left&#8220; css_animation=&#8220;&#8220;][vc_column_inner width=&#8220;4\/6&#8243;][vc_column_text]<\/p>\n<h2>Mehr Informationsbedarf an Biglia CNC-Drehmaschinen und -Drehzentren?<\/h2>\n<p>[\/vc_column_text][\/vc_column_inner][vc_column_inner width=&#8220;2\/6&#8243; css=&#8220;.vc_custom_1572429106665{padding-top: 10px !important;}&#8220;]\n\n\t<a href=\"https:\/\/www.bigliaspa.it\/de\/kontakt\/\" target=\"_self\" style=\"color: #ffffff;background-color: #21ab64\" class=\"qode-btn qode-btn-medium qode-btn-solid qode-btn-custom-hover-bg qode-btn-custom-hover-color qode-btn-icon qode-btn-icon-square qode-btn-icon-rotate\" data-hover-bg-color=\"#21ab64\" data-hover-color=\"#ffffff\" >\n\t    <span class=\"qode-btn-text\">Kontakt<\/span><span class=\"qode-button-v2-icon-holder\" style=\"font-size: 20px;border-color: #3cc880;background-color: #3cc880\" data-hover-icon-border-color=\"#3cc880\"><span aria-hidden=\"true\" class=\"qode_icon_font_elegant icon_mail qode-button-v2-icon-holder-inner\" ><\/span><\/span>\t<\/a>\n\n[\/vc_column_inner][\/vc_row_inner][vc_empty_space height=&#8220;40px&#8220;][\/vc_column][\/vc_row]<\/p>\n","protected":false},"excerpt":{"rendered":"<p>[vc_row css_animation=&#8220;&#8220; row_type=&#8220;row&#8220; use_row_as_full_screen_section=&#8220;no&#8220; type=&#8220;grid&#8220; angled_section=&#8220;no&#8220; text_align=&#8220;left&#8220; background_image_as_pattern=&#8220;without_pattern&#8220; z_index=&#8220;&#8220; css=&#8220;.vc_custom_1559209717155{padding-top: 80px !important;padding-bottom: 80px !important;background-color: #ffffff !important;}&#8220;][vc_column][vc_row_inner row_type=&#8220;row&#8220; type=&#8220;full_width&#8220; text_align=&#8220;left&#8220; css_animation=&#8220;&#8220;][vc_column_inner width=&#8220;1\/2&#8243;][vc_column_text] Warum k\u00f6nnen wir die Qualit\u00e4t unserer Produkte garantieren? &nbsp; Die Zuverl\u00e4ssigkeit und Qualit\u00e4t der BIGLIA-Produkte werden garantiert durch:[\/vc_column_text][vc_empty_space height=&#8220;30px&#8220;][\/vc_column_inner][vc_column_inner width=&#8220;1\/2&#8243;][\/vc_column_inner][\/vc_row_inner][\/vc_column][\/vc_row][vc_row css_animation=&#8220;&#8220; row_type=&#8220;row&#8220; use_row_as_full_screen_section=&#8220;no&#8220; type=&#8220;grid&#8220;&#8230;<\/p>\n","protected":false},"author":6,"featured_media":0,"parent":0,"menu_order":0,"comment_status":"closed","ping_status":"closed","template":"full_width.php","meta":[],"yoast_head":"<!-- This site is optimized with the Yoast SEO plugin v21.8.1 - https:\/\/yoast.com\/wordpress\/plugins\/seo\/ -->\n<title>Qualit\u00e4t - Biglia<\/title>\n<meta name=\"robots\" content=\"index, follow, max-snippet:-1, max-image-preview:large, max-video-preview:-1\" \/>\n<link rel=\"canonical\" href=\"https:\/\/www.bigliaspa.it\/de\/qualitaet\/\" \/>\n<meta property=\"og:locale\" content=\"de_DE\" \/>\n<meta property=\"og:type\" content=\"article\" \/>\n<meta property=\"og:title\" content=\"Qualit\u00e4t - Biglia\" \/>\n<meta property=\"og:description\" content=\"[vc_row css_animation=&#8220;&#8220; row_type=&#8220;row&#8220; use_row_as_full_screen_section=&#8220;no&#8220; type=&#8220;grid&#8220; angled_section=&#8220;no&#8220; text_align=&#8220;left&#8220; background_image_as_pattern=&#8220;without_pattern&#8220; z_index=&#8220;&#8220; css=&#8220;.vc_custom_1559209717155{padding-top: 80px !important;padding-bottom: 80px !important;background-color: #ffffff !important;}&#8220;][vc_column][vc_row_inner row_type=&#8220;row&#8220; type=&#8220;full_width&#8220; text_align=&#8220;left&#8220; css_animation=&#8220;&#8220;][vc_column_inner width=&#8220;1\/2&#8243;][vc_column_text] Warum k\u00f6nnen wir die Qualit\u00e4t unserer Produkte garantieren? &nbsp; Die Zuverl\u00e4ssigkeit und Qualit\u00e4t der BIGLIA-Produkte werden garantiert durch:[\/vc_column_text][vc_empty_space height=&#8220;30px&#8220;][\/vc_column_inner][vc_column_inner width=&#8220;1\/2&#8243;][\/vc_column_inner][\/vc_row_inner][\/vc_column][\/vc_row][vc_row css_animation=&#8220;&#8220; row_type=&#8220;row&#8220; use_row_as_full_screen_section=&#8220;no&#8220; type=&#8220;grid&#8220;...\" \/>\n<meta property=\"og:url\" content=\"https:\/\/www.bigliaspa.it\/de\/qualitaet\/\" \/>\n<meta property=\"og:site_name\" content=\"Biglia\" \/>\n<meta property=\"article:modified_time\" content=\"2020-07-29T14:21:08+00:00\" \/>\n<meta name=\"twitter:card\" content=\"summary_large_image\" \/>\n<meta name=\"twitter:label1\" content=\"Gesch\u00e4tzte Lesezeit\" \/>\n\t<meta name=\"twitter:data1\" content=\"4\u00a0Minuten\" \/>\n<script type=\"application\/ld+json\" class=\"yoast-schema-graph\">{\"@context\":\"https:\/\/schema.org\",\"@graph\":[{\"@type\":\"WebPage\",\"@id\":\"https:\/\/www.bigliaspa.it\/de\/qualitaet\/\",\"url\":\"https:\/\/www.bigliaspa.it\/de\/qualitaet\/\",\"name\":\"Qualit\u00e4t - Biglia\",\"isPartOf\":{\"@id\":\"https:\/\/www.bigliaspa.it\/#website\"},\"datePublished\":\"2020-06-05T07:51:45+00:00\",\"dateModified\":\"2020-07-29T14:21:08+00:00\",\"breadcrumb\":{\"@id\":\"https:\/\/www.bigliaspa.it\/de\/qualitaet\/#breadcrumb\"},\"inLanguage\":\"de\",\"potentialAction\":[{\"@type\":\"ReadAction\",\"target\":[\"https:\/\/www.bigliaspa.it\/de\/qualitaet\/\"]}]},{\"@type\":\"BreadcrumbList\",\"@id\":\"https:\/\/www.bigliaspa.it\/de\/qualitaet\/#breadcrumb\",\"itemListElement\":[{\"@type\":\"ListItem\",\"position\":1,\"name\":\"Home\",\"item\":\"https:\/\/www.bigliaspa.it\/de\/\"},{\"@type\":\"ListItem\",\"position\":2,\"name\":\"Qualit\u00e4t\"}]},{\"@type\":\"WebSite\",\"@id\":\"https:\/\/www.bigliaspa.it\/#website\",\"url\":\"https:\/\/www.bigliaspa.it\/\",\"name\":\"Biglia\",\"description\":\"The turning tech\",\"potentialAction\":[{\"@type\":\"SearchAction\",\"target\":{\"@type\":\"EntryPoint\",\"urlTemplate\":\"https:\/\/www.bigliaspa.it\/?s={search_term_string}\"},\"query-input\":\"required name=search_term_string\"}],\"inLanguage\":\"de\"}]}<\/script>\n<!-- \/ Yoast SEO plugin. -->","yoast_head_json":{"title":"Qualit\u00e4t - Biglia","robots":{"index":"index","follow":"follow","max-snippet":"max-snippet:-1","max-image-preview":"max-image-preview:large","max-video-preview":"max-video-preview:-1"},"canonical":"https:\/\/www.bigliaspa.it\/de\/qualitaet\/","og_locale":"de_DE","og_type":"article","og_title":"Qualit\u00e4t - Biglia","og_description":"[vc_row css_animation=&#8220;&#8220; row_type=&#8220;row&#8220; use_row_as_full_screen_section=&#8220;no&#8220; type=&#8220;grid&#8220; angled_section=&#8220;no&#8220; text_align=&#8220;left&#8220; background_image_as_pattern=&#8220;without_pattern&#8220; z_index=&#8220;&#8220; css=&#8220;.vc_custom_1559209717155{padding-top: 80px !important;padding-bottom: 80px !important;background-color: #ffffff !important;}&#8220;][vc_column][vc_row_inner row_type=&#8220;row&#8220; type=&#8220;full_width&#8220; text_align=&#8220;left&#8220; css_animation=&#8220;&#8220;][vc_column_inner width=&#8220;1\/2&#8243;][vc_column_text] Warum k\u00f6nnen wir die Qualit\u00e4t unserer Produkte garantieren? &nbsp; Die Zuverl\u00e4ssigkeit und Qualit\u00e4t der BIGLIA-Produkte werden garantiert durch:[\/vc_column_text][vc_empty_space height=&#8220;30px&#8220;][\/vc_column_inner][vc_column_inner width=&#8220;1\/2&#8243;][\/vc_column_inner][\/vc_row_inner][\/vc_column][\/vc_row][vc_row css_animation=&#8220;&#8220; row_type=&#8220;row&#8220; use_row_as_full_screen_section=&#8220;no&#8220; type=&#8220;grid&#8220;...","og_url":"https:\/\/www.bigliaspa.it\/de\/qualitaet\/","og_site_name":"Biglia","article_modified_time":"2020-07-29T14:21:08+00:00","twitter_card":"summary_large_image","twitter_misc":{"Gesch\u00e4tzte Lesezeit":"4\u00a0Minuten"},"schema":{"@context":"https:\/\/schema.org","@graph":[{"@type":"WebPage","@id":"https:\/\/www.bigliaspa.it\/de\/qualitaet\/","url":"https:\/\/www.bigliaspa.it\/de\/qualitaet\/","name":"Qualit\u00e4t - Biglia","isPartOf":{"@id":"https:\/\/www.bigliaspa.it\/#website"},"datePublished":"2020-06-05T07:51:45+00:00","dateModified":"2020-07-29T14:21:08+00:00","breadcrumb":{"@id":"https:\/\/www.bigliaspa.it\/de\/qualitaet\/#breadcrumb"},"inLanguage":"de","potentialAction":[{"@type":"ReadAction","target":["https:\/\/www.bigliaspa.it\/de\/qualitaet\/"]}]},{"@type":"BreadcrumbList","@id":"https:\/\/www.bigliaspa.it\/de\/qualitaet\/#breadcrumb","itemListElement":[{"@type":"ListItem","position":1,"name":"Home","item":"https:\/\/www.bigliaspa.it\/de\/"},{"@type":"ListItem","position":2,"name":"Qualit\u00e4t"}]},{"@type":"WebSite","@id":"https:\/\/www.bigliaspa.it\/#website","url":"https:\/\/www.bigliaspa.it\/","name":"Biglia","description":"The turning tech","potentialAction":[{"@type":"SearchAction","target":{"@type":"EntryPoint","urlTemplate":"https:\/\/www.bigliaspa.it\/?s={search_term_string}"},"query-input":"required name=search_term_string"}],"inLanguage":"de"}]}},"_links":{"self":[{"href":"https:\/\/www.bigliaspa.it\/de\/wp-json\/wp\/v2\/pages\/2818"}],"collection":[{"href":"https:\/\/www.bigliaspa.it\/de\/wp-json\/wp\/v2\/pages"}],"about":[{"href":"https:\/\/www.bigliaspa.it\/de\/wp-json\/wp\/v2\/types\/page"}],"author":[{"embeddable":true,"href":"https:\/\/www.bigliaspa.it\/de\/wp-json\/wp\/v2\/users\/6"}],"replies":[{"embeddable":true,"href":"https:\/\/www.bigliaspa.it\/de\/wp-json\/wp\/v2\/comments?post=2818"}],"version-history":[{"count":4,"href":"https:\/\/www.bigliaspa.it\/de\/wp-json\/wp\/v2\/pages\/2818\/revisions"}],"predecessor-version":[{"id":3266,"href":"https:\/\/www.bigliaspa.it\/de\/wp-json\/wp\/v2\/pages\/2818\/revisions\/3266"}],"wp:attachment":[{"href":"https:\/\/www.bigliaspa.it\/de\/wp-json\/wp\/v2\/media?parent=2818"}],"curies":[{"name":"wp","href":"https:\/\/api.w.org\/{rel}","templated":true}]}}