{"id":2798,"date":"2020-06-05T09:38:19","date_gmt":"2020-06-05T07:38:19","guid":{"rendered":"http:\/\/www.bigliaspa.it\/historie\/"},"modified":"2020-06-05T09:38:19","modified_gmt":"2020-06-05T07:38:19","slug":"historie","status":"publish","type":"page","link":"https:\/\/www.bigliaspa.it\/de\/historie\/","title":{"rendered":"Historie"},"content":{"rendered":"<p>[vc_row css_animation=&#8220;&#8220; row_type=&#8220;row&#8220; use_row_as_full_screen_section=&#8220;no&#8220; type=&#8220;full_width&#8220; angled_section=&#8220;no&#8220; text_align=&#8220;left&#8220; background_image_as_pattern=&#8220;without_pattern&#8220;][vc_column][vc_row_inner row_type=&#8220;row&#8220; type=&#8220;full_width&#8220; text_align=&#8220;left&#8220; css_animation=&#8220;&#8220;][vc_column_inner][vc_single_image image=&#8220;1423&#8243; img_size=&#8220;80&#215;80&#8243; alignment=&#8220;center&#8220; qode_css_animation=&#8220;&#8220;][vc_column_text]<\/p>\n<h2 style=\"text-align: center;\">Die Entwicklungsstufen von der<\/h2>\n<h2 style=\"text-align: center;\">Biglia Produktreihe<\/h2>\n<p>[\/vc_column_text][\/vc_column_inner][\/vc_row_inner][vc_column_text]<!========= Cool Timeline PRO 3.2 =========><div style=\"opacity:0;\" \n    data-showposts=\"40\"\n     class=\"cool_timeline cool-timeline-wrapper both-sided-wrapper white-timeline-wrapper main-default\" \n     id=\"tm-default-default-11\"  \n     data-pagination=\"yes\"  \n     data-pagination-position=\"right\"><div class=\"cool-timeline ultimate-style  white-timeline\"><div  class=\"filter-preloaders\"><img src=\"https:\/\/www.bigliaspa.it\/wp-content\/plugins\/cool-timeline-pro\/\/assets\/images\/clt-compact-preloader.gif\"><\/div><div data-animations=\"none\"  id=\"timeline-timeline-stories\" class=\"cooltimeline_cont  clearfix icons_no\"><div data-cls=\"sc-nv-default white-timeline\" class=\"timeline-year scrollable-section default-year\"data-section-title=\"2020\" id=\"year-2020\"><span  class=\"ctl-timeline-date\">2020<\/span><\/div><!-- .timeline-post-start--><div   data-alternate=\"0\" id=\"story-2817\" class=\"timeline-post even light-grey-post icons_no post-2817  default-meta\"><div   data-aos=\"none\" class=\"timeline-meta\"><div class=\"meta-details\"><\/div><\/div><div  data-aos=\"none\" class=\"timeline-icon icon-dot-full default-dot\"><div class=\"timeline-bar\"><\/div><\/div><div  data-aos=\"none\"  class=\"timeline-content  clearfix even  full default-content \"><h2 class=\"content-title\">1958<\/h2><div class=\"ctl_info event-description full\"><div class=\"content-details\"><p>1958 besch\u00e4ftigt sich Biglia zun\u00e4chst mit der Fertigung von S\u00e4ge- und Sondermaschinen.<\/p><\/div><\/div><\/div><!-- timeline content --><\/div>\n        <!-- .timeline-post-end --><div data-cls=\"sc-nv-default white-timeline\" class=\"timeline-year scrollable-section default-year\"data-section-title=\"2018\" id=\"year-2018\"><span  class=\"ctl-timeline-date\">2018<\/span><\/div><!-- .timeline-post-start--><div   data-alternate=\"1\" id=\"story-2801\" class=\"timeline-post odd light-grey-post icons_no post-2801 story-cat-20  default-meta\"><div   data-aos=\"none\" class=\"timeline-meta\"><div class=\"meta-details\"><\/div><\/div><div  data-aos=\"none\" class=\"timeline-icon icon-dot-full default-dot\"><div class=\"timeline-bar\"><\/div><\/div><div  data-aos=\"none\"  class=\"timeline-content  clearfix odd  full default-content \"><h2 class=\"content-title\">2018<\/h2><div class=\"ctl_info event-description full\"><div class=\"content-details\"><p>2018: Die B620-Baureihe entspricht der bew\u00e4hrten Bauweise eines Multifunktions-Drehzentrums. Eine Besonderheit ist der Werkzeugrevolver mit 15 Stationen.<\/p><\/div><\/div><\/div><!-- timeline content --><\/div>\n        <!-- .timeline-post-end --><div data-cls=\"sc-nv-default white-timeline\" class=\"timeline-year scrollable-section default-year\"data-section-title=\"2013\" id=\"year-2013\"><span  class=\"ctl-timeline-date\">2013<\/span><\/div><!-- .timeline-post-start--><div   data-alternate=\"2\" id=\"story-2802\" class=\"timeline-post even light-grey-post icons_no post-2802 story-cat-20  default-meta\"><div   data-aos=\"none\" class=\"timeline-meta\"><div class=\"meta-details\"><\/div><\/div><div  data-aos=\"none\" class=\"timeline-icon icon-dot-full default-dot\"><div class=\"timeline-bar\"><\/div><\/div><div  data-aos=\"none\"  class=\"timeline-content  clearfix even  full default-content \"><h2 class=\"content-title\">2013<\/h2><div class=\"ctl_info event-description full\"><div class=\"content-details\"><p>2013: Die Einspindel-CNC-Drehzentren von der Serie B750-B1250 sind mit einem 16-fach Revolver ausger\u00fcstet. Das Kernst\u00fcck dieser Maschinenbaureihe ist der Revolver mit integriertem Antriebsmotor zum Bet\u00e4tigen der angetriebenen Werkzeuge.<\/p><\/div><\/div><\/div><!-- timeline content --><\/div>\n        <!-- .timeline-post-end --><div data-cls=\"sc-nv-default white-timeline\" class=\"timeline-year scrollable-section default-year\"data-section-title=\"2010\" id=\"year-2010\"><span  class=\"ctl-timeline-date\">2010<\/span><\/div><!-- .timeline-post-start--><div   data-alternate=\"3\" id=\"story-2803\" class=\"timeline-post odd light-grey-post icons_no post-2803 story-cat-20  default-meta\"><div   data-aos=\"none\" class=\"timeline-meta\"><div class=\"meta-details\"><\/div><\/div><div  data-aos=\"none\" class=\"timeline-icon icon-dot-full default-dot\"><div class=\"timeline-bar\"><\/div><\/div><div  data-aos=\"none\"  class=\"timeline-content  clearfix odd  full default-content \"><h2 class=\"content-title\">2010<\/h2><div class=\"ctl_info event-description full\"><div class=\"content-details\"><p>2010: Die B438 Y2 ist das neue, kompakte und doppelspindlige Drehzentrum mit zwei Revolvern.<\/p><\/div><\/div><\/div><!-- timeline content --><\/div>\n        <!-- .timeline-post-end --><div data-cls=\"sc-nv-default white-timeline\" class=\"timeline-year scrollable-section default-year\"data-section-title=\"2008\" id=\"year-2008\"><span  class=\"ctl-timeline-date\">2008<\/span><\/div><!-- .timeline-post-start--><div   data-alternate=\"4\" id=\"story-2804\" class=\"timeline-post even light-grey-post icons_no post-2804 story-cat-20  default-meta\"><div   data-aos=\"none\" class=\"timeline-meta\"><div class=\"meta-details\"><\/div><\/div><div  data-aos=\"none\" class=\"timeline-icon icon-dot-full default-dot\"><div class=\"timeline-bar\"><\/div><\/div><div  data-aos=\"none\"  class=\"timeline-content  clearfix even  full default-content \"><h2 class=\"content-title\">2008<\/h2><div class=\"ctl_info event-description full\"><div class=\"content-details\"><p>2008: Mit den neuen B446 \/ B465 Drehzentren kommt Biglia zur dritten Generation von der QUATTRO2-Baureihe.<\/p><\/div><\/div><\/div><!-- timeline content --><\/div>\n        <!-- .timeline-post-end --><div data-cls=\"sc-nv-default white-timeline\" class=\"timeline-year scrollable-section default-year\"data-section-title=\"2006\" id=\"year-2006\"><span  class=\"ctl-timeline-date\">2006<\/span><\/div><!-- .timeline-post-start--><div   data-alternate=\"5\" id=\"story-2805\" class=\"timeline-post odd light-grey-post icons_no post-2805 story-cat-20  default-meta\"><div   data-aos=\"none\" class=\"timeline-meta\"><div class=\"meta-details\"><\/div><\/div><div  data-aos=\"none\" class=\"timeline-icon icon-dot-full default-dot\"><div class=\"timeline-bar\"><\/div><\/div><div  data-aos=\"none\"  class=\"timeline-content  clearfix odd  full default-content \"><h2 class=\"content-title\">2006<\/h2><div class=\"ctl_info event-description full\"><div class=\"content-details\"><p>2006: die neue Serie der multifunktionalen Dreh-\/Fr\u00e4szentren SMART TURN II.<\/p><\/div><\/div><\/div><!-- timeline content --><\/div>\n        <!-- .timeline-post-end --><div data-cls=\"sc-nv-default white-timeline\" class=\"timeline-year scrollable-section default-year\"data-section-title=\"2004\" id=\"year-2004\"><span  class=\"ctl-timeline-date\">2004<\/span><\/div><!-- .timeline-post-start--><div   data-alternate=\"6\" id=\"story-2806\" class=\"timeline-post even light-grey-post icons_no post-2806 story-cat-20  default-meta\"><div   data-aos=\"none\" class=\"timeline-meta\"><div class=\"meta-details\"><\/div><\/div><div  data-aos=\"none\" class=\"timeline-icon icon-dot-full default-dot\"><div class=\"timeline-bar\"><\/div><\/div><div  data-aos=\"none\"  class=\"timeline-content  clearfix even  full default-content \"><h2 class=\"content-title\">2004<\/h2><div class=\"ctl_info event-description full\"><div class=\"content-details\"><p>2004: Pr\u00e4sentation des 765 Y3 Drehzentrums mit drei Revolvern und drei Y-Achsen.<\/p><\/div><\/div><\/div><!-- timeline content --><\/div>\n        <!-- .timeline-post-end --><div data-cls=\"sc-nv-default white-timeline\" class=\"timeline-year scrollable-section default-year\"data-section-title=\"2000\" id=\"year-2000\"><span  class=\"ctl-timeline-date\">2000<\/span><\/div><!-- .timeline-post-start--><div   data-alternate=\"7\" id=\"story-2807\" class=\"timeline-post odd light-grey-post icons_no post-2807 story-cat-20  default-meta\"><div   data-aos=\"none\" class=\"timeline-meta\"><div class=\"meta-details\"><\/div><\/div><div  data-aos=\"none\" class=\"timeline-icon icon-dot-full default-dot\"><div class=\"timeline-bar\"><\/div><\/div><div  data-aos=\"none\"  class=\"timeline-content  clearfix odd  full default-content \"><h2 class=\"content-title\">2000<\/h2><div class=\"ctl_info event-description full\"><div class=\"content-details\"><p>2000: mit den CNC-Drehzentren B445-B470 mit der Y-Achse kommt Biglia zur zweiten Generation der QUATTRO-Baureihe.<\/p><\/div><\/div><\/div><!-- timeline content --><\/div>\n        <!-- .timeline-post-end --><div data-cls=\"sc-nv-default white-timeline\" class=\"timeline-year scrollable-section default-year\"data-section-title=\"1998\" id=\"year-1998\"><span  class=\"ctl-timeline-date\">1998<\/span><\/div><!-- .timeline-post-start--><div   data-alternate=\"8\" id=\"story-2808\" class=\"timeline-post even light-grey-post icons_no post-2808 story-cat-20  default-meta\"><div   data-aos=\"none\" class=\"timeline-meta\"><div class=\"meta-details\"><\/div><\/div><div  data-aos=\"none\" class=\"timeline-icon icon-dot-full default-dot\"><div class=\"timeline-bar\"><\/div><\/div><div  data-aos=\"none\"  class=\"timeline-content  clearfix even  full default-content \"><h2 class=\"content-title\">1998<\/h2><div class=\"ctl_info event-description full\"><div class=\"content-details\"><p>1998: Die B301 ist entwickelt. Eine kleine Drehmaschine zur Stangen- und Futterbearbeitung mit hoher Schaltzeit.<\/p><\/div><\/div><\/div><!-- timeline content --><\/div>\n        <!-- .timeline-post-end --><div data-cls=\"sc-nv-default white-timeline\" class=\"timeline-year scrollable-section default-year\"data-section-title=\"1997\" id=\"year-1997\"><span  class=\"ctl-timeline-date\">1997<\/span><\/div><!-- .timeline-post-start--><div   data-alternate=\"9\" id=\"story-2809\" class=\"timeline-post odd light-grey-post icons_no post-2809 story-cat-20  default-meta\"><div   data-aos=\"none\" class=\"timeline-meta\"><div class=\"meta-details\"><\/div><\/div><div  data-aos=\"none\" class=\"timeline-icon icon-dot-full default-dot\"><div class=\"timeline-bar\"><\/div><\/div><div  data-aos=\"none\"  class=\"timeline-content  clearfix odd  full default-content \"><h2 class=\"content-title\">1997<\/h2><div class=\"ctl_info event-description full\"><div class=\"content-details\"><p>1997: die erste Maschinenversion mit der Y-Achse (B501Y-YS) wird pr\u00e4sentiert.<\/p><\/div><\/div><\/div><!-- timeline content --><\/div>\n        <!-- .timeline-post-end --><div data-cls=\"sc-nv-default white-timeline\" class=\"timeline-year scrollable-section default-year\"data-section-title=\"1990\" id=\"year-1990\"><span  class=\"ctl-timeline-date\">1990<\/span><\/div><!-- .timeline-post-start--><div   data-alternate=\"10\" id=\"story-2810\" class=\"timeline-post even light-grey-post icons_no post-2810 story-cat-20  default-meta\"><div   data-aos=\"none\" class=\"timeline-meta\"><div class=\"meta-details\"><\/div><\/div><div  data-aos=\"none\" class=\"timeline-icon icon-dot-full default-dot\"><div class=\"timeline-bar\"><\/div><\/div><div  data-aos=\"none\"  class=\"timeline-content  clearfix even  full default-content \"><h2 class=\"content-title\">1990<\/h2><div class=\"ctl_info event-description full\"><div class=\"content-details\"><p>1990: Die erste Pr\u00e4sentation von der QUATTRO Baureihe: die B42\/B56 Doppelrevolver-Drehzentren mit der Subspindel, besonders geeignet f\u00fcr die Komplett-Stangenbearbeitung.<\/p><\/div><\/div><\/div><!-- timeline content --><\/div>\n        <!-- .timeline-post-end --><div data-cls=\"sc-nv-default white-timeline\" class=\"timeline-year scrollable-section default-year\"data-section-title=\"1985\" id=\"year-1985\"><span  class=\"ctl-timeline-date\">1985<\/span><\/div><!-- .timeline-post-start--><div   data-alternate=\"11\" id=\"story-2811\" class=\"timeline-post odd light-grey-post icons_no post-2811 story-cat-20  default-meta\"><div   data-aos=\"none\" class=\"timeline-meta\"><div class=\"meta-details\"><\/div><\/div><div  data-aos=\"none\" class=\"timeline-icon icon-dot-full default-dot\"><div class=\"timeline-bar\"><\/div><\/div><div  data-aos=\"none\"  class=\"timeline-content  clearfix odd  full default-content \"><h2 class=\"content-title\">1985<\/h2><div class=\"ctl_info event-description full\"><div class=\"content-details\"><p>1985: Biglia begann Sondermaschinen mit automatischen Lade-Systemen f\u00fcr die Automobil-Industrie zu herstellen.<\/p><\/div><\/div><\/div><!-- timeline content --><\/div>\n        <!-- .timeline-post-end --><div data-cls=\"sc-nv-default white-timeline\" class=\"timeline-year scrollable-section default-year\"data-section-title=\"1980\" id=\"year-1980\"><span  class=\"ctl-timeline-date\">1980<\/span><\/div><!-- .timeline-post-start--><div   data-alternate=\"12\" id=\"story-2813\" class=\"timeline-post even light-grey-post icons_no post-2813 story-cat-20  default-meta\"><div   data-aos=\"none\" class=\"timeline-meta\"><div class=\"meta-details\"><\/div><\/div><div  data-aos=\"none\" class=\"timeline-icon icon-dot-full default-dot\"><div class=\"timeline-bar\"><\/div><\/div><div  data-aos=\"none\"  class=\"timeline-content  clearfix even  full default-content \"><h2 class=\"content-title\">1980<\/h2><div class=\"ctl_info event-description full\"><div class=\"content-details\"><p>1980: die B130 Drehmaschine ist zum ersten Mal mit einer CNC Steuerung und dem ersten Portallader ausgestattet.<\/p><\/div><\/div><\/div><!-- timeline content --><\/div>\n        <!-- .timeline-post-end --><!-- .timeline-post-start--><div   data-alternate=\"13\" id=\"story-2814\" class=\"timeline-post odd light-grey-post icons_no post-2814 story-cat-20  default-meta\"><div   data-aos=\"none\" class=\"timeline-meta\"><div class=\"meta-details\"><\/div><\/div><div  data-aos=\"none\" class=\"timeline-icon icon-dot-full default-dot\"><div class=\"timeline-bar\"><\/div><\/div><div  data-aos=\"none\"  class=\"timeline-content  clearfix odd  full default-content \"><h2 class=\"content-title\">80er<\/h2><div class=\"ctl_info event-description full\"><div class=\"content-details\"><p>In der 80er wird die B131 Drehmaschine pr\u00e4sentiert, bei der die Gegenspindel und die angetriebenen Werkzeuge im Einsatz kommen.<\/p><\/div><\/div><\/div><!-- timeline content --><\/div>\n        <!-- .timeline-post-end --><div data-cls=\"sc-nv-default white-timeline\" class=\"timeline-year scrollable-section default-year\"data-section-title=\"1970\" id=\"year-1970\"><span  class=\"ctl-timeline-date\">1970<\/span><\/div><!-- .timeline-post-start--><div   data-alternate=\"14\" id=\"story-2815\" class=\"timeline-post even light-grey-post icons_no post-2815 story-cat-20  default-meta\"><div   data-aos=\"none\" class=\"timeline-meta\"><div class=\"meta-details\"><\/div><\/div><div  data-aos=\"none\" class=\"timeline-icon icon-dot-full default-dot\"><div class=\"timeline-bar\"><\/div><\/div><div  data-aos=\"none\"  class=\"timeline-content  clearfix even  full default-content \"><h2 class=\"content-title\">1970<\/h2><div class=\"ctl_info event-description full\"><div class=\"content-details\"><p>1970: das Jahr der HRA 105\/4 Kopiermaschine; das erste Maschinenmodell f\u00fcr die Serienfertigung.<\/p><\/div><\/div><\/div><!-- timeline content --><\/div>\n        <!-- .timeline-post-end --><div data-cls=\"sc-nv-default white-timeline\" class=\"timeline-year scrollable-section default-year\"data-section-title=\"1964\" id=\"year-1964\"><span  class=\"ctl-timeline-date\">1964<\/span><\/div><!-- .timeline-post-start--><div   data-alternate=\"15\" id=\"story-2816\" class=\"timeline-post odd light-grey-post icons_no post-2816 story-cat-20  default-meta\"><div   data-aos=\"none\" class=\"timeline-meta\"><div class=\"meta-details\"><\/div><\/div><div  data-aos=\"none\" class=\"timeline-icon icon-dot-full default-dot\"><div class=\"timeline-bar\"><\/div><\/div><div  data-aos=\"none\"  class=\"timeline-content  clearfix odd  full default-content \"><h2 class=\"content-title\">1964<\/h2><div class=\"ctl_info event-description full\"><div class=\"content-details\"><p>1964 startet Biglia die Serienfertigung von den ersten automatischen Drehmaschinen. Das Maschinenmodell HRA 65 wird pr\u00e4sentiert.<\/p><\/div><\/div><\/div><!-- timeline content --><\/div>\n        <!-- .timeline-post-end --><div  class=\"end-timeline clearfix\"><\/div><\/div><\/div><\/div>  <!-- end\n================================================== --><style type=\"text\/css\"><\/style>[\/vc_column_text][\/vc_column][\/vc_row]<\/p>\n","protected":false},"excerpt":{"rendered":"<p>[vc_row css_animation=&#8220;&#8220; row_type=&#8220;row&#8220; use_row_as_full_screen_section=&#8220;no&#8220; type=&#8220;full_width&#8220; angled_section=&#8220;no&#8220; text_align=&#8220;left&#8220; background_image_as_pattern=&#8220;without_pattern&#8220;][vc_column][vc_row_inner row_type=&#8220;row&#8220; type=&#8220;full_width&#8220; text_align=&#8220;left&#8220; css_animation=&#8220;&#8220;][vc_column_inner][vc_single_image image=&#8220;1423&#8243; img_size=&#8220;80&#215;80&#8243; alignment=&#8220;center&#8220; qode_css_animation=&#8220;&#8220;][vc_column_text] Die Entwicklungsstufen von der Biglia Produktreihe [\/vc_column_text][\/vc_column_inner][\/vc_row_inner][vc_column_text][\/vc_column_text][\/vc_column][\/vc_row]<\/p>\n","protected":false},"author":6,"featured_media":0,"parent":0,"menu_order":0,"comment_status":"closed","ping_status":"closed","template":"full_width.php","meta":[],"yoast_head":"<!-- This site is optimized with the Yoast SEO plugin v21.8.1 - https:\/\/yoast.com\/wordpress\/plugins\/seo\/ -->\n<title>Historie - Biglia<\/title>\n<meta name=\"robots\" content=\"index, follow, max-snippet:-1, max-image-preview:large, max-video-preview:-1\" \/>\n<link rel=\"canonical\" href=\"https:\/\/www.bigliaspa.it\/de\/historie\/\" \/>\n<meta property=\"og:locale\" content=\"de_DE\" \/>\n<meta property=\"og:type\" content=\"article\" \/>\n<meta property=\"og:title\" content=\"Historie - Biglia\" \/>\n<meta property=\"og:description\" content=\"[vc_row css_animation=&#8220;&#8220; row_type=&#8220;row&#8220; use_row_as_full_screen_section=&#8220;no&#8220; type=&#8220;full_width&#8220; angled_section=&#8220;no&#8220; text_align=&#8220;left&#8220; background_image_as_pattern=&#8220;without_pattern&#8220;][vc_column][vc_row_inner row_type=&#8220;row&#8220; type=&#8220;full_width&#8220; text_align=&#8220;left&#8220; css_animation=&#8220;&#8220;][vc_column_inner][vc_single_image image=&#8220;1423&#8243; img_size=&#8220;80&#215;80&#8243; alignment=&#8220;center&#8220; qode_css_animation=&#8220;&#8220;][vc_column_text] Die Entwicklungsstufen von der Biglia Produktreihe [\/vc_column_text][\/vc_column_inner][\/vc_row_inner][vc_column_text][\/vc_column_text][\/vc_column][\/vc_row]\" \/>\n<meta property=\"og:url\" content=\"https:\/\/www.bigliaspa.it\/de\/historie\/\" \/>\n<meta property=\"og:site_name\" content=\"Biglia\" \/>\n<meta name=\"twitter:card\" content=\"summary_large_image\" \/>\n<meta name=\"twitter:label1\" content=\"Gesch\u00e4tzte Lesezeit\" \/>\n\t<meta name=\"twitter:data1\" content=\"1\u00a0Minute\" \/>\n<script type=\"application\/ld+json\" class=\"yoast-schema-graph\">{\"@context\":\"https:\/\/schema.org\",\"@graph\":[{\"@type\":\"WebPage\",\"@id\":\"https:\/\/www.bigliaspa.it\/de\/historie\/\",\"url\":\"https:\/\/www.bigliaspa.it\/de\/historie\/\",\"name\":\"Historie - Biglia\",\"isPartOf\":{\"@id\":\"https:\/\/www.bigliaspa.it\/#website\"},\"datePublished\":\"2020-06-05T07:38:19+00:00\",\"dateModified\":\"2020-06-05T07:38:19+00:00\",\"breadcrumb\":{\"@id\":\"https:\/\/www.bigliaspa.it\/de\/historie\/#breadcrumb\"},\"inLanguage\":\"de\",\"potentialAction\":[{\"@type\":\"ReadAction\",\"target\":[\"https:\/\/www.bigliaspa.it\/de\/historie\/\"]}]},{\"@type\":\"BreadcrumbList\",\"@id\":\"https:\/\/www.bigliaspa.it\/de\/historie\/#breadcrumb\",\"itemListElement\":[{\"@type\":\"ListItem\",\"position\":1,\"name\":\"Home\",\"item\":\"https:\/\/www.bigliaspa.it\/de\/\"},{\"@type\":\"ListItem\",\"position\":2,\"name\":\"Historie\"}]},{\"@type\":\"WebSite\",\"@id\":\"https:\/\/www.bigliaspa.it\/#website\",\"url\":\"https:\/\/www.bigliaspa.it\/\",\"name\":\"Biglia\",\"description\":\"The turning tech\",\"potentialAction\":[{\"@type\":\"SearchAction\",\"target\":{\"@type\":\"EntryPoint\",\"urlTemplate\":\"https:\/\/www.bigliaspa.it\/?s={search_term_string}\"},\"query-input\":\"required name=search_term_string\"}],\"inLanguage\":\"de\"}]}<\/script>\n<!-- \/ Yoast SEO plugin. -->","yoast_head_json":{"title":"Historie - Biglia","robots":{"index":"index","follow":"follow","max-snippet":"max-snippet:-1","max-image-preview":"max-image-preview:large","max-video-preview":"max-video-preview:-1"},"canonical":"https:\/\/www.bigliaspa.it\/de\/historie\/","og_locale":"de_DE","og_type":"article","og_title":"Historie - Biglia","og_description":"[vc_row css_animation=&#8220;&#8220; row_type=&#8220;row&#8220; use_row_as_full_screen_section=&#8220;no&#8220; type=&#8220;full_width&#8220; angled_section=&#8220;no&#8220; text_align=&#8220;left&#8220; background_image_as_pattern=&#8220;without_pattern&#8220;][vc_column][vc_row_inner row_type=&#8220;row&#8220; type=&#8220;full_width&#8220; text_align=&#8220;left&#8220; css_animation=&#8220;&#8220;][vc_column_inner][vc_single_image image=&#8220;1423&#8243; img_size=&#8220;80&#215;80&#8243; alignment=&#8220;center&#8220; qode_css_animation=&#8220;&#8220;][vc_column_text] Die Entwicklungsstufen von der Biglia Produktreihe [\/vc_column_text][\/vc_column_inner][\/vc_row_inner][vc_column_text][\/vc_column_text][\/vc_column][\/vc_row]","og_url":"https:\/\/www.bigliaspa.it\/de\/historie\/","og_site_name":"Biglia","twitter_card":"summary_large_image","twitter_misc":{"Gesch\u00e4tzte Lesezeit":"1\u00a0Minute"},"schema":{"@context":"https:\/\/schema.org","@graph":[{"@type":"WebPage","@id":"https:\/\/www.bigliaspa.it\/de\/historie\/","url":"https:\/\/www.bigliaspa.it\/de\/historie\/","name":"Historie - Biglia","isPartOf":{"@id":"https:\/\/www.bigliaspa.it\/#website"},"datePublished":"2020-06-05T07:38:19+00:00","dateModified":"2020-06-05T07:38:19+00:00","breadcrumb":{"@id":"https:\/\/www.bigliaspa.it\/de\/historie\/#breadcrumb"},"inLanguage":"de","potentialAction":[{"@type":"ReadAction","target":["https:\/\/www.bigliaspa.it\/de\/historie\/"]}]},{"@type":"BreadcrumbList","@id":"https:\/\/www.bigliaspa.it\/de\/historie\/#breadcrumb","itemListElement":[{"@type":"ListItem","position":1,"name":"Home","item":"https:\/\/www.bigliaspa.it\/de\/"},{"@type":"ListItem","position":2,"name":"Historie"}]},{"@type":"WebSite","@id":"https:\/\/www.bigliaspa.it\/#website","url":"https:\/\/www.bigliaspa.it\/","name":"Biglia","description":"The turning tech","potentialAction":[{"@type":"SearchAction","target":{"@type":"EntryPoint","urlTemplate":"https:\/\/www.bigliaspa.it\/?s={search_term_string}"},"query-input":"required name=search_term_string"}],"inLanguage":"de"}]}},"_links":{"self":[{"href":"https:\/\/www.bigliaspa.it\/de\/wp-json\/wp\/v2\/pages\/2798"}],"collection":[{"href":"https:\/\/www.bigliaspa.it\/de\/wp-json\/wp\/v2\/pages"}],"about":[{"href":"https:\/\/www.bigliaspa.it\/de\/wp-json\/wp\/v2\/types\/page"}],"author":[{"embeddable":true,"href":"https:\/\/www.bigliaspa.it\/de\/wp-json\/wp\/v2\/users\/6"}],"replies":[{"embeddable":true,"href":"https:\/\/www.bigliaspa.it\/de\/wp-json\/wp\/v2\/comments?post=2798"}],"version-history":[{"count":2,"href":"https:\/\/www.bigliaspa.it\/de\/wp-json\/wp\/v2\/pages\/2798\/revisions"}],"predecessor-version":[{"id":2800,"href":"https:\/\/www.bigliaspa.it\/de\/wp-json\/wp\/v2\/pages\/2798\/revisions\/2800"}],"wp:attachment":[{"href":"https:\/\/www.bigliaspa.it\/de\/wp-json\/wp\/v2\/media?parent=2798"}],"curies":[{"name":"wp","href":"https:\/\/api.w.org\/{rel}","templated":true}]}}