{"id":2796,"date":"2020-06-05T09:35:30","date_gmt":"2020-06-05T07:35:30","guid":{"rendered":"http:\/\/www.bigliaspa.it\/werte-und-mission\/"},"modified":"2020-07-29T16:19:50","modified_gmt":"2020-07-29T14:19:50","slug":"werte-und-mission","status":"publish","type":"page","link":"https:\/\/www.bigliaspa.it\/de\/werte-und-mission\/","title":{"rendered":"Werte und Mission"},"content":{"rendered":"<p>[vc_row css_animation=&#8221;&#8221; row_type=&#8221;row&#8221; use_row_as_full_screen_section=&#8221;no&#8221; type=&#8221;grid&#8221; angled_section=&#8221;no&#8221; text_align=&#8221;left&#8221; background_image_as_pattern=&#8221;without_pattern&#8221; z_index=&#8221;&#8221; css=&#8221;.vc_custom_1559209717155{padding-top: 80px !important;padding-bottom: 80px !important;background-color: #ffffff !important;}&#8221;][vc_column][vc_column_text]<\/p>\n<h2>Werte und Mission<\/h2>\n<p>[\/vc_column_text][vc_empty_space height=&#8221;27px&#8221;][vc_row_inner row_type=&#8221;row&#8221; type=&#8221;full_width&#8221; text_align=&#8221;left&#8221; css_animation=&#8221;&#8221;][vc_column_inner width=&#8221;1\/2&#8243;][vc_column_text]<\/p>\n<h3><strong>Die beste Investition ist, an die Zukunft zu glauben.<\/strong><\/h3>\n<p>&nbsp;<\/p>\n<p>Seit \u00fcber 60 Jahren bleibt unser Engagement unver\u00e4ndert: ein zuverl\u00e4ssiger Partner zu sein, die Leistungen und die Qualit\u00e4t unserer Produkte sowie unseres Service permanent zu verbessern.<\/p>\n<p>&nbsp;<\/p>\n<p>Wir h\u00f6ren unseren Kunden zu, um benutzerfreundliche Produkte zu entwickeln, die den Anforderungen eines sich st\u00e4ndig weiterentwickelnden Marktes entsprechen.[\/vc_column_text][vc_empty_space height=&#8221;30px&#8221;][\/vc_column_inner][vc_column_inner width=&#8221;1\/2&#8243;][vc_column_text]<\/p>\n<h3>Unser zus\u00e4tzliches Plus<\/h3>\n<p>&nbsp;<\/p>\n<p>Unser Angebot basiert sich auf die h\u00f6chster Produktivit\u00e4t, Genauigkeit, Zuverl\u00e4ssigkeit, eine einfache Benutzung der Maschinen und einen exzellenten Service, damit die Kunden immer begeistert sind.<\/p>\n<p>&nbsp;<\/p>\n<h5><a href=\"https:\/\/www.bigliaspa.it\/de\/kontakt\/\">Lass es uns gemeinsam glauben: nehmen Sie Kontakt zu uns auf!<\/a><\/h5>\n<p>[\/vc_column_text][\/vc_column_inner][\/vc_row_inner][\/vc_column][\/vc_row][vc_row css_animation=&#8221;&#8221; row_type=&#8221;row&#8221; use_row_as_full_screen_section=&#8221;no&#8221; type=&#8221;full_width&#8221; angled_section=&#8221;no&#8221; text_align=&#8221;left&#8221; background_image_as_pattern=&#8221;without_pattern&#8221; css=&#8221;.vc_custom_1572442371630{background-color: #21ab64 !important;background-position: center !important;background-repeat: no-repeat !important;background-size: cover !important;}&#8221; z_index=&#8221;&#8221;][vc_column width=&#8221;1\/3&#8243; css=&#8221;.vc_custom_1572442488553{padding-top: 314px !important;background-image: url(http:\/\/www.bigliaspa.it\/wp-content\/uploads\/2019\/10\/lavorazione-basamento.jpg?id=787) !important;background-position: center !important;background-repeat: no-repeat !important;background-size: cover !important;}&#8221;][\/vc_column][vc_column width=&#8221;1\/3&#8243; css=&#8221;.vc_custom_1572442483266{padding-top: 314px !important;background-image: url(http:\/\/www.bigliaspa.it\/wp-content\/uploads\/2019\/10\/macchinario-biglia.jpg?id=790) !important;background-position: center !important;background-repeat: no-repeat !important;background-size: cover !important;}&#8221;][\/vc_column][vc_column width=&#8221;1\/3&#8243; css=&#8221;.vc_custom_1572442319616{padding-top: 85px !important;padding-right: 60px !important;padding-bottom: 85px !important;padding-left: 60px !important;background-color: #21ab64 !important;background-position: center !important;background-repeat: no-repeat !important;background-size: cover !important;}&#8221;][vc_column_text]<\/p>\n<h5><span style=\"color: #ffffff;\">&#8220;Seit langer Zeit entwickelt und bietet Biglia eine breite Produktpalette von multifunktionalen, Multi-Revolver und 4.0-Ready CNC-Drehzentren, die alle Kundenanforderungen erf\u00fcllen k\u00f6nnen.&#8221;<\/span><\/h5>\n<h4><\/h4>\n<h4 style=\"text-align: right;\"><strong><span style=\"color: #102e50;\"><em>Mauro Biglia<\/em><\/span><\/strong><\/h4>\n<p>[\/vc_column_text][\/vc_column][\/vc_row][vc_row css_animation=&#8221;&#8221; row_type=&#8221;row&#8221; use_row_as_full_screen_section=&#8221;no&#8221; type=&#8221;grid&#8221; angled_section=&#8221;no&#8221; text_align=&#8221;left&#8221; background_image_as_pattern=&#8221;without_pattern&#8221; css=&#8221;.vc_custom_1572428760477{padding-top: 75px !important;padding-bottom: 75px !important;background-image: url(http:\/\/www.bigliaspa.it\/wp-content\/uploads\/2017\/11\/Annual-H-Parallax.jpg?id=284) !important;background-position: center !important;background-repeat: no-repeat !important;background-size: cover !important;}&#8221; z_index=&#8221;&#8221;][vc_column][vc_row_inner row_type=&#8221;row&#8221; type=&#8221;full_width&#8221; text_align=&#8221;left&#8221; css_animation=&#8221;&#8221;][vc_column_inner width=&#8221;4\/6&#8243;][vc_column_text]<\/p>\n<h2>Mehr Informationsbedarf an Biglia CNC-Drehmaschinen und -Drehzentren?<\/h2>\n<p>[\/vc_column_text][\/vc_column_inner][vc_column_inner width=&#8221;2\/6&#8243; css=&#8221;.vc_custom_1572429106665{padding-top: 10px !important;}&#8221;]\n\n\t<a href=\"https:\/\/www.bigliaspa.it\/de\/kontakt\/\" target=\"_self\" style=\"color: #ffffff;background-color: #21ab64\" class=\"qode-btn qode-btn-medium qode-btn-solid qode-btn-custom-hover-bg qode-btn-custom-hover-color qode-btn-icon qode-btn-icon-square qode-btn-icon-rotate\" data-hover-bg-color=\"#21ab64\" data-hover-color=\"#ffffff\" >\n\t    <span class=\"qode-btn-text\">Kontakt<\/span><span class=\"qode-button-v2-icon-holder\" style=\"font-size: 20px;border-color: #3cc880;background-color: #3cc880\" data-hover-icon-border-color=\"#3cc880\"><span aria-hidden=\"true\" class=\"qode_icon_font_elegant icon_mail qode-button-v2-icon-holder-inner\" ><\/span><\/span>\t<\/a>\n\n[\/vc_column_inner][\/vc_row_inner][vc_empty_space height=&#8221;40px&#8221;][\/vc_column][\/vc_row]<\/p>\n","protected":false},"excerpt":{"rendered":"<p>[vc_row css_animation=&#8221;&#8221; row_type=&#8221;row&#8221; use_row_as_full_screen_section=&#8221;no&#8221; type=&#8221;grid&#8221; angled_section=&#8221;no&#8221; text_align=&#8221;left&#8221; background_image_as_pattern=&#8221;without_pattern&#8221; z_index=&#8221;&#8221; css=&#8221;.vc_custom_1559209717155{padding-top: 80px !important;padding-bottom: 80px !important;background-color: #ffffff !important;}&#8221;][vc_column][vc_column_text] Werte und Mission [\/vc_column_text][vc_empty_space height=&#8221;27px&#8221;][vc_row_inner row_type=&#8221;row&#8221; type=&#8221;full_width&#8221; text_align=&#8221;left&#8221; css_animation=&#8221;&#8221;][vc_column_inner width=&#8221;1\/2&#8243;][vc_column_text] Die beste Investition ist, an die Zukunft zu glauben. &nbsp; Seit \u00fcber 60 Jahren bleibt unser Engagement unver\u00e4ndert: ein&#8230;<\/p>\n","protected":false},"author":6,"featured_media":0,"parent":0,"menu_order":0,"comment_status":"closed","ping_status":"closed","template":"full_width.php","meta":[],"yoast_head":"<!-- This site is optimized with the Yoast SEO plugin v21.8.1 - https:\/\/yoast.com\/wordpress\/plugins\/seo\/ -->\n<title>Werte und Mission - Biglia<\/title>\n<meta name=\"robots\" content=\"index, follow, max-snippet:-1, max-image-preview:large, max-video-preview:-1\" \/>\n<link rel=\"canonical\" href=\"https:\/\/www.bigliaspa.it\/de\/werte-und-mission\/\" \/>\n<meta property=\"og:locale\" content=\"de_DE\" \/>\n<meta property=\"og:type\" content=\"article\" \/>\n<meta property=\"og:title\" content=\"Werte und Mission - Biglia\" \/>\n<meta property=\"og:description\" content=\"[vc_row css_animation=&#8221;&#8221; row_type=&#8221;row&#8221; use_row_as_full_screen_section=&#8221;no&#8221; type=&#8221;grid&#8221; angled_section=&#8221;no&#8221; text_align=&#8221;left&#8221; background_image_as_pattern=&#8221;without_pattern&#8221; z_index=&#8221;&#8221; css=&#8221;.vc_custom_1559209717155{padding-top: 80px !important;padding-bottom: 80px !important;background-color: #ffffff !important;}&#8221;][vc_column][vc_column_text] Werte und Mission [\/vc_column_text][vc_empty_space height=&#8221;27px&#8221;][vc_row_inner row_type=&#8221;row&#8221; type=&#8221;full_width&#8221; text_align=&#8221;left&#8221; css_animation=&#8221;&#8221;][vc_column_inner width=&#8221;1\/2&#8243;][vc_column_text] Die beste Investition ist, an die Zukunft zu glauben. &nbsp; Seit \u00fcber 60 Jahren bleibt unser Engagement unver\u00e4ndert: ein...\" \/>\n<meta property=\"og:url\" content=\"https:\/\/www.bigliaspa.it\/de\/werte-und-mission\/\" \/>\n<meta property=\"og:site_name\" content=\"Biglia\" \/>\n<meta property=\"article:modified_time\" content=\"2020-07-29T14:19:50+00:00\" \/>\n<meta name=\"twitter:card\" content=\"summary_large_image\" \/>\n<meta name=\"twitter:label1\" content=\"Gesch\u00e4tzte Lesezeit\" \/>\n\t<meta name=\"twitter:data1\" content=\"3\u00a0Minuten\" \/>\n<script type=\"application\/ld+json\" class=\"yoast-schema-graph\">{\"@context\":\"https:\/\/schema.org\",\"@graph\":[{\"@type\":\"WebPage\",\"@id\":\"https:\/\/www.bigliaspa.it\/de\/werte-und-mission\/\",\"url\":\"https:\/\/www.bigliaspa.it\/de\/werte-und-mission\/\",\"name\":\"Werte und Mission - Biglia\",\"isPartOf\":{\"@id\":\"https:\/\/www.bigliaspa.it\/#website\"},\"datePublished\":\"2020-06-05T07:35:30+00:00\",\"dateModified\":\"2020-07-29T14:19:50+00:00\",\"breadcrumb\":{\"@id\":\"https:\/\/www.bigliaspa.it\/de\/werte-und-mission\/#breadcrumb\"},\"inLanguage\":\"de\",\"potentialAction\":[{\"@type\":\"ReadAction\",\"target\":[\"https:\/\/www.bigliaspa.it\/de\/werte-und-mission\/\"]}]},{\"@type\":\"BreadcrumbList\",\"@id\":\"https:\/\/www.bigliaspa.it\/de\/werte-und-mission\/#breadcrumb\",\"itemListElement\":[{\"@type\":\"ListItem\",\"position\":1,\"name\":\"Home\",\"item\":\"https:\/\/www.bigliaspa.it\/de\/\"},{\"@type\":\"ListItem\",\"position\":2,\"name\":\"Werte und Mission\"}]},{\"@type\":\"WebSite\",\"@id\":\"https:\/\/www.bigliaspa.it\/#website\",\"url\":\"https:\/\/www.bigliaspa.it\/\",\"name\":\"Biglia\",\"description\":\"The turning tech\",\"potentialAction\":[{\"@type\":\"SearchAction\",\"target\":{\"@type\":\"EntryPoint\",\"urlTemplate\":\"https:\/\/www.bigliaspa.it\/?s={search_term_string}\"},\"query-input\":\"required name=search_term_string\"}],\"inLanguage\":\"de\"}]}<\/script>\n<!-- \/ Yoast SEO plugin. -->","yoast_head_json":{"title":"Werte und Mission - Biglia","robots":{"index":"index","follow":"follow","max-snippet":"max-snippet:-1","max-image-preview":"max-image-preview:large","max-video-preview":"max-video-preview:-1"},"canonical":"https:\/\/www.bigliaspa.it\/de\/werte-und-mission\/","og_locale":"de_DE","og_type":"article","og_title":"Werte und Mission - Biglia","og_description":"[vc_row css_animation=&#8221;&#8221; row_type=&#8221;row&#8221; use_row_as_full_screen_section=&#8221;no&#8221; type=&#8221;grid&#8221; angled_section=&#8221;no&#8221; text_align=&#8221;left&#8221; background_image_as_pattern=&#8221;without_pattern&#8221; z_index=&#8221;&#8221; css=&#8221;.vc_custom_1559209717155{padding-top: 80px !important;padding-bottom: 80px !important;background-color: #ffffff !important;}&#8221;][vc_column][vc_column_text] Werte und Mission [\/vc_column_text][vc_empty_space height=&#8221;27px&#8221;][vc_row_inner row_type=&#8221;row&#8221; type=&#8221;full_width&#8221; text_align=&#8221;left&#8221; css_animation=&#8221;&#8221;][vc_column_inner width=&#8221;1\/2&#8243;][vc_column_text] Die beste Investition ist, an die Zukunft zu glauben. &nbsp; Seit \u00fcber 60 Jahren bleibt unser Engagement unver\u00e4ndert: ein...","og_url":"https:\/\/www.bigliaspa.it\/de\/werte-und-mission\/","og_site_name":"Biglia","article_modified_time":"2020-07-29T14:19:50+00:00","twitter_card":"summary_large_image","twitter_misc":{"Gesch\u00e4tzte Lesezeit":"3\u00a0Minuten"},"schema":{"@context":"https:\/\/schema.org","@graph":[{"@type":"WebPage","@id":"https:\/\/www.bigliaspa.it\/de\/werte-und-mission\/","url":"https:\/\/www.bigliaspa.it\/de\/werte-und-mission\/","name":"Werte und Mission - Biglia","isPartOf":{"@id":"https:\/\/www.bigliaspa.it\/#website"},"datePublished":"2020-06-05T07:35:30+00:00","dateModified":"2020-07-29T14:19:50+00:00","breadcrumb":{"@id":"https:\/\/www.bigliaspa.it\/de\/werte-und-mission\/#breadcrumb"},"inLanguage":"de","potentialAction":[{"@type":"ReadAction","target":["https:\/\/www.bigliaspa.it\/de\/werte-und-mission\/"]}]},{"@type":"BreadcrumbList","@id":"https:\/\/www.bigliaspa.it\/de\/werte-und-mission\/#breadcrumb","itemListElement":[{"@type":"ListItem","position":1,"name":"Home","item":"https:\/\/www.bigliaspa.it\/de\/"},{"@type":"ListItem","position":2,"name":"Werte und Mission"}]},{"@type":"WebSite","@id":"https:\/\/www.bigliaspa.it\/#website","url":"https:\/\/www.bigliaspa.it\/","name":"Biglia","description":"The turning tech","potentialAction":[{"@type":"SearchAction","target":{"@type":"EntryPoint","urlTemplate":"https:\/\/www.bigliaspa.it\/?s={search_term_string}"},"query-input":"required name=search_term_string"}],"inLanguage":"de"}]}},"_links":{"self":[{"href":"https:\/\/www.bigliaspa.it\/de\/wp-json\/wp\/v2\/pages\/2796"}],"collection":[{"href":"https:\/\/www.bigliaspa.it\/de\/wp-json\/wp\/v2\/pages"}],"about":[{"href":"https:\/\/www.bigliaspa.it\/de\/wp-json\/wp\/v2\/types\/page"}],"author":[{"embeddable":true,"href":"https:\/\/www.bigliaspa.it\/de\/wp-json\/wp\/v2\/users\/6"}],"replies":[{"embeddable":true,"href":"https:\/\/www.bigliaspa.it\/de\/wp-json\/wp\/v2\/comments?post=2796"}],"version-history":[{"count":3,"href":"https:\/\/www.bigliaspa.it\/de\/wp-json\/wp\/v2\/pages\/2796\/revisions"}],"predecessor-version":[{"id":3265,"href":"https:\/\/www.bigliaspa.it\/de\/wp-json\/wp\/v2\/pages\/2796\/revisions\/3265"}],"wp:attachment":[{"href":"https:\/\/www.bigliaspa.it\/de\/wp-json\/wp\/v2\/media?parent=2796"}],"curies":[{"name":"wp","href":"https:\/\/api.w.org\/{rel}","templated":true}]}}